{"id":110447,"date":"2022-10-12T13:47:21","date_gmt":"2022-10-12T11:47:21","guid":{"rendered":"http:\/\/dev.claret.cat\/producte\/asi-estan-las-cosas\/"},"modified":"2023-01-28T14:24:07","modified_gmt":"2023-01-28T13:24:07","slug":"asi-estan-las-cosas-9788417805777","status":"publish","type":"product","link":"https:\/\/www.claret.cat\/es\/libro\/asi-estan-las-cosas-9788417805777\/","title":{"rendered":"AS\u00cd EST\u00c1N LAS COSAS"},"content":{"rendered":"<p>La esperada continuaci\u00f3n de \u2026 Y ah\u00ed lo dejo. Cr\u00f3nica de un proceso.\u00bfQu\u00e9 ha sucedido durante 2019 y principios de 2020 y c\u00f3mo afrontan su futuro legal los pol\u00edticos catalanes exiliados?Gonzalo Boy\u00e9 es el cerebro jur\u00eddico que ha llevado el caso de los pol\u00edticos catalanes que se exiliaron cuando se supo que la juez Lamela iba a encausar e inmediatamente encarcelar a todos los que ella consideraba responsables de los supuestos delitos de sedici\u00f3n y rebeli\u00f3n tras el resultado del refer\u00e9ndum ilegal celebrado en Catalunya el 1 de octubre de 2017.En 2019 Boye ha generado nuevos escenarios, otros procedimientos siguiendo los objetivos marcados, porque el exilio no fue una escapatoria sino una estrategia pol\u00edtica.Una historia apasionante que se lee como un thriller legal.Solo que todos sus protagonistas son personas reales.En palabras del autor:Un puzzle no se comprende hasta que no se ve su foto o est\u00e1 acabado de montar; sin embargo, quienes lo hemos dise\u00f1ado no necesitamos la foto para saber d\u00f3nde encaja cada pieza y, por eso y llegados a este punto, resultaba necesario explicar la complejidad del escenario para dejar en claro que as\u00ed est\u00e1n las cosas.Sobre &#8230;Y ah\u00ed lo dejo. Cr\u00f3nica de un proceso:\u00abLa cro\u00b4nica de los apasionantes meses del exilio de Carlos Puigdemont vistos desde el prisma de su abogado en Be\u00b4lgica.\u00bb Jordi Bast\u00e9, La Vanguardia\u00abQuan el comenceu a llegir, no el podreu deixar. \u00c9s un llibre trepidant.\u00bb Helena Garcia Melero, Tot es mou\u00abUn llibre molt \u00e0gil, m\u00e9s propi d&#8221;un novel\u00b7lista que d&#8221;un advocat, que servir\u00e0 per entendre un dels moments m\u00e9s importants de la nostra hist\u00f2ria.\u00bb Jaume Asens\u00ab\u00c9s un llibre de la microhist\u00f2ria jur\u00eddica d&#8221;aquest Proc\u00e9s, no dels titulars, sin\u00f3 de com s&#8221;ha anat construint aquesta defensa. \u00c9s un llibre apassionant, rigor\u00f3s i diria que necessari.\u00bb Gemma Calvet\u00abUn relat trepidant, intens, proper al gui\u00f3 cinematogr\u00e0fic, amb els silencis obligats per la batalla que encara est\u00e0 en marxa.\u00bb La Rep\u00fablica\u00abL&#8221;advocat de Carles Puigdemont explica les interioritats d&#8221;aquest proc\u00e9s i tots els detalls de la marxa improvisada d&#8221;una part del govern leg\u00edtim.\u00bb Vilaweb\u00abEl relato en primera persona de un a\u00f1o dedicado a la defensa de Puigdemont en el extranjero.\u00bb Jaume Pi, La Vanguardia\u00ab\u00c9s apassionant veure com treballen i com es coordinen a nivell internacional.\u00bb M\u00f2nica Terribas\u00abEl proc\u00e9s d&#8221;internacionalitzaci\u00f3 judicial de la causa catalana.\u00bb Andreu Barnils, Vilaweb\u00abLa intrahisto`ria d&#8221;uns dies decisius i que ja formen part, malauradament, de la histo`ria contempora`nia de Catalunya.\u00bb Regi\u00f3 7\u00abLas peripecias de la defensa del ex president y los consejeros en el extranjero. Un libro apasionante.\u00bb Boulevard, eitb\u00abCom era d&#8221;esperar, ha estat un e`xit editorial.\u00bb El Triangle<\/p>\n","protected":false},"excerpt":{"rendered":"<p>BOYE, GONZALO<\/p>\n","protected":false},"featured_media":110448,"template":"","meta":{"_acf_changed":false,"om_disable_all_campaigns":false,"rs_blank_template":"","rs_page_bg_color":"","slide_template_v7":"","inline_featured_image":false,"_monsterinsights_skip_tracking":false,"_monsterinsights_sitenote_active":false,"_monsterinsights_sitenote_note":"","_monsterinsights_sitenote_category":0},"product_brand":[],"product_cat":[16],"product_tag":[],"class_list":{"0":"post-110447","1":"product","2":"type-product","3":"status-publish","4":"has-post-thumbnail","6":"product_cat-sense-categoria","8":"first","9":"instock","10":"taxable","11":"shipping-taxable","12":"purchasable","13":"product-type-simple"},"acf":{"autor":"BOYE, GONZALO","codart":"841780577","libros-coleccion":"NO FICCION","ediciones":"1","encuadernacion":"R\u00fastica","fecha_de_publicacion":"01\/06\/2020","novedad":"1","paginas":"288","subtitulo":"","orden":"0","portada":"0","idioma":"spa","editorial":[{"ID":148755,"post_author":"3","post_date":"2022-10-14 12:00:44","post_date_gmt":"2022-10-14 10:00:44","post_content":"","post_title":"Roca Editorial","post_excerpt":"","post_status":"publish","comment_status":"closed","ping_status":"closed","post_password":"","post_name":"roca-editorial","to_ping":"","pinged":"","post_modified":"2022-10-14 12:00:44","post_modified_gmt":"2022-10-14 10:00:44","post_content_filtered":"","post_parent":0,"guid":"http:\/\/dev.claret.cat\/editorial\/roca-editorial\/","menu_order":0,"post_type":"editorial","post_mime_type":"","comment_count":"0","filter":"raw"}],"autores-libros":[{"ID":157039,"post_author":"3","post_date":"2022-10-14 15:25:38","post_date_gmt":"2022-10-14 13:25:38","post_content":"","post_title":"GONZALO BOYE","post_excerpt":"","post_status":"publish","comment_status":"closed","ping_status":"closed","post_password":"","post_name":"gonzalo-boye","to_ping":"","pinged":"","post_modified":"2022-10-14 15:25:38","post_modified_gmt":"2022-10-14 13:25:38","post_content_filtered":"","post_parent":0,"guid":"http:\/\/dev.claret.cat\/autor\/gonzalo-boye\/","menu_order":0,"post_type":"autor","post_mime_type":"","comment_count":"0","filter":"raw"}]},"aioseo_notices":[],"_links":{"self":[{"href":"https:\/\/www.claret.cat\/es\/wp-json\/wp\/v2\/product\/110447","targetHints":{"allow":["GET"]}}],"collection":[{"href":"https:\/\/www.claret.cat\/es\/wp-json\/wp\/v2\/product"}],"about":[{"href":"https:\/\/www.claret.cat\/es\/wp-json\/wp\/v2\/types\/product"}],"wp:featuredmedia":[{"embeddable":true,"href":"https:\/\/www.claret.cat\/es\/wp-json\/wp\/v2\/media\/110448"}],"wp:attachment":[{"href":"https:\/\/www.claret.cat\/es\/wp-json\/wp\/v2\/media?parent=110447"}],"wp:term":[{"taxonomy":"product_brand","embeddable":true,"href":"https:\/\/www.claret.cat\/es\/wp-json\/wp\/v2\/product_brand?post=110447"},{"taxonomy":"product_cat","embeddable":true,"href":"https:\/\/www.claret.cat\/es\/wp-json\/wp\/v2\/product_cat?post=110447"},{"taxonomy":"product_tag","embeddable":true,"href":"https:\/\/www.claret.cat\/es\/wp-json\/wp\/v2\/product_tag?post=110447"}],"curies":[{"name":"wp","href":"https:\/\/api.w.org\/{rel}","templated":true}]}}