{"id":110459,"date":"2022-10-12T13:47:32","date_gmt":"2022-10-12T11:47:32","guid":{"rendered":"http:\/\/dev.claret.cat\/producte\/la-cabra-zlateh-i-altres-contes\/"},"modified":"2025-05-23T12:20:16","modified_gmt":"2025-05-23T10:20:16","slug":"la-cabra-zlateh-i-altres-contes-9788484644477","status":"publish","type":"product","link":"https:\/\/www.claret.cat\/es\/libro\/la-cabra-zlateh-i-altres-contes-9788484644477\/","title":{"rendered":"LA CABRA ZLATEH I ALTRES CONTES"},"content":{"rendered":"<p> Per a en Reuven, el pellisser, havia sigut un mal any,<br \/> i, despr\u00e9s d&#8221;haver-hi donat moltes voltes, va decidir vendre&#8221;s<br \/> la Zlateh, la cabra de casa, que era vella i feia poca llet.<br \/> En Feyvel, el carnisser de la vila, n&#8221;hi havia ofert vuit florins.<br \/> Amb aquesta quantitat es podien comprar les espelmes<br \/> de la Hanuk\u00e0, les patates i l&#8221;oli per fer les coques fregides,<br \/> els regals per a la canalla i altres articles casolans per a la festivitat.<br \/> Escrit el 1966 i tradu\u00eft des del Jiddisch pel mateix autor<br \/> i Elizabeth Shub, La cabra Zlateh i altres contes va ser el primer llibre infantil d&#8221;Isaac Bashevis Singer. Amb nombrosos premis<br \/> i mundialment tradu\u00efda, es tracta d&#8221;una obra recuperada<br \/> amb la magistral traducci\u00f3 de Xavier P\u00e0mies. Reuneix set relats tradicionals jueus que transcorren en un poble de bene\u00efts.<br \/> Els bene\u00efts m\u00e9s famosos s\u00f3n els set patriarques que protagonitzen La neu de Chelm, tamb\u00e9 narra rocambolescos casaments<br \/> a L&#8221;embolic de peus i el nuvi tanoca, la incre\u00efble hist\u00f2ria d&#8221;un jove<br \/> que pensava que era mort a El parad\u00eds il\u00b7lusori i la valentia<br \/> d&#8221;un nen per enfrontar-se a Les males arts del diable.<br \/> Sobre un demon\u00edac hoste tracta El conte de l&#8221;\u00e0via i El primer negat de tots presenta a un marit dropo i golafre, per concloure amb l&#8221;heroisme de La cabra Zlateh.<\/p>\n","protected":false},"excerpt":{"rendered":"<p>SINGER, ISAAC BASHEVIS<\/p>\n","protected":false},"featured_media":1023316,"template":"","meta":{"_acf_changed":false,"om_disable_all_campaigns":false,"rs_blank_template":"","rs_page_bg_color":"","slide_template_v7":"","inline_featured_image":false,"_monsterinsights_skip_tracking":false,"_monsterinsights_sitenote_active":false,"_monsterinsights_sitenote_note":"","_monsterinsights_sitenote_category":0},"product_brand":[],"product_cat":[90,540],"product_tag":[],"class_list":{"0":"post-110459","1":"product","2":"type-product","3":"status-publish","4":"has-post-thumbnail","6":"product_cat-altres","7":"product_cat-otros","9":"first","10":"outofstock","11":"taxable","12":"shipping-taxable","13":"purchasable","14":"product-type-simple"},"acf":{"autor":"SINGER, ISAAC BASHEVIS","codart":"848464447","libros-coleccion":"Cl\u00e0ssics contemporanis","ediciones":"1","encuadernacion":"Carton\u00e9","fecha_de_publicacion":"01\/07\/2019","novedad":"1","paginas":"104","subtitulo":"","orden":"0","portada":"0","idioma":"cat","editorial":[{"ID":148329,"post_author":"3","post_date":"2022-10-14 11:57:24","post_date_gmt":"2022-10-14 09:57:24","post_content":"","post_title":"Kalandraka Editora","post_excerpt":"","post_status":"publish","comment_status":"closed","ping_status":"closed","post_password":"","post_name":"kalandraka-editora","to_ping":"","pinged":"","post_modified":"2022-10-14 11:57:24","post_modified_gmt":"2022-10-14 09:57:24","post_content_filtered":"","post_parent":0,"guid":"http:\/\/dev.claret.cat\/editorial\/kalandraka-editora\/","menu_order":0,"post_type":"editorial","post_mime_type":"","comment_count":"0","filter":"raw"}],"autores-libros":[{"ID":158033,"post_author":"3","post_date":"2022-10-14 15:33:37","post_date_gmt":"2022-10-14 13:33:37","post_content":"","post_title":"ISAAC BASHEVIS SINGER","post_excerpt":"","post_status":"publish","comment_status":"closed","ping_status":"closed","post_password":"","post_name":"isaac-bashevis-singer-2","to_ping":"","pinged":"","post_modified":"2022-10-14 15:33:37","post_modified_gmt":"2022-10-14 13:33:37","post_content_filtered":"","post_parent":0,"guid":"http:\/\/dev.claret.cat\/autor\/isaac-bashevis-singer-2\/","menu_order":0,"post_type":"autor","post_mime_type":"","comment_count":"0","filter":"raw"}],"booktrailer":"","resenas":""},"aioseo_notices":[],"_links":{"self":[{"href":"https:\/\/www.claret.cat\/es\/wp-json\/wp\/v2\/product\/110459","targetHints":{"allow":["GET"]}}],"collection":[{"href":"https:\/\/www.claret.cat\/es\/wp-json\/wp\/v2\/product"}],"about":[{"href":"https:\/\/www.claret.cat\/es\/wp-json\/wp\/v2\/types\/product"}],"wp:featuredmedia":[{"embeddable":true,"href":"https:\/\/www.claret.cat\/es\/wp-json\/wp\/v2\/media\/1023316"}],"wp:attachment":[{"href":"https:\/\/www.claret.cat\/es\/wp-json\/wp\/v2\/media?parent=110459"}],"wp:term":[{"taxonomy":"product_brand","embeddable":true,"href":"https:\/\/www.claret.cat\/es\/wp-json\/wp\/v2\/product_brand?post=110459"},{"taxonomy":"product_cat","embeddable":true,"href":"https:\/\/www.claret.cat\/es\/wp-json\/wp\/v2\/product_cat?post=110459"},{"taxonomy":"product_tag","embeddable":true,"href":"https:\/\/www.claret.cat\/es\/wp-json\/wp\/v2\/product_tag?post=110459"}],"curies":[{"name":"wp","href":"https:\/\/api.w.org\/{rel}","templated":true}]}}