{"id":110585,"date":"2022-10-12T13:49:22","date_gmt":"2022-10-12T11:49:22","guid":{"rendered":"http:\/\/dev.claret.cat\/producte\/green-town-1-el-vino-del-estio\/"},"modified":"2025-07-03T13:25:38","modified_gmt":"2025-07-03T11:25:38","slug":"green-town-1-el-vino-del-estio-9788445007464","status":"publish","type":"product","link":"https:\/\/www.claret.cat\/es\/libro\/green-town-1-el-vino-del-estio-9788445007464\/","title":{"rendered":"GREEN TOWN 1: EL VINO DEL EST\u00cdO"},"content":{"rendered":"<p>En tres prodigiosos meses de 1928, Douglas Spaulding observa, escucha y saborea las sorpresas rituales de un verano especial: el descubrimiento de la vida y la muerte, el \u00faltimo tranv\u00eda, la aparici\u00f3n de las hamacas en los porches, la cosecha del vino del est\u00edo&#8230; pero su verano tambi\u00e9n est\u00e1 lleno de m\u00e1quinas extraordinarias y magia misteriosa. . Miniserie de dos entregas, que se publicar\u00e1n simult\u00e1neamente en mayo.<\/p>\n<p> \u00abNing\u00fan otro escritor desde Mark Twain ha descrito la vitalidad y la inocencia de una peque\u00f1a ciudad americana con tan fina y madura percepci\u00f3n.\u00bb \u2014Saturday Review.<\/p>\n","protected":false},"excerpt":{"rendered":"<p>BRADBURY, RAY<\/p>\n","protected":false},"featured_media":1038361,"template":"","meta":{"_acf_changed":false,"om_disable_all_campaigns":false,"rs_blank_template":"","rs_page_bg_color":"","slide_template_v7":"","inline_featured_image":false,"_monsterinsights_skip_tracking":false,"_monsterinsights_sitenote_active":false,"_monsterinsights_sitenote_note":"","_monsterinsights_sitenote_category":0},"product_brand":[],"product_cat":[127,357],"product_tag":[],"class_list":{"0":"post-110585","1":"product","2":"type-product","3":"status-publish","4":"has-post-thumbnail","6":"product_cat-novella-contemporania","7":"product_cat-novela-contemporanea","9":"first","10":"outofstock","11":"taxable","12":"shipping-taxable","13":"purchasable","14":"product-type-simple"},"acf":{"editorial":[{"ID":6308,"post_author":"3","post_date":"2022-07-28 17:49:24","post_date_gmt":"2022-07-28 15:49:24","post_content":"","post_title":"Minotauro","post_excerpt":"","post_status":"publish","comment_status":"closed","ping_status":"closed","post_password":"","post_name":"minotauro","to_ping":"","pinged":"","post_modified":"2022-07-28 17:49:24","post_modified_gmt":"2022-07-28 15:49:24","post_content_filtered":"","post_parent":0,"guid":"http:\/\/dev.claret.cat\/editorial\/minotauro\/","menu_order":0,"post_type":"editorial","post_mime_type":"","comment_count":"0","filter":"raw"}],"autor":"BRADBURY, RAY","codart":"844500746","libros-coleccion":"Bibliotecas de Autor","ediciones":"1","encuadernacion":"R\u00fastica","fecha_de_publicacion":"01\/06\/2020","novedad":"0","paginas":"316","subtitulo":"","orden":"0","portada":"0","idioma":"spa","autores-libros":[{"ID":167870,"post_author":"3","post_date":"2022-10-14 18:14:40","post_date_gmt":"2022-10-14 16:14:40","post_content":"","post_title":"RAY BRADBURY","post_excerpt":"","post_status":"publish","comment_status":"closed","ping_status":"closed","post_password":"","post_name":"ray-bradbury","to_ping":"","pinged":"","post_modified":"2022-10-14 18:14:40","post_modified_gmt":"2022-10-14 16:14:40","post_content_filtered":"","post_parent":0,"guid":"http:\/\/dev.claret.cat\/autor\/ray-bradbury\/","menu_order":0,"post_type":"autor","post_mime_type":"","comment_count":"0","filter":"raw"}],"booktrailer":"","resenas":""},"aioseo_notices":[],"_links":{"self":[{"href":"https:\/\/www.claret.cat\/es\/wp-json\/wp\/v2\/product\/110585","targetHints":{"allow":["GET"]}}],"collection":[{"href":"https:\/\/www.claret.cat\/es\/wp-json\/wp\/v2\/product"}],"about":[{"href":"https:\/\/www.claret.cat\/es\/wp-json\/wp\/v2\/types\/product"}],"wp:featuredmedia":[{"embeddable":true,"href":"https:\/\/www.claret.cat\/es\/wp-json\/wp\/v2\/media\/1038361"}],"wp:attachment":[{"href":"https:\/\/www.claret.cat\/es\/wp-json\/wp\/v2\/media?parent=110585"}],"wp:term":[{"taxonomy":"product_brand","embeddable":true,"href":"https:\/\/www.claret.cat\/es\/wp-json\/wp\/v2\/product_brand?post=110585"},{"taxonomy":"product_cat","embeddable":true,"href":"https:\/\/www.claret.cat\/es\/wp-json\/wp\/v2\/product_cat?post=110585"},{"taxonomy":"product_tag","embeddable":true,"href":"https:\/\/www.claret.cat\/es\/wp-json\/wp\/v2\/product_tag?post=110585"}],"curies":[{"name":"wp","href":"https:\/\/api.w.org\/{rel}","templated":true}]}}