{"id":110600,"date":"2022-10-12T13:49:36","date_gmt":"2022-10-12T11:49:36","guid":{"rendered":"http:\/\/dev.claret.cat\/producte\/mikeltube-1-mikeltube-y-la-brujula-del-destino\/"},"modified":"2023-01-28T11:41:54","modified_gmt":"2023-01-28T10:41:54","slug":"mikeltube-1-mikeltube-y-la-brujula-del-destino-9788408229599","status":"publish","type":"product","link":"https:\/\/www.claret.cat\/es\/libro\/mikeltube-1-mikeltube-y-la-brujula-del-destino-9788408229599\/","title":{"rendered":"MIKELTUBE 1. MIKELTUBE Y LA BR\u00daJULA DEL DESTINO"},"content":{"rendered":"<p>Es el \u00faltimo d\u00eda de cole antes de las vacaciones de verano. Mikel y Leo cuentan las horas para que acaben las clases, \u00a1pero lo que no saben es que est\u00e1n a punto de enfrentarse a una de las mayores aventuras de su vida! Junto con su familia, su gatito Bills y el profesor NoVe emprender\u00e1n un viaje interdimensional para enfrentarse a la malvada bruja Gunilda, \u00a1la Tenebrosa Emperatriz de Marte! \u00bfPodr\u00e1n recuperar la Br\u00fajula del Destino antes de que sea demasiado tarde? Solo hay una forma de saberlo\u2026<br \/>\u00a1\u00bfEst\u00e1is listos?! Pues\u2026<br \/>\u00a1VAMOS ALL\u00c1!<\/p>\n","protected":false},"excerpt":{"rendered":"<p>MIKELTUBE<\/p>\n","protected":false},"featured_media":274559,"template":"","meta":{"_acf_changed":false,"om_disable_all_campaigns":false,"rs_blank_template":"","rs_page_bg_color":"","slide_template_v7":"","inline_featured_image":false,"_monsterinsights_skip_tracking":false,"_monsterinsights_sitenote_active":false,"_monsterinsights_sitenote_note":"","_monsterinsights_sitenote_category":0},"product_brand":[],"product_cat":[90,540],"product_tag":[],"class_list":{"0":"post-110600","1":"product","2":"type-product","3":"status-publish","4":"has-post-thumbnail","6":"product_cat-altres","7":"product_cat-otros","9":"first","10":"instock","11":"taxable","12":"shipping-taxable","13":"purchasable","14":"product-type-simple"},"acf":{"editorial":[{"ID":6233,"post_author":"3","post_date":"2022-07-28 17:47:48","post_date_gmt":"2022-07-28 15:47:48","post_content":"","post_title":"EDITORIAL PLANETA","post_excerpt":"","post_status":"publish","comment_status":"closed","ping_status":"closed","post_password":"","post_name":"editorial-planeta","to_ping":"","pinged":"","post_modified":"2022-07-28 17:47:48","post_modified_gmt":"2022-07-28 15:47:48","post_content_filtered":"","post_parent":0,"guid":"http:\/\/dev.claret.cat\/editorial\/editorial-planeta\/","menu_order":0,"post_type":"editorial","post_mime_type":"","comment_count":"0","filter":"raw"}],"autores-libros":[{"ID":165076,"post_author":"3","post_date":"2022-10-14 17:52:12","post_date_gmt":"2022-10-14 15:52:12","post_content":"","post_title":"MIKELTUBE","post_excerpt":"","post_status":"publish","comment_status":"closed","ping_status":"closed","post_password":"","post_name":"mikeltube","to_ping":"","pinged":"","post_modified":"2022-10-14 17:52:12","post_modified_gmt":"2022-10-14 15:52:12","post_content_filtered":"","post_parent":0,"guid":"http:\/\/dev.claret.cat\/autor\/mikeltube\/","menu_order":0,"post_type":"autor","post_mime_type":"","comment_count":"0","filter":"raw"}],"autor":"MIKELTUBE","codart":"840822959","libros-coleccion":"Youtubers infantiles","ediciones":"1","encuadernacion":"Carton\u00e9","fecha_de_publicacion":"01\/06\/2020","novedad":"1","paginas":"157","subtitulo":"","orden":"0","portada":"0","idioma":"spa"},"aioseo_notices":[],"_links":{"self":[{"href":"https:\/\/www.claret.cat\/es\/wp-json\/wp\/v2\/product\/110600","targetHints":{"allow":["GET"]}}],"collection":[{"href":"https:\/\/www.claret.cat\/es\/wp-json\/wp\/v2\/product"}],"about":[{"href":"https:\/\/www.claret.cat\/es\/wp-json\/wp\/v2\/types\/product"}],"wp:featuredmedia":[{"embeddable":true,"href":"https:\/\/www.claret.cat\/es\/wp-json\/wp\/v2\/media\/274559"}],"wp:attachment":[{"href":"https:\/\/www.claret.cat\/es\/wp-json\/wp\/v2\/media?parent=110600"}],"wp:term":[{"taxonomy":"product_brand","embeddable":true,"href":"https:\/\/www.claret.cat\/es\/wp-json\/wp\/v2\/product_brand?post=110600"},{"taxonomy":"product_cat","embeddable":true,"href":"https:\/\/www.claret.cat\/es\/wp-json\/wp\/v2\/product_cat?post=110600"},{"taxonomy":"product_tag","embeddable":true,"href":"https:\/\/www.claret.cat\/es\/wp-json\/wp\/v2\/product_tag?post=110600"}],"curies":[{"name":"wp","href":"https:\/\/api.w.org\/{rel}","templated":true}]}}