{"id":110603,"date":"2022-10-12T13:49:39","date_gmt":"2022-10-12T11:49:39","guid":{"rendered":"http:\/\/dev.claret.cat\/producte\/green-town-2-el-verano-del-adios\/"},"modified":"2023-01-28T19:43:50","modified_gmt":"2023-01-28T18:43:50","slug":"green-town-2-el-verano-del-adios-9788445009116","status":"publish","type":"product","link":"https:\/\/www.claret.cat\/es\/libro\/green-town-2-el-verano-del-adios-9788445009116\/","title":{"rendered":"GREEN TOWN 2: EL VERANO DEL ADI\u00d3S"},"content":{"rendered":"<p>En la enga\u00f1osa calidez de los primeros d\u00edas de octubre, la guerra llega a Green Town. Las fuerzas organizadas del respetable y desp\u00f3tico C. Quartermain han declarado una lucha sin tregua a Douglas Spaulding y a sus imberbes compa\u00f1eros. <\/p>\n<p>Los chicos planean y ejecutan audaces campa\u00f1as, poniendo en entredicho la experiencia y astucia del viejo Quartermain con su temeraria determinaci\u00f3n de mantener para siempre el verano de la ni\u00f1ez. Mientras, la vida espera para asaltar al joven Douglas con sus poderosos misterios: la llegada de la madurez, la dulce redenci\u00f3n del primer beso.<\/p>\n","protected":false},"excerpt":{"rendered":"<p>BRADBURY, RAY<\/p>\n","protected":false},"featured_media":110604,"template":"","meta":{"_acf_changed":false,"om_disable_all_campaigns":false,"rs_blank_template":"","rs_page_bg_color":"","slide_template_v7":"","inline_featured_image":false,"_monsterinsights_skip_tracking":false,"_monsterinsights_sitenote_active":false,"_monsterinsights_sitenote_note":"","_monsterinsights_sitenote_category":0},"product_brand":[],"product_cat":[127],"product_tag":[],"class_list":{"0":"post-110603","1":"product","2":"type-product","3":"status-publish","4":"has-post-thumbnail","6":"product_cat-novella-contemporania","8":"first","9":"instock","10":"taxable","11":"shipping-taxable","12":"purchasable","13":"product-type-simple"},"acf":{"editorial":[{"ID":6308,"post_author":"3","post_date":"2022-07-28 17:49:24","post_date_gmt":"2022-07-28 15:49:24","post_content":"","post_title":"Minotauro","post_excerpt":"","post_status":"publish","comment_status":"closed","ping_status":"closed","post_password":"","post_name":"minotauro","to_ping":"","pinged":"","post_modified":"2022-07-28 17:49:24","post_modified_gmt":"2022-07-28 15:49:24","post_content_filtered":"","post_parent":0,"guid":"http:\/\/dev.claret.cat\/editorial\/minotauro\/","menu_order":0,"post_type":"editorial","post_mime_type":"","comment_count":"0","filter":"raw"}],"autor":"BRADBURY, RAY","codart":"844500911","libros-coleccion":"Bibliotecas de Autor","ediciones":"1","encuadernacion":"R\u00fastica","fecha_de_publicacion":"01\/06\/2020","novedad":"1","paginas":"171","subtitulo":"","orden":"0","portada":"0","idioma":"spa","autores-libros":[{"ID":167870,"post_author":"3","post_date":"2022-10-14 18:14:40","post_date_gmt":"2022-10-14 16:14:40","post_content":"","post_title":"RAY BRADBURY","post_excerpt":"","post_status":"publish","comment_status":"closed","ping_status":"closed","post_password":"","post_name":"ray-bradbury","to_ping":"","pinged":"","post_modified":"2022-10-14 18:14:40","post_modified_gmt":"2022-10-14 16:14:40","post_content_filtered":"","post_parent":0,"guid":"http:\/\/dev.claret.cat\/autor\/ray-bradbury\/","menu_order":0,"post_type":"autor","post_mime_type":"","comment_count":"0","filter":"raw"}]},"aioseo_notices":[],"_links":{"self":[{"href":"https:\/\/www.claret.cat\/es\/wp-json\/wp\/v2\/product\/110603","targetHints":{"allow":["GET"]}}],"collection":[{"href":"https:\/\/www.claret.cat\/es\/wp-json\/wp\/v2\/product"}],"about":[{"href":"https:\/\/www.claret.cat\/es\/wp-json\/wp\/v2\/types\/product"}],"wp:featuredmedia":[{"embeddable":true,"href":"https:\/\/www.claret.cat\/es\/wp-json\/wp\/v2\/media\/110604"}],"wp:attachment":[{"href":"https:\/\/www.claret.cat\/es\/wp-json\/wp\/v2\/media?parent=110603"}],"wp:term":[{"taxonomy":"product_brand","embeddable":true,"href":"https:\/\/www.claret.cat\/es\/wp-json\/wp\/v2\/product_brand?post=110603"},{"taxonomy":"product_cat","embeddable":true,"href":"https:\/\/www.claret.cat\/es\/wp-json\/wp\/v2\/product_cat?post=110603"},{"taxonomy":"product_tag","embeddable":true,"href":"https:\/\/www.claret.cat\/es\/wp-json\/wp\/v2\/product_tag?post=110603"}],"curies":[{"name":"wp","href":"https:\/\/api.w.org\/{rel}","templated":true}]}}