{"id":110615,"date":"2022-10-12T13:49:50","date_gmt":"2022-10-12T11:49:50","guid":{"rendered":"http:\/\/dev.claret.cat\/producte\/cuentos-completos-8\/"},"modified":"2023-01-28T19:20:22","modified_gmt":"2023-01-28T18:20:22","slug":"cuentos-completos-9788432236945","status":"publish","type":"product","link":"https:\/\/www.claret.cat\/es\/libro\/cuentos-completos-9788432236945\/","title":{"rendered":"CUENTOS COMPLETOS"},"content":{"rendered":"<p>Desde la publicaci\u00f3n de Autoayuda, su primer libro de relatos, Lorrie Moore ha sido aclamada como una de las voces m\u00e1s importantes e influyentes de la ficci\u00f3n estadounidense. Sus historias, ferozmente divertidas y conmovedoras, hablan de la brecha que separa a hombres y mujeres, de la soledad que acompa\u00f1a a los que han dejado de creer en el amor y de todos esos deseos tan \u00edntimos que nunca pronunciar\u00edamos en voz alta. En este volumen se re\u00fanen por primera vez, en una hermosa edici\u00f3n en tapa dura, todos sus cuentos, la mayor\u00eda de los cuales se encontraban descatalogados hasta este momento.<\/p>\n","protected":false},"excerpt":{"rendered":"<p>MOORE, LORRIE<\/p>\n","protected":false},"featured_media":110616,"template":"","meta":{"_acf_changed":false,"om_disable_all_campaigns":false,"rs_blank_template":"","rs_page_bg_color":"","slide_template_v7":"","inline_featured_image":false,"_monsterinsights_skip_tracking":false,"_monsterinsights_sitenote_active":false,"_monsterinsights_sitenote_note":"","_monsterinsights_sitenote_category":0},"product_brand":[],"product_cat":[127],"product_tag":[],"class_list":{"0":"post-110615","1":"product","2":"type-product","3":"status-publish","4":"has-post-thumbnail","6":"product_cat-novella-contemporania","8":"first","9":"instock","10":"taxable","11":"shipping-taxable","12":"purchasable","13":"product-type-simple"},"acf":{"editorial":[{"ID":6361,"post_author":"3","post_date":"2022-07-28 17:50:32","post_date_gmt":"2022-07-28 15:50:32","post_content":"","post_title":"SEIX BARRAL, EDICIONES","post_excerpt":"","post_status":"publish","comment_status":"closed","ping_status":"closed","post_password":"","post_name":"seix-barral-ediciones","to_ping":"","pinged":"","post_modified":"2022-07-28 17:50:32","post_modified_gmt":"2022-07-28 15:50:32","post_content_filtered":"","post_parent":0,"guid":"http:\/\/dev.claret.cat\/editorial\/seix-barral-ediciones\/","menu_order":0,"post_type":"editorial","post_mime_type":"","comment_count":"0","filter":"raw"}],"autor":"MOORE, LORRIE","codart":"843223694","libros-coleccion":"Biblioteca Formentor","ediciones":"1","encuadernacion":"Carton\u00e9","fecha_de_publicacion":"01\/06\/2020","novedad":"1","paginas":"953","subtitulo":"","orden":"0","portada":"0","idioma":"spa","autores-libros":[{"ID":162504,"post_author":"3","post_date":"2022-10-14 17:31:32","post_date_gmt":"2022-10-14 15:31:32","post_content":"","post_title":"LORRIE MOORE","post_excerpt":"","post_status":"publish","comment_status":"closed","ping_status":"closed","post_password":"","post_name":"lorrie-moore","to_ping":"","pinged":"","post_modified":"2022-10-14 17:31:32","post_modified_gmt":"2022-10-14 15:31:32","post_content_filtered":"","post_parent":0,"guid":"http:\/\/dev.claret.cat\/autor\/lorrie-moore\/","menu_order":0,"post_type":"autor","post_mime_type":"","comment_count":"0","filter":"raw"}]},"aioseo_notices":[],"_links":{"self":[{"href":"https:\/\/www.claret.cat\/es\/wp-json\/wp\/v2\/product\/110615","targetHints":{"allow":["GET"]}}],"collection":[{"href":"https:\/\/www.claret.cat\/es\/wp-json\/wp\/v2\/product"}],"about":[{"href":"https:\/\/www.claret.cat\/es\/wp-json\/wp\/v2\/types\/product"}],"wp:featuredmedia":[{"embeddable":true,"href":"https:\/\/www.claret.cat\/es\/wp-json\/wp\/v2\/media\/110616"}],"wp:attachment":[{"href":"https:\/\/www.claret.cat\/es\/wp-json\/wp\/v2\/media?parent=110615"}],"wp:term":[{"taxonomy":"product_brand","embeddable":true,"href":"https:\/\/www.claret.cat\/es\/wp-json\/wp\/v2\/product_brand?post=110615"},{"taxonomy":"product_cat","embeddable":true,"href":"https:\/\/www.claret.cat\/es\/wp-json\/wp\/v2\/product_cat?post=110615"},{"taxonomy":"product_tag","embeddable":true,"href":"https:\/\/www.claret.cat\/es\/wp-json\/wp\/v2\/product_tag?post=110615"}],"curies":[{"name":"wp","href":"https:\/\/api.w.org\/{rel}","templated":true}]}}