{"id":110618,"date":"2022-10-12T13:49:52","date_gmt":"2022-10-12T11:49:52","guid":{"rendered":"http:\/\/dev.claret.cat\/producte\/costa-azul\/"},"modified":"2023-01-28T03:58:47","modified_gmt":"2023-01-28T02:58:47","slug":"costa-azul-9788467058819","status":"publish","type":"product","link":"https:\/\/www.claret.cat\/es\/libro\/costa-azul-9788467058819\/","title":{"rendered":"COSTA AZUL"},"content":{"rendered":"<p>Julio de 1956. El primer ministro belga Achille van Acker lo tiene todo organizado: ha tomado las medidas necesarias para que los ciudadanos disfruten de 12 semanas de asueto y ya tiene lista su casita del lago donde tiene planeado pasar unas id\u00edlicas vacaciones. Sin embargo, una inesperada amenaza se cierne sobre este plan impecable. Nada menos que una que puede hacer tambalearse los cimientos sobre los que descansan los pilares del Estado: la mism\u00edsima monarqu\u00eda.<br \/> Seg\u00fan se rumorea en todo el pa\u00eds, desde las peluquer\u00edas a los despachos oficiales, el joven rey Balduino, t\u00edmido y soltero, mantiene un romance con su madrastra Lilian de Rethy. No hay ninguna certeza, pero s\u00ed preocupantes indicios. La situaci\u00f3n se vuelve cr\u00edtica cuando los dos sospechosos realizan un viaje a la Costa Azul. El ministro, para inmenso disgusto de su mujer, tendr\u00e1 que posponer sus planes y organizar toda una misi\u00f3n de espionaje, enviando a Niza al mejor superagente secreto, el inefable Pierlot.<br \/> En principio, nada puede salir mal y, sin embargo, la misi\u00f3n se convierte en un puro disparate cuando, en el bien trazado plan de Pierlot para espiar a la real pareja, se cruza una aristocr\u00e1tica mujer, lamentablemente tan hermosa como intrigante.<\/p>\n","protected":false},"excerpt":{"rendered":"<p>S\u00c1NCHEZ, MAMEN<\/p>\n","protected":false},"featured_media":110619,"template":"","meta":{"_acf_changed":false,"om_disable_all_campaigns":false,"rs_blank_template":"","rs_page_bg_color":"","slide_template_v7":"","inline_featured_image":false,"_monsterinsights_skip_tracking":false,"_monsterinsights_sitenote_active":false,"_monsterinsights_sitenote_note":"","_monsterinsights_sitenote_category":0},"product_brand":[],"product_cat":[127],"product_tag":[],"class_list":{"0":"post-110618","1":"product","2":"type-product","3":"status-publish","4":"has-post-thumbnail","6":"product_cat-novella-contemporania","8":"first","9":"instock","10":"taxable","11":"shipping-taxable","12":"purchasable","13":"product-type-simple"},"acf":{"editorial":[{"ID":6247,"post_author":"3","post_date":"2022-07-28 17:48:06","post_date_gmt":"2022-07-28 15:48:06","post_content":"","post_title":"ESPASA, EDITORIAL","post_excerpt":"","post_status":"publish","comment_status":"closed","ping_status":"closed","post_password":"","post_name":"espasa-editorial","to_ping":"","pinged":"","post_modified":"2022-07-28 17:48:06","post_modified_gmt":"2022-07-28 15:48:06","post_content_filtered":"","post_parent":0,"guid":"http:\/\/dev.claret.cat\/editorial\/espasa-editorial\/","menu_order":0,"post_type":"editorial","post_mime_type":"","comment_count":"0","filter":"raw"}],"autor":"S\u00c1NCHEZ, MAMEN","codart":"846705881","libros-coleccion":"Espasa Narrativa","ediciones":"1","encuadernacion":"R\u00fastica","fecha_de_publicacion":"01\/06\/2020","novedad":"1","paginas":"289","subtitulo":"","orden":"0","portada":"0","idioma":"spa","autores-libros":[{"ID":163064,"post_author":"3","post_date":"2022-10-14 17:36:02","post_date_gmt":"2022-10-14 15:36:02","post_content":"","post_title":"MAMEN SANCHEZ","post_excerpt":"","post_status":"publish","comment_status":"closed","ping_status":"closed","post_password":"","post_name":"mamen-sanchez","to_ping":"","pinged":"","post_modified":"2022-10-14 17:36:02","post_modified_gmt":"2022-10-14 15:36:02","post_content_filtered":"","post_parent":0,"guid":"http:\/\/dev.claret.cat\/autor\/mamen-sanchez\/","menu_order":0,"post_type":"autor","post_mime_type":"","comment_count":"0","filter":"raw"}]},"aioseo_notices":[],"_links":{"self":[{"href":"https:\/\/www.claret.cat\/es\/wp-json\/wp\/v2\/product\/110618","targetHints":{"allow":["GET"]}}],"collection":[{"href":"https:\/\/www.claret.cat\/es\/wp-json\/wp\/v2\/product"}],"about":[{"href":"https:\/\/www.claret.cat\/es\/wp-json\/wp\/v2\/types\/product"}],"wp:featuredmedia":[{"embeddable":true,"href":"https:\/\/www.claret.cat\/es\/wp-json\/wp\/v2\/media\/110619"}],"wp:attachment":[{"href":"https:\/\/www.claret.cat\/es\/wp-json\/wp\/v2\/media?parent=110618"}],"wp:term":[{"taxonomy":"product_brand","embeddable":true,"href":"https:\/\/www.claret.cat\/es\/wp-json\/wp\/v2\/product_brand?post=110618"},{"taxonomy":"product_cat","embeddable":true,"href":"https:\/\/www.claret.cat\/es\/wp-json\/wp\/v2\/product_cat?post=110618"},{"taxonomy":"product_tag","embeddable":true,"href":"https:\/\/www.claret.cat\/es\/wp-json\/wp\/v2\/product_tag?post=110618"}],"curies":[{"name":"wp","href":"https:\/\/api.w.org\/{rel}","templated":true}]}}