{"id":110669,"date":"2022-10-12T13:50:38","date_gmt":"2022-10-12T11:50:38","guid":{"rendered":"http:\/\/dev.claret.cat\/producte\/quadern-montessori-dexperiencies-de-ciencia\/"},"modified":"2025-07-26T10:25:17","modified_gmt":"2025-07-26T08:25:17","slug":"quadern-montessori-dexperiencies-de-ciencia-9788418100321","status":"publish","type":"product","link":"https:\/\/www.claret.cat\/es\/libro\/quadern-montessori-dexperiencies-de-ciencia-9788418100321\/","title":{"rendered":"QUADERN MONTESSORI D&#8221;EXPERI\u00c8NCIES DE CI\u00c8NCIA"},"content":{"rendered":"<p>Qualsevol per\u00edode de vacances \u00e9s bo per despertar la curiositat dels infants, per ajudar-los a descobrir la natura que els envolta i estimular el seu aprenentatge.<br \/> Els objectius d&#8221;aquest quadern, basat en la pedagogia Montessori, s\u00f3n guanyar confian\u00e7a en un mateix, desenvolupar la concentraci\u00f3 i l&#8221;observaci\u00f3 i afavorir les habilitats motores fines.<br \/> Gr\u00e0cies a aquest quadern, els nens es familiaritzaran amb els fen\u00f2mens de la f\u00edsica, l&#8221;\u00f2ptica, la biologia i la qu\u00edmica i experimentaran amb elles: il\u00b7lusions \u00f2ptiques, electricitat est\u00e0tica&#8230;, realitzaran m\u00e9s de 50 experiments cient\u00edfics reals amb ingredients i objectes quotidians (ous, llet, cinta adhesiva, globus, etc.) i fins i tot, podran  fabricar un helic\u00f2pter de paper o provocar un tornado en una ampolla d&#8221;aigua&#8230;<\/p>\n","protected":false},"excerpt":{"rendered":"<p>LAROUSSE EDITORIAL<\/p>\n","protected":false},"featured_media":110670,"template":"","meta":{"_acf_changed":false,"om_disable_all_campaigns":false,"rs_blank_template":"","rs_page_bg_color":"","slide_template_v7":"","inline_featured_image":false,"_monsterinsights_skip_tracking":false,"_monsterinsights_sitenote_active":false,"_monsterinsights_sitenote_note":"","_monsterinsights_sitenote_category":0},"product_brand":[],"product_cat":[333,122],"product_tag":[],"class_list":{"0":"post-110669","1":"product","2":"type-product","3":"status-publish","4":"has-post-thumbnail","6":"product_cat-cuadernos-de-vacaciones","7":"product_cat-quaderns-de-vacances","9":"first","10":"instock","11":"taxable","12":"shipping-taxable","13":"purchasable","14":"product-type-simple"},"acf":{"autores-libros":[{"ID":5711,"post_author":"3","post_date":"2022-07-28 17:29:50","post_date_gmt":"2022-07-28 15:29:50","post_content":"","post_title":"LAROUSSE EDITORIAL","post_excerpt":"","post_status":"publish","comment_status":"closed","ping_status":"closed","post_password":"","post_name":"larousse-editorial","to_ping":"","pinged":"","post_modified":"2022-07-28 17:29:50","post_modified_gmt":"2022-07-28 15:29:50","post_content_filtered":"","post_parent":0,"guid":"http:\/\/dev.claret.cat\/autor\/larousse-editorial\/","menu_order":0,"post_type":"autor","post_mime_type":"","comment_count":"0","filter":"raw"}],"autor":"LAROUSSE EDITORIAL","codart":"841810032","libros-coleccion":"","ediciones":"1","encuadernacion":"R\u00fastica","fecha_de_publicacion":"01\/05\/2020","novedad":"1","paginas":"0","subtitulo":"","orden":"0","portada":"0","idioma":"cat","editorial":[{"ID":148398,"post_author":"3","post_date":"2022-10-14 11:57:56","post_date_gmt":"2022-10-14 09:57:56","post_content":"","post_title":"Larousse","post_excerpt":"","post_status":"publish","comment_status":"closed","ping_status":"closed","post_password":"","post_name":"larousse","to_ping":"","pinged":"","post_modified":"2022-10-14 11:57:56","post_modified_gmt":"2022-10-14 09:57:56","post_content_filtered":"","post_parent":0,"guid":"http:\/\/dev.claret.cat\/editorial\/larousse\/","menu_order":0,"post_type":"editorial","post_mime_type":"","comment_count":"0","filter":"raw"}],"booktrailer":"","resenas":""},"aioseo_notices":[],"_links":{"self":[{"href":"https:\/\/www.claret.cat\/es\/wp-json\/wp\/v2\/product\/110669","targetHints":{"allow":["GET"]}}],"collection":[{"href":"https:\/\/www.claret.cat\/es\/wp-json\/wp\/v2\/product"}],"about":[{"href":"https:\/\/www.claret.cat\/es\/wp-json\/wp\/v2\/types\/product"}],"wp:featuredmedia":[{"embeddable":true,"href":"https:\/\/www.claret.cat\/es\/wp-json\/wp\/v2\/media\/110670"}],"wp:attachment":[{"href":"https:\/\/www.claret.cat\/es\/wp-json\/wp\/v2\/media?parent=110669"}],"wp:term":[{"taxonomy":"product_brand","embeddable":true,"href":"https:\/\/www.claret.cat\/es\/wp-json\/wp\/v2\/product_brand?post=110669"},{"taxonomy":"product_cat","embeddable":true,"href":"https:\/\/www.claret.cat\/es\/wp-json\/wp\/v2\/product_cat?post=110669"},{"taxonomy":"product_tag","embeddable":true,"href":"https:\/\/www.claret.cat\/es\/wp-json\/wp\/v2\/product_tag?post=110669"}],"curies":[{"name":"wp","href":"https:\/\/api.w.org\/{rel}","templated":true}]}}