{"id":110696,"date":"2022-10-12T13:51:02","date_gmt":"2022-10-12T11:51:02","guid":{"rendered":"http:\/\/dev.claret.cat\/producte\/bon-estiu-doraemon-5-6-anys\/"},"modified":"2023-01-28T11:28:46","modified_gmt":"2023-01-28T10:28:46","slug":"bon-estiu-doraemon-56-anys-9788417586829","status":"publish","type":"product","link":"https:\/\/www.claret.cat\/es\/libro\/bon-estiu-doraemon-56-anys-9788417586829\/","title":{"rendered":"BON ESTIU DORAEMON 5-6 ANYS"},"content":{"rendered":"<p>Motivador i divertit quadern de vacances perqu\u00e8 el nen de 5-6 anys repassi l&#8221;apr\u00e8s durant el curs: grafomotricitat, vocals i consonants, paraules, sons, n\u00fameros i quantificadors; medi ambient; mesures i dist\u00e0ncies, i aquells conceptes b\u00e0sics que ho prepararan per a la seva entrada en Prim\u00e0ria. Les activitats tenen un to l\u00fadic i, al final del quadern, es proposen jocs did\u00e0ctics.<\/p>\n","protected":false},"excerpt":{"rendered":"<p>RUBIO N\u00da\u00d1EZ, EMMA<\/p>\n","protected":false},"featured_media":110697,"template":"","meta":{"_acf_changed":false,"om_disable_all_campaigns":false,"rs_blank_template":"","rs_page_bg_color":"","slide_template_v7":"","inline_featured_image":false,"_monsterinsights_skip_tracking":false,"_monsterinsights_sitenote_active":false,"_monsterinsights_sitenote_note":"","_monsterinsights_sitenote_category":0},"product_brand":[],"product_cat":[122],"product_tag":[],"class_list":{"0":"post-110696","1":"product","2":"type-product","3":"status-publish","4":"has-post-thumbnail","6":"product_cat-quaderns-de-vacances","8":"first","9":"instock","10":"taxable","11":"shipping-taxable","12":"purchasable","13":"product-type-simple"},"acf":{"autor":"RUBIO N\u00da\u00d1EZ, EMMA","codart":"841758682","libros-coleccion":"","ediciones":"1","encuadernacion":"R\u00fastica","fecha_de_publicacion":"01\/05\/2020","novedad":"1","paginas":"45","subtitulo":"","orden":"0","portada":"0","idioma":"cat","editorial":[{"ID":148238,"post_author":"3","post_date":"2022-10-14 11:56:42","post_date_gmt":"2022-10-14 09:56:42","post_content":"","post_title":"Hachette","post_excerpt":"","post_status":"publish","comment_status":"closed","ping_status":"closed","post_password":"","post_name":"hachette","to_ping":"","pinged":"","post_modified":"2022-10-14 11:56:42","post_modified_gmt":"2022-10-14 09:56:42","post_content_filtered":"","post_parent":0,"guid":"http:\/\/dev.claret.cat\/editorial\/hachette\/","menu_order":0,"post_type":"editorial","post_mime_type":"","comment_count":"0","filter":"raw"}],"autores-libros":[{"ID":155037,"post_author":"3","post_date":"2022-10-14 15:09:39","post_date_gmt":"2022-10-14 13:09:39","post_content":"","post_title":"EMMA RUBIO N\u00da\u00d1EZ","post_excerpt":"","post_status":"publish","comment_status":"closed","ping_status":"closed","post_password":"","post_name":"emma-rubio-nunez","to_ping":"","pinged":"","post_modified":"2022-10-14 15:09:39","post_modified_gmt":"2022-10-14 13:09:39","post_content_filtered":"","post_parent":0,"guid":"http:\/\/dev.claret.cat\/autor\/emma-rubio-nunez\/","menu_order":0,"post_type":"autor","post_mime_type":"","comment_count":"0","filter":"raw"}]},"aioseo_notices":[],"_links":{"self":[{"href":"https:\/\/www.claret.cat\/es\/wp-json\/wp\/v2\/product\/110696","targetHints":{"allow":["GET"]}}],"collection":[{"href":"https:\/\/www.claret.cat\/es\/wp-json\/wp\/v2\/product"}],"about":[{"href":"https:\/\/www.claret.cat\/es\/wp-json\/wp\/v2\/types\/product"}],"wp:featuredmedia":[{"embeddable":true,"href":"https:\/\/www.claret.cat\/es\/wp-json\/wp\/v2\/media\/110697"}],"wp:attachment":[{"href":"https:\/\/www.claret.cat\/es\/wp-json\/wp\/v2\/media?parent=110696"}],"wp:term":[{"taxonomy":"product_brand","embeddable":true,"href":"https:\/\/www.claret.cat\/es\/wp-json\/wp\/v2\/product_brand?post=110696"},{"taxonomy":"product_cat","embeddable":true,"href":"https:\/\/www.claret.cat\/es\/wp-json\/wp\/v2\/product_cat?post=110696"},{"taxonomy":"product_tag","embeddable":true,"href":"https:\/\/www.claret.cat\/es\/wp-json\/wp\/v2\/product_tag?post=110696"}],"curies":[{"name":"wp","href":"https:\/\/api.w.org\/{rel}","templated":true}]}}