{"id":110699,"date":"2022-10-12T13:51:05","date_gmt":"2022-10-12T11:51:05","guid":{"rendered":"http:\/\/dev.claret.cat\/producte\/bon-estiu-doraemon-4-5-anys\/"},"modified":"2025-07-21T09:30:36","modified_gmt":"2025-07-21T07:30:36","slug":"bon-estiu-doraemon-45-anys-9788417586812","status":"publish","type":"product","link":"https:\/\/www.claret.cat\/es\/libro\/bon-estiu-doraemon-45-anys-9788417586812\/","title":{"rendered":"BON ESTIU DORAEMON 4-5 ANYS"},"content":{"rendered":"<p>Quadern motivador que repassa els conceptes b\u00e0sics apresos pel nen de 4-5 anys durant el curs escolar: vocals i consonants, n\u00fameros, paraules, discriminaci\u00f3 auditiva, grafomotricitat, ecologia, etc. Totes les activitats tenen un to l\u00fadic i el quadern acaba amb unes p\u00e0gines dedicades a jocs did\u00e0ctics.<\/p>\n","protected":false},"excerpt":{"rendered":"<p>RUBIO N\u00da\u00d1EZ, EMMA<\/p>\n","protected":false},"featured_media":1047568,"template":"","meta":{"_acf_changed":false,"om_disable_all_campaigns":false,"rs_blank_template":"","rs_page_bg_color":"","slide_template_v7":"","inline_featured_image":false,"_monsterinsights_skip_tracking":false,"_monsterinsights_sitenote_active":false,"_monsterinsights_sitenote_note":"","_monsterinsights_sitenote_category":0},"product_brand":[],"product_cat":[333,122],"product_tag":[],"class_list":{"0":"post-110699","1":"product","2":"type-product","3":"status-publish","4":"has-post-thumbnail","6":"product_cat-cuadernos-de-vacaciones","7":"product_cat-quaderns-de-vacances","9":"first","10":"outofstock","11":"taxable","12":"shipping-taxable","13":"purchasable","14":"product-type-simple"},"acf":{"autor":"RUBIO N\u00da\u00d1EZ, EMMA","codart":"841758681","libros-coleccion":"","ediciones":"1","encuadernacion":"R\u00fastica","fecha_de_publicacion":"01\/05\/2020","novedad":"0","paginas":"45","subtitulo":"","orden":"0","portada":"0","idioma":"cat","editorial":[{"ID":148238,"post_author":"3","post_date":"2022-10-14 11:56:42","post_date_gmt":"2022-10-14 09:56:42","post_content":"","post_title":"Hachette","post_excerpt":"","post_status":"publish","comment_status":"closed","ping_status":"closed","post_password":"","post_name":"hachette","to_ping":"","pinged":"","post_modified":"2022-10-14 11:56:42","post_modified_gmt":"2022-10-14 09:56:42","post_content_filtered":"","post_parent":0,"guid":"http:\/\/dev.claret.cat\/editorial\/hachette\/","menu_order":0,"post_type":"editorial","post_mime_type":"","comment_count":"0","filter":"raw"}],"autores-libros":[{"ID":155037,"post_author":"3","post_date":"2022-10-14 15:09:39","post_date_gmt":"2022-10-14 13:09:39","post_content":"","post_title":"EMMA RUBIO N\u00da\u00d1EZ","post_excerpt":"","post_status":"publish","comment_status":"closed","ping_status":"closed","post_password":"","post_name":"emma-rubio-nunez","to_ping":"","pinged":"","post_modified":"2022-10-14 15:09:39","post_modified_gmt":"2022-10-14 13:09:39","post_content_filtered":"","post_parent":0,"guid":"http:\/\/dev.claret.cat\/autor\/emma-rubio-nunez\/","menu_order":0,"post_type":"autor","post_mime_type":"","comment_count":"0","filter":"raw"}],"booktrailer":"","resenas":""},"aioseo_notices":[],"_links":{"self":[{"href":"https:\/\/www.claret.cat\/es\/wp-json\/wp\/v2\/product\/110699","targetHints":{"allow":["GET"]}}],"collection":[{"href":"https:\/\/www.claret.cat\/es\/wp-json\/wp\/v2\/product"}],"about":[{"href":"https:\/\/www.claret.cat\/es\/wp-json\/wp\/v2\/types\/product"}],"wp:featuredmedia":[{"embeddable":true,"href":"https:\/\/www.claret.cat\/es\/wp-json\/wp\/v2\/media\/1047568"}],"wp:attachment":[{"href":"https:\/\/www.claret.cat\/es\/wp-json\/wp\/v2\/media?parent=110699"}],"wp:term":[{"taxonomy":"product_brand","embeddable":true,"href":"https:\/\/www.claret.cat\/es\/wp-json\/wp\/v2\/product_brand?post=110699"},{"taxonomy":"product_cat","embeddable":true,"href":"https:\/\/www.claret.cat\/es\/wp-json\/wp\/v2\/product_cat?post=110699"},{"taxonomy":"product_tag","embeddable":true,"href":"https:\/\/www.claret.cat\/es\/wp-json\/wp\/v2\/product_tag?post=110699"}],"curies":[{"name":"wp","href":"https:\/\/api.w.org\/{rel}","templated":true}]}}