{"id":110799,"date":"2022-10-12T13:52:35","date_gmt":"2022-10-12T11:52:35","guid":{"rendered":"http:\/\/dev.claret.cat\/producte\/educar-en-el-vinculo\/"},"modified":"2023-01-28T20:56:12","modified_gmt":"2023-01-28T19:56:12","slug":"educar-en-el-vinculo-9788417886738","status":"publish","type":"product","link":"https:\/\/www.claret.cat\/es\/libro\/educar-en-el-vinculo-9788417886738\/","title":{"rendered":"EDUCAR EN EL V\u00cdNCULO"},"content":{"rendered":"<p>Vivimos en una sociedad caracterizada por la rapidez, las exigencias y el poco tiempo para disfrutar de nuestros hijos. Disponemos de menos tiempo del que quisi\u00e9ramos para estar con ellos. Tenemos un mundo cada vez m\u00e1s conectado tecnol\u00f3gicamente<br \/> pero menos conectado emocional y socialmente.<br \/> Los estudios cient\u00edfi cos han demostrado que para desarrollar v\u00ednculos de seguridad en nuestros hijos y fomentar su autonom\u00eda, empat\u00eda y autoestima se necesita tiempo de calidad. El ser humano supera la dependencia de los primeros a\u00f1os de vida gracias a los buenos tratos que recibe de sus fi guras de apego a lo largo de su infancia y adolescencia.<br \/> En este libro encontrar\u00e1s explicaciones claras y pr\u00e1cticas de la importancia de la conexi\u00f3n y la vinculaci\u00f3n con nuestros hijos, as\u00ed como un desarrollo profundo de los diferentes estilos de apego, c\u00f3mo diferenciar una necesidad de un deseo y las caracter\u00edsticas que deben reunir los padres para ejercer de figuras de apego seguras. Aqu\u00ed se describe c\u00f3mo el sue\u00f1o, la alimentaci\u00f3n, el juego y el abuso de los dispositivos electr\u00f3nicos influyen en los v\u00ednculos que establecemos con nuestros hijos.<br \/> Rafa Guerrero, psic\u00f3logo y doctor en Educaci\u00f3n, explica de manera sencilla y pr\u00e1ctica las claves para fomentar relaciones seguras con nuestros hijos para conseguir que tengan una buena autoestima, capacidad de resoluci\u00f3n de confl ictos y que sean<br \/> emp\u00e1ticos y resilientes.<\/p>\n","protected":false},"excerpt":{"rendered":"<p>GUERRERO, RAFA<\/p>\n","protected":false},"featured_media":110800,"template":"","meta":{"_acf_changed":false,"om_disable_all_campaigns":false,"rs_blank_template":"","rs_page_bg_color":"","slide_template_v7":"","inline_featured_image":false,"_monsterinsights_skip_tracking":false,"_monsterinsights_sitenote_active":false,"_monsterinsights_sitenote_note":"","_monsterinsights_sitenote_category":0},"product_brand":[],"product_cat":[191],"product_tag":[],"class_list":{"0":"post-110799","1":"product","2":"type-product","3":"status-publish","4":"has-post-thumbnail","6":"product_cat-educacio-en-valors-pedagogia-2_humanitats","8":"first","9":"instock","10":"taxable","11":"shipping-taxable","12":"purchasable","13":"product-type-simple"},"acf":{"editorial":[{"ID":6331,"post_author":"3","post_date":"2022-07-28 17:49:53","post_date_gmt":"2022-07-28 15:49:53","post_content":"","post_title":"PLATAFORMA EDITORIAL","post_excerpt":"","post_status":"publish","comment_status":"closed","ping_status":"closed","post_password":"","post_name":"plataforma-editorial","to_ping":"","pinged":"","post_modified":"2022-07-28 17:49:53","post_modified_gmt":"2022-07-28 15:49:53","post_content_filtered":"","post_parent":0,"guid":"http:\/\/dev.claret.cat\/editorial\/plataforma-editorial\/","menu_order":0,"post_type":"editorial","post_mime_type":"","comment_count":"0","filter":"raw"}],"autor":"GUERRERO, RAFA","codart":"841788673","libros-coleccion":"PLATAFORMA","ediciones":"1","encuadernacion":"R\u00fastica","fecha_de_publicacion":"01\/05\/2020","novedad":"1","paginas":"396","subtitulo":"","orden":"0","portada":"0","idioma":"spa","autores-libros":[{"ID":167545,"post_author":"3","post_date":"2022-10-14 18:12:04","post_date_gmt":"2022-10-14 16:12:04","post_content":"","post_title":"RAFA GUERRERO","post_excerpt":"","post_status":"publish","comment_status":"closed","ping_status":"closed","post_password":"","post_name":"rafa-guerrero","to_ping":"","pinged":"","post_modified":"2022-10-14 18:12:04","post_modified_gmt":"2022-10-14 16:12:04","post_content_filtered":"","post_parent":0,"guid":"http:\/\/dev.claret.cat\/autor\/rafa-guerrero\/","menu_order":0,"post_type":"autor","post_mime_type":"","comment_count":"0","filter":"raw"}]},"aioseo_notices":[],"_links":{"self":[{"href":"https:\/\/www.claret.cat\/es\/wp-json\/wp\/v2\/product\/110799","targetHints":{"allow":["GET"]}}],"collection":[{"href":"https:\/\/www.claret.cat\/es\/wp-json\/wp\/v2\/product"}],"about":[{"href":"https:\/\/www.claret.cat\/es\/wp-json\/wp\/v2\/types\/product"}],"wp:featuredmedia":[{"embeddable":true,"href":"https:\/\/www.claret.cat\/es\/wp-json\/wp\/v2\/media\/110800"}],"wp:attachment":[{"href":"https:\/\/www.claret.cat\/es\/wp-json\/wp\/v2\/media?parent=110799"}],"wp:term":[{"taxonomy":"product_brand","embeddable":true,"href":"https:\/\/www.claret.cat\/es\/wp-json\/wp\/v2\/product_brand?post=110799"},{"taxonomy":"product_cat","embeddable":true,"href":"https:\/\/www.claret.cat\/es\/wp-json\/wp\/v2\/product_cat?post=110799"},{"taxonomy":"product_tag","embeddable":true,"href":"https:\/\/www.claret.cat\/es\/wp-json\/wp\/v2\/product_tag?post=110799"}],"curies":[{"name":"wp","href":"https:\/\/api.w.org\/{rel}","templated":true}]}}