{"id":110812,"date":"2022-10-12T13:52:48","date_gmt":"2022-10-12T11:52:48","guid":{"rendered":"http:\/\/dev.claret.cat\/producte\/instagram-en-la-estrategia-de-construccion-de-liderazgo-politico\/"},"modified":"2024-05-02T16:18:07","modified_gmt":"2024-05-02T14:18:07","slug":"instagram-en-la-estrategia-de-construccion-de-liderazgo-politico-9788418193354","status":"publish","type":"product","link":"https:\/\/www.claret.cat\/es\/libro\/instagram-en-la-estrategia-de-construccion-de-liderazgo-politico-9788418193354\/","title":{"rendered":"INSTAGRAM EN LA ESTRATEGIA DE CONSTRUCCI\u00d3N DE LIDERAZGO POL\u00cdTICO"},"content":{"rendered":"<p>Instagram es la red social que m\u00e1s ha crecido en los \u00faltimos a\u00f1os. Su vertiginoso \u00e9xito la ha convertido en un escaparate  indispensable para l\u00edderes y candidatos en todo el mundo. No hay pr\u00e1cticamente estrategias de comunicaci\u00f3n pol\u00edtica que no  contemplen una presencia y una actividad regular en esta plataforma. Por ello, la C\u00e1tedra Ideograma ? UPF de Comunicaci\u00f3n  Pol\u00edtica y Democracia decidi\u00f3 convocar a acad\u00e9micos y profesionales de diferentes universidades y consultoras de Europa y  Am\u00e9rica Latina y les invit\u00f3 a reflexionar sobre el papel y el potencial que tiene esta red social en las estrategias de comunicaci\u00f3n de quienes nos representan o aspiran a hacerlo.  Instagram en la estrategia de construcci\u00f3n de liderazgo pol\u00edtico es una lectura de inter\u00e9s para estudiantes, investigadores y profesionales de la comunicaci\u00f3n pol\u00edtica que quieran descubrir y\/o profundizar en el potencial e impacto que tiene esta plataforma digital en la pr\u00e1ctica de la comunicaci\u00f3n pol\u00edtica.<\/p>\n","protected":false},"excerpt":{"rendered":"<p>PONT SORRIBES, CARLES; GUTI\u00c9RREZ-RUB\u00cd, ANTONI (eds.)<\/p>\n","protected":false},"featured_media":330442,"template":"","meta":{"_acf_changed":false,"om_disable_all_campaigns":false,"rs_blank_template":"","rs_page_bg_color":"","slide_template_v7":"","inline_featured_image":false,"_monsterinsights_skip_tracking":false,"_monsterinsights_sitenote_active":false,"_monsterinsights_sitenote_note":"","_monsterinsights_sitenote_category":0},"product_brand":[],"product_cat":[194,457],"product_tag":[],"class_list":{"0":"post-110812","1":"product","2":"type-product","3":"status-publish","4":"has-post-thumbnail","6":"product_cat-comunicacio-i-noves-teconologies","7":"product_cat-comunicacion-y-nuevas-teconologias","9":"first","10":"instock","11":"taxable","12":"shipping-taxable","13":"purchasable","14":"product-type-simple"},"acf":{"autor":"PONT SORRIBES, CARLES; GUTI\u00c9RREZ-RUB\u00cd, ANTONI (eds.)","codart":"841819335","libros-coleccion":"MULTIMEDIA","ediciones":"1","encuadernacion":"R\u00fastica","fecha_de_publicacion":"19\/06\/2020","novedad":"1","paginas":"322","subtitulo":"","orden":"0","portada":"0","idioma":"spa","editorial":[{"ID":148202,"post_author":"3","post_date":"2022-10-14 11:56:25","post_date_gmt":"2022-10-14 09:56:25","post_content":"","post_title":"GEDISA EDITORIAL","post_excerpt":"","post_status":"publish","comment_status":"closed","ping_status":"closed","post_password":"","post_name":"gedisa-editorial-2","to_ping":"","pinged":"","post_modified":"2022-10-14 11:56:25","post_modified_gmt":"2022-10-14 09:56:25","post_content_filtered":"","post_parent":0,"guid":"http:\/\/dev.claret.cat\/editorial\/gedisa-editorial-2\/","menu_order":0,"post_type":"editorial","post_mime_type":"","comment_count":"0","filter":"raw"}],"autores-libros":[{"ID":152160,"post_author":"3","post_date":"2022-10-14 14:46:34","post_date_gmt":"2022-10-14 12:46:34","post_content":"","post_title":"CARLES PONT SORRIBES","post_excerpt":"","post_status":"publish","comment_status":"closed","ping_status":"closed","post_password":"","post_name":"carles-pont-sorribes","to_ping":"","pinged":"","post_modified":"2022-10-14 14:46:34","post_modified_gmt":"2022-10-14 12:46:34","post_content_filtered":"","post_parent":0,"guid":"http:\/\/dev.claret.cat\/autor\/carles-pont-sorribes\/","menu_order":0,"post_type":"autor","post_mime_type":"","comment_count":"0","filter":"raw"},{"ID":150799,"post_author":"3","post_date":"2022-10-14 14:35:50","post_date_gmt":"2022-10-14 12:35:50","post_content":"","post_title":"ANTONI (eds.) GUTI\u00c9RREZ-RUB\u00cd","post_excerpt":"","post_status":"publish","comment_status":"closed","ping_status":"closed","post_password":"","post_name":"antoni-eds-gutierrez-rubi","to_ping":"","pinged":"","post_modified":"2022-10-14 14:35:50","post_modified_gmt":"2022-10-14 12:35:50","post_content_filtered":"","post_parent":0,"guid":"http:\/\/dev.claret.cat\/autor\/antoni-eds-gutierrez-rubi\/","menu_order":0,"post_type":"autor","post_mime_type":"","comment_count":"0","filter":"raw"}]},"aioseo_notices":[],"_links":{"self":[{"href":"https:\/\/www.claret.cat\/es\/wp-json\/wp\/v2\/product\/110812","targetHints":{"allow":["GET"]}}],"collection":[{"href":"https:\/\/www.claret.cat\/es\/wp-json\/wp\/v2\/product"}],"about":[{"href":"https:\/\/www.claret.cat\/es\/wp-json\/wp\/v2\/types\/product"}],"wp:featuredmedia":[{"embeddable":true,"href":"https:\/\/www.claret.cat\/es\/wp-json\/wp\/v2\/media\/330442"}],"wp:attachment":[{"href":"https:\/\/www.claret.cat\/es\/wp-json\/wp\/v2\/media?parent=110812"}],"wp:term":[{"taxonomy":"product_brand","embeddable":true,"href":"https:\/\/www.claret.cat\/es\/wp-json\/wp\/v2\/product_brand?post=110812"},{"taxonomy":"product_cat","embeddable":true,"href":"https:\/\/www.claret.cat\/es\/wp-json\/wp\/v2\/product_cat?post=110812"},{"taxonomy":"product_tag","embeddable":true,"href":"https:\/\/www.claret.cat\/es\/wp-json\/wp\/v2\/product_tag?post=110812"}],"curies":[{"name":"wp","href":"https:\/\/api.w.org\/{rel}","templated":true}]}}