{"id":110854,"date":"2022-10-12T13:53:23","date_gmt":"2022-10-12T11:53:23","guid":{"rendered":"http:\/\/dev.claret.cat\/producte\/nueva-york-2140\/"},"modified":"2023-01-28T10:49:14","modified_gmt":"2023-01-28T09:49:14","slug":"nueva-york-2140-9788445008874","status":"publish","type":"product","link":"https:\/\/www.claret.cat\/es\/libro\/nueva-york-2140-9788445008874\/","title":{"rendered":"NUEVA YORK 2140"},"content":{"rendered":"<p>A\u00f1o 2140. El agua ha sumergido la ciudad de Nueva York. Los habitantes se han adaptado a la nueva situaci\u00f3n y la ciudad sigue tan bulliciosa y llena de vida como siempre. Aunque trastocada para siempre. Cada calle se ha convertido en un canal, cada rascacielos en una isla. A trav\u00e9s de los ojos de los habitantes de diferentes edificios, Kim Stanley Robinson nos muestra c\u00f3mo una de las ciudades m\u00e1s importantes del mundo ir\u00e1 cambiando con la subida de las mareas. Y tambi\u00e9n, c\u00f3mo todos vamos a cambiar con ello.<br \/> Nueva York 2140\u00a0es una novela extraordinaria e inolvidable de la mano de un autor con una capacidad \u00fanica de explicar su futuro.<\/p>\n","protected":false},"excerpt":{"rendered":"<p>ROBINSON, KIM STANLEY<\/p>\n","protected":false},"featured_media":110855,"template":"","meta":{"_acf_changed":false,"om_disable_all_campaigns":false,"rs_blank_template":"","rs_page_bg_color":"","slide_template_v7":"","inline_featured_image":false,"_monsterinsights_skip_tracking":false,"_monsterinsights_sitenote_active":false,"_monsterinsights_sitenote_note":"","_monsterinsights_sitenote_category":0},"product_brand":[],"product_cat":[127],"product_tag":[],"class_list":{"0":"post-110854","1":"product","2":"type-product","3":"status-publish","4":"has-post-thumbnail","6":"product_cat-novella-contemporania","8":"first","9":"instock","10":"taxable","11":"shipping-taxable","12":"purchasable","13":"product-type-simple"},"acf":{"editorial":[{"ID":6308,"post_author":"3","post_date":"2022-07-28 17:49:24","post_date_gmt":"2022-07-28 15:49:24","post_content":"","post_title":"Minotauro","post_excerpt":"","post_status":"publish","comment_status":"closed","ping_status":"closed","post_password":"","post_name":"minotauro","to_ping":"","pinged":"","post_modified":"2022-07-28 17:49:24","post_modified_gmt":"2022-07-28 15:49:24","post_content_filtered":"","post_parent":0,"guid":"http:\/\/dev.claret.cat\/editorial\/minotauro\/","menu_order":0,"post_type":"editorial","post_mime_type":"","comment_count":"0","filter":"raw"}],"autor":"ROBINSON, KIM STANLEY","codart":"844500887","libros-coleccion":"","ediciones":"1","encuadernacion":"R\u00fastica","fecha_de_publicacion":"01\/05\/2020","novedad":"1","paginas":"643","subtitulo":"","orden":"0","portada":"0","idioma":"spa","autores-libros":[{"ID":161686,"post_author":"3","post_date":"2022-10-14 17:20:13","post_date_gmt":"2022-10-14 15:20:13","post_content":"","post_title":"KIM STANLEY ROBINSON","post_excerpt":"","post_status":"publish","comment_status":"closed","ping_status":"closed","post_password":"","post_name":"kim-stanley-robinson","to_ping":"","pinged":"","post_modified":"2022-10-14 17:20:13","post_modified_gmt":"2022-10-14 15:20:13","post_content_filtered":"","post_parent":0,"guid":"http:\/\/dev.claret.cat\/autor\/kim-stanley-robinson\/","menu_order":0,"post_type":"autor","post_mime_type":"","comment_count":"0","filter":"raw"}]},"aioseo_notices":[],"_links":{"self":[{"href":"https:\/\/www.claret.cat\/es\/wp-json\/wp\/v2\/product\/110854","targetHints":{"allow":["GET"]}}],"collection":[{"href":"https:\/\/www.claret.cat\/es\/wp-json\/wp\/v2\/product"}],"about":[{"href":"https:\/\/www.claret.cat\/es\/wp-json\/wp\/v2\/types\/product"}],"wp:featuredmedia":[{"embeddable":true,"href":"https:\/\/www.claret.cat\/es\/wp-json\/wp\/v2\/media\/110855"}],"wp:attachment":[{"href":"https:\/\/www.claret.cat\/es\/wp-json\/wp\/v2\/media?parent=110854"}],"wp:term":[{"taxonomy":"product_brand","embeddable":true,"href":"https:\/\/www.claret.cat\/es\/wp-json\/wp\/v2\/product_brand?post=110854"},{"taxonomy":"product_cat","embeddable":true,"href":"https:\/\/www.claret.cat\/es\/wp-json\/wp\/v2\/product_cat?post=110854"},{"taxonomy":"product_tag","embeddable":true,"href":"https:\/\/www.claret.cat\/es\/wp-json\/wp\/v2\/product_tag?post=110854"}],"curies":[{"name":"wp","href":"https:\/\/api.w.org\/{rel}","templated":true}]}}