{"id":110857,"date":"2022-10-12T13:53:26","date_gmt":"2022-10-12T11:53:26","guid":{"rendered":"http:\/\/dev.claret.cat\/producte\/indignaos\/"},"modified":"2023-01-28T04:28:44","modified_gmt":"2023-01-28T03:28:44","slug":"indignaos-9788423357499","status":"publish","type":"product","link":"https:\/\/www.claret.cat\/es\/libro\/indignaos-9788423357499\/","title":{"rendered":"\u00a1INDIGNAOS!"},"content":{"rendered":"<p>Diez a\u00f1os despu\u00e9s de su publicaci\u00f3n, el manifiesto que el veterano activista franc\u00e9s St\u00e9phane Hessel escribi\u00f3 en los albores del movimiento del 15M sigue m\u00e1s vigente que nunca. En \u00a1Indignaos!, Hessel, a sus noventa y tres a\u00f1os, llamaba a la \u00abinsurrecci\u00f3n pac\u00edfica\u00bb y a rebelarse, y todas las razones por las que lo hac\u00eda contin\u00faan siendo relevantes en la actualidad \u2014la dictadura de los mercados, el trato a los inmigrantes, la dificultad de acceder a una vida digna\u2014, en un momento de la pol\u00edtica espa\u00f1ola en el que los indignados ya han alcanzado el poder pol\u00edtico.<\/p>\n","protected":false},"excerpt":{"rendered":"<p>HESSEL, ST\u00c9PHANE<\/p>\n","protected":false},"featured_media":110858,"template":"","meta":{"_acf_changed":false,"om_disable_all_campaigns":false,"rs_blank_template":"","rs_page_bg_color":"","slide_template_v7":"","inline_featured_image":false,"_monsterinsights_skip_tracking":false,"_monsterinsights_sitenote_active":false,"_monsterinsights_sitenote_note":"","_monsterinsights_sitenote_category":0},"product_brand":[],"product_cat":[120],"product_tag":[],"class_list":{"0":"post-110857","1":"product","2":"type-product","3":"status-publish","4":"has-post-thumbnail","6":"product_cat-politica","8":"first","9":"instock","10":"taxable","11":"shipping-taxable","12":"purchasable","13":"product-type-simple"},"acf":{"autor":"HESSEL, ST\u00c9PHANE","codart":"842335749","libros-coleccion":"REFERENTES","ediciones":"1","encuadernacion":"R\u00fastica","fecha_de_publicacion":"01\/05\/2020","novedad":"1","paginas":"59","subtitulo":"EL MAYOR ALEGATO A FAVOR DE LA INSURRECCI\u00d3N PAC\u00cdFICA QUE SIGUE INSPIRANDO A LOS","orden":"0","portada":"0","idioma":"spa","editorial":[{"ID":147498,"post_author":"3","post_date":"2022-10-14 11:51:02","post_date_gmt":"2022-10-14 09:51:02","post_content":"","post_title":"Austral","post_excerpt":"","post_status":"publish","comment_status":"closed","ping_status":"closed","post_password":"","post_name":"austral","to_ping":"","pinged":"","post_modified":"2022-10-14 11:51:02","post_modified_gmt":"2022-10-14 09:51:02","post_content_filtered":"","post_parent":0,"guid":"http:\/\/dev.claret.cat\/editorial\/austral\/","menu_order":0,"post_type":"editorial","post_mime_type":"","comment_count":"0","filter":"raw"}],"autores-libros":[{"ID":169805,"post_author":"3","post_date":"2022-10-14 22:30:09","post_date_gmt":"2022-10-14 20:30:09","post_content":"","post_title":"STEPHANE HESSEL","post_excerpt":"","post_status":"publish","comment_status":"closed","ping_status":"closed","post_password":"","post_name":"stephane-hessel","to_ping":"","pinged":"","post_modified":"2022-10-14 22:30:09","post_modified_gmt":"2022-10-14 20:30:09","post_content_filtered":"","post_parent":0,"guid":"http:\/\/dev.claret.cat\/autor\/stephane-hessel\/","menu_order":0,"post_type":"autor","post_mime_type":"","comment_count":"0","filter":"raw"}]},"aioseo_notices":[],"_links":{"self":[{"href":"https:\/\/www.claret.cat\/es\/wp-json\/wp\/v2\/product\/110857","targetHints":{"allow":["GET"]}}],"collection":[{"href":"https:\/\/www.claret.cat\/es\/wp-json\/wp\/v2\/product"}],"about":[{"href":"https:\/\/www.claret.cat\/es\/wp-json\/wp\/v2\/types\/product"}],"wp:featuredmedia":[{"embeddable":true,"href":"https:\/\/www.claret.cat\/es\/wp-json\/wp\/v2\/media\/110858"}],"wp:attachment":[{"href":"https:\/\/www.claret.cat\/es\/wp-json\/wp\/v2\/media?parent=110857"}],"wp:term":[{"taxonomy":"product_brand","embeddable":true,"href":"https:\/\/www.claret.cat\/es\/wp-json\/wp\/v2\/product_brand?post=110857"},{"taxonomy":"product_cat","embeddable":true,"href":"https:\/\/www.claret.cat\/es\/wp-json\/wp\/v2\/product_cat?post=110857"},{"taxonomy":"product_tag","embeddable":true,"href":"https:\/\/www.claret.cat\/es\/wp-json\/wp\/v2\/product_tag?post=110857"}],"curies":[{"name":"wp","href":"https:\/\/api.w.org\/{rel}","templated":true}]}}