{"id":1110,"date":"2022-07-27T15:46:22","date_gmt":"2022-07-27T13:46:22","guid":{"rendered":"http:\/\/dev.claret.cat\/producto\/los-tres-frailecillos-9788491363583\/"},"modified":"2024-05-23T04:04:29","modified_gmt":"2024-05-23T02:04:29","slug":"los-tres-frailecillos-9788491363583","status":"publish","type":"product","link":"https:\/\/www.claret.cat\/es\/libro\/los-tres-frailecillos-9788491363583\/","title":{"rendered":"LOS TRES FRAILECILLOS"},"content":{"rendered":"<p>Una mirada suele entra\u00f1ar una ojeada r\u00e1pida al pasado. Eso hace Los tres frailecillos con lo que nos sucedi\u00f3 al planeta a principios de 2020. Sin embargo, al mismo tiempo que lo reflexionamos, queremos dar a conocer lo que vivimos y lo que percibimos en los meses que estuvimos recluidos entre marzo y junio de ese a\u00f1o. Se nos ocurri\u00f3 montar una misa por las redes sociales y estas p\u00e1ginas son el resultado de esa experiencia,<br \/> puesta ya con la perspectiva que da la esperanza de ver su final y el surgimiento de los viejos problemas que, por desgracia, tal vez jam\u00e1s nos hab\u00edan abandonado del todo. Se trata, pues, de un recuerdo amable, que fue tan extraordinario que creemos que lo podemos dedicar a todos cuantos se asomaron incr\u00e9dulos a nuestra casa y a los balcones durante aquellos momentos extra\u00f1os que nos marcaron para siempre la vida. Nuestra mirada, en definitiva, es, curiosamente, in\u00e9dita, m\u00e1s all\u00e1 de lo mucho que se ha publicado sobre un asunto desde la perspectiva jur\u00eddica, econ\u00f3mica, m\u00e9dica, autobiogr\u00e1fica o sociol\u00f3gica.<\/p>\n","protected":false},"excerpt":{"rendered":"<p>BOADAS LLAVAT, AGUST\u00cd<\/p>\n","protected":false},"featured_media":360832,"template":"","meta":{"_acf_changed":false,"om_disable_all_campaigns":false,"rs_blank_template":"","rs_page_bg_color":"","slide_template_v7":"","inline_featured_image":false,"_monsterinsights_skip_tracking":false,"_monsterinsights_sitenote_active":false,"_monsterinsights_sitenote_note":"","_monsterinsights_sitenote_category":0},"product_brand":[],"product_cat":[581,289,515],"product_tag":[],"class_list":{"0":"post-1110","1":"product","2":"type-product","3":"status-publish","4":"has-post-thumbnail","6":"product_cat-editorial-claret","7":"product_cat-moral-de-la-persona-bioetica","8":"product_cat-moral-de-la-persona-bioetica-teologia-1_espiritualidad","10":"first","11":"instock","12":"taxable","13":"shipping-taxable","14":"purchasable","15":"product-type-simple"},"acf":{"autor":"BOADAS LLAVAT, AGUST\u00cd","codart":"849136358","ediciones":"1","encuadernacion":"R\u00fastica","fecha_de_publicacion":"30\/06\/2021","novedad":"0","paginas":"80","subtitulo":"EL GRAN CONFINAMIENTO DESDE OTRA PERSPECTIVA","orden":"0","portada":"0","idioma":"spa","libros-coleccion":"","autores-libros":[{"ID":5207,"post_author":"3","post_date":"2022-07-28 17:17:04","post_date_gmt":"2022-07-28 15:17:04","post_content":"<span class=\"fontstyle0\">Agust\u00ed Boadas Llavat (Barcelona, 1963) \u00e9s francisc\u00e0. Doctorat en filosofia per la Universitat de Barcelona, els seus estudis s\u2019han complementat amb els teol\u00f2gics a la Facultat de Teologia de Catalunya i els d\u2019organista al Conservatori Superior de M\u00fasica de Barcelona. Durant els darrers trenta anys ha impartit classes com a professor a la Universitat Oberta de Catalunya, a la Universitat Ramon Llull i, darrerament, a l\u2019Ateneu Pontifici Antoni Gaud\u00ed. Cal destacar la seva activitat com a arxiver i bibliotecari provincial dels franciscans de Catalunya fins al 2015 i secretari general de l\u2019Associaci\u00f3 Hisp\u00e0nica d\u2019Estudis Franciscans. Col\u00b7labora des del 1989 amb la Cust\u00f2dia de Terra Santa a trav\u00e9s de la seu de Barcelona. \u00c9s autor de: <\/span><em><span class=\"fontstyle2\">Els franciscans a Catalunya <\/span><\/em><span class=\"fontstyle0\">(Pag\u00e8s Editors, Lleida, 2014). Actualment, treballa al col\u00b7legi Sant Francesc i \u00e9s rector de la parr\u00f2quia hom\u00f2nima de Sabadell.<\/span>","post_title":"AGUST\u00cd BOADAS LLAVAT","post_excerpt":"","post_status":"publish","comment_status":"closed","ping_status":"closed","post_password":"","post_name":"agusti-boadas-llavat","to_ping":"","pinged":"","post_modified":"2024-02-05 11:54:03","post_modified_gmt":"2024-02-05 10:54:03","post_content_filtered":"","post_parent":0,"guid":"http:\/\/dev.claret.cat\/autor\/agusti-boadas-llavat\/","menu_order":0,"post_type":"autor","post_mime_type":"","comment_count":"0","filter":"raw"}],"editorial":[{"ID":6158,"post_author":"3","post_date":"2022-07-28 17:46:08","post_date_gmt":"2022-07-28 15:46:08","post_content":"","post_title":"CLARET","post_excerpt":"","post_status":"publish","comment_status":"closed","ping_status":"closed","post_password":"","post_name":"claret","to_ping":"","pinged":"","post_modified":"2022-07-28 17:46:08","post_modified_gmt":"2022-07-28 15:46:08","post_content_filtered":"","post_parent":0,"guid":"http:\/\/dev.claret.cat\/editorial\/claret\/","menu_order":0,"post_type":"editorial","post_mime_type":"","comment_count":"0","filter":"raw"}],"booktrailer":"","linkebook":"","ficha":"849136358_1688656717.pdf","muestra":"","precioebook":"0","presentacion":"","resenas":""},"aioseo_notices":[],"_links":{"self":[{"href":"https:\/\/www.claret.cat\/es\/wp-json\/wp\/v2\/product\/1110","targetHints":{"allow":["GET"]}}],"collection":[{"href":"https:\/\/www.claret.cat\/es\/wp-json\/wp\/v2\/product"}],"about":[{"href":"https:\/\/www.claret.cat\/es\/wp-json\/wp\/v2\/types\/product"}],"wp:featuredmedia":[{"embeddable":true,"href":"https:\/\/www.claret.cat\/es\/wp-json\/wp\/v2\/media\/360832"}],"wp:attachment":[{"href":"https:\/\/www.claret.cat\/es\/wp-json\/wp\/v2\/media?parent=1110"}],"wp:term":[{"taxonomy":"product_brand","embeddable":true,"href":"https:\/\/www.claret.cat\/es\/wp-json\/wp\/v2\/product_brand?post=1110"},{"taxonomy":"product_cat","embeddable":true,"href":"https:\/\/www.claret.cat\/es\/wp-json\/wp\/v2\/product_cat?post=1110"},{"taxonomy":"product_tag","embeddable":true,"href":"https:\/\/www.claret.cat\/es\/wp-json\/wp\/v2\/product_tag?post=1110"}],"curies":[{"name":"wp","href":"https:\/\/api.w.org\/{rel}","templated":true}]}}