{"id":111111,"date":"2022-10-12T13:57:17","date_gmt":"2022-10-12T11:57:17","guid":{"rendered":"http:\/\/dev.claret.cat\/producte\/mossen-quines-maneres\/"},"modified":"2024-05-23T03:04:16","modified_gmt":"2024-05-23T01:04:16","slug":"mossen-quines-maneres-9788491653431","status":"publish","type":"product","link":"https:\/\/www.claret.cat\/es\/libro\/mossen-quines-maneres-9788491653431\/","title":{"rendered":"MOSS\u00c8N, QUINES MANERES!"},"content":{"rendered":"<p>\u00abFan falta capellans. Aix\u00f2 diuen els bisbes, aix\u00f2 diuen els diaris, aix\u00f2 diuen els sondeigs que es fan a la gent. [&#8230;] Despr\u00e9s, es parla molt dels capellans, en general per dir-ne mal: es comenta com i de qu\u00e8 parlen, quines coses fan o deixen de fer, de qu\u00e8 s&#8217;ocupen i de qu\u00e8 deixen d&#8217;ocupar-se. [&#8230;] Potser alg\u00fa arribar\u00e0 a la conclusi\u00f3 que els capellans s\u00f3n un gran problema per a l&#8217;Esgl\u00e9sia. No em sembla que sigui un gran motiu d&#8217;encoratjament ni per a qui vol ser prevere, ni per a qui intenta ajudar els altres a esdevenir prevere\u00bb. Aix\u00ed comen\u00e7a aquest recull de petits articles en forma d&#8217;exhortaci\u00f3 als preveres, amb l&#8217;estil d&#8217;un suposat text ap\u00f2crif sobre el ministeri sacerdotal. Com si fos sant Ambr\u00f2s mateix qui s&#8217;adrec\u00e9s al clergat milan\u00e8s. Amb delicadesa i sentit de l&#8217;humor, i un bon coneixament de la vida d&#8221;un capell\u00e0 de parr\u00f2quia, Delpini va esbossant un model de capell\u00e0, de comunitat i Esgl\u00e9sia acollidors i propers a la gent, bons transmissors de l&#8217;Evangeli i sense clericalismes. Mario Delpini (Gallarate, Lombardia, 1951) \u00e9s arquebisbe de Mil\u00e0 des de juliol de 2017. Va estudiar literatura, teologia i patr\u00edstica i va ser rector del Seminari i professor de la Facultat de Teologia del Nord d&#8217;It\u00e0lia. A m\u00e9s a m\u00e9s de la recerca cient\u00edfica dedicada a la literatura antiga i la teologia dels Pares de l&#8217;Esgl\u00e9sia, Mario Delpini \u00e9s autor de diverses obres sobre la vida cristiana, adre\u00e7ades en particular als joves, amb un estil esmolat i ir\u00f2nic. El CPL li ha publicat, dins la col\u00b7lecci\u00f3 Dossiers CPL I la papallona va volar.<\/p>\n","protected":false},"excerpt":{"rendered":"<p>DESPINI, MARIO<\/p>\n","protected":false},"featured_media":361406,"template":"","meta":{"_acf_changed":false,"om_disable_all_campaigns":false,"rs_blank_template":"","rs_page_bg_color":"","slide_template_v7":"","inline_featured_image":false,"_monsterinsights_skip_tracking":false,"_monsterinsights_sitenote_active":false,"_monsterinsights_sitenote_note":"","_monsterinsights_sitenote_category":0},"product_brand":[],"product_cat":[90,540],"product_tag":[],"class_list":{"0":"post-111111","1":"product","2":"type-product","3":"status-publish","4":"has-post-thumbnail","6":"product_cat-altres","7":"product_cat-otros","9":"first","10":"instock","11":"taxable","12":"shipping-taxable","13":"purchasable","14":"product-type-simple"},"acf":{"editorial":[{"ID":6172,"post_author":"3","post_date":"2022-07-28 17:46:27","post_date_gmt":"2022-07-28 15:46:27","post_content":"","post_title":"CPL","post_excerpt":"","post_status":"publish","comment_status":"closed","ping_status":"closed","post_password":"","post_name":"cpl","to_ping":"","pinged":"","post_modified":"2022-07-28 17:46:27","post_modified_gmt":"2022-07-28 15:46:27","post_content_filtered":"","post_parent":0,"guid":"http:\/\/dev.claret.cat\/editorial\/cpl\/","menu_order":0,"post_type":"editorial","post_mime_type":"","comment_count":"0","filter":"raw"}],"autor":"DESPINI, MARIO","codart":"849165343","libros-coleccion":"Ema\u00fas","ediciones":"1","encuadernacion":"R\u00fastica","fecha_de_publicacion":"17\/06\/2020","novedad":"1","paginas":"136","subtitulo":"PETIT MANUAL PASTORAL DE BONS COSTUMS","orden":"0","portada":"0","idioma":"cat","autores-libros":[{"ID":163973,"post_author":"3","post_date":"2022-10-14 17:43:20","post_date_gmt":"2022-10-14 15:43:20","post_content":"","post_title":"MARIO DESPINI","post_excerpt":"","post_status":"publish","comment_status":"closed","ping_status":"closed","post_password":"","post_name":"mario-despini","to_ping":"","pinged":"","post_modified":"2022-10-14 17:43:20","post_modified_gmt":"2022-10-14 15:43:20","post_content_filtered":"","post_parent":0,"guid":"http:\/\/dev.claret.cat\/autor\/mario-despini\/","menu_order":0,"post_type":"autor","post_mime_type":"","comment_count":"0","filter":"raw"}]},"aioseo_notices":[],"_links":{"self":[{"href":"https:\/\/www.claret.cat\/es\/wp-json\/wp\/v2\/product\/111111","targetHints":{"allow":["GET"]}}],"collection":[{"href":"https:\/\/www.claret.cat\/es\/wp-json\/wp\/v2\/product"}],"about":[{"href":"https:\/\/www.claret.cat\/es\/wp-json\/wp\/v2\/types\/product"}],"wp:featuredmedia":[{"embeddable":true,"href":"https:\/\/www.claret.cat\/es\/wp-json\/wp\/v2\/media\/361406"}],"wp:attachment":[{"href":"https:\/\/www.claret.cat\/es\/wp-json\/wp\/v2\/media?parent=111111"}],"wp:term":[{"taxonomy":"product_brand","embeddable":true,"href":"https:\/\/www.claret.cat\/es\/wp-json\/wp\/v2\/product_brand?post=111111"},{"taxonomy":"product_cat","embeddable":true,"href":"https:\/\/www.claret.cat\/es\/wp-json\/wp\/v2\/product_cat?post=111111"},{"taxonomy":"product_tag","embeddable":true,"href":"https:\/\/www.claret.cat\/es\/wp-json\/wp\/v2\/product_tag?post=111111"}],"curies":[{"name":"wp","href":"https:\/\/api.w.org\/{rel}","templated":true}]}}