{"id":111150,"date":"2022-10-12T13:57:53","date_gmt":"2022-10-12T11:57:53","guid":{"rendered":"http:\/\/dev.claret.cat\/producte\/interioridad\/"},"modified":"2024-05-02T08:12:12","modified_gmt":"2024-05-02T06:12:12","slug":"interioridad-9788428558297","status":"publish","type":"product","link":"https:\/\/www.claret.cat\/es\/libro\/interioridad-9788428558297\/","title":{"rendered":"INTERIORIDAD"},"content":{"rendered":"<p>El ser humano ha sentido siempre la necesidad de descubrir en la escucha de su propio interior la br\u00fajula de su caminar existencial, el sentido de su vida y la presencia del Misterio. Una b\u00fasqueda que se acent\u00faa en tiempos de crisis. Txemi Santamar\u00eda nos gu\u00eda por este viaje hacia nuestra interioridad en un libro para sentir, para meditar, para leer desde el coraz\u00f3n. Para ello, aborda de manera progresiva la experiencia vivencial, que se hace consciente y otorga sentido, y que abre a la trascendencia. Cada cap\u00edtulo est\u00e1 dividido en tres momentos: una invitaci\u00f3n a la reflexi\u00f3n desde una perspectiva m\u00e1s te\u00f3rica, un acercamiento m\u00e1s sentido, bajo el ep\u00edgrafe \u00abMedita\u00bb, donde se proponen reflexiones para llevar a la vida las cuestiones planteadas, y una parte m\u00e1s pr\u00e1ctica, compuesta de ejercicios experienciales para seguir profundizando desde el silencio.<\/p>\n","protected":false},"excerpt":{"rendered":"<p>SANTAMAR\u00cdA, TXEMI<\/p>\n","protected":false},"featured_media":336285,"template":"","meta":{"_acf_changed":false,"om_disable_all_campaigns":false,"rs_blank_template":"","rs_page_bg_color":"","slide_template_v7":"","inline_featured_image":false,"_monsterinsights_skip_tracking":false,"_monsterinsights_sitenote_active":false,"_monsterinsights_sitenote_note":"","_monsterinsights_sitenote_category":0},"product_brand":[],"product_cat":[90,540],"product_tag":[],"class_list":{"0":"post-111150","1":"product","2":"type-product","3":"status-publish","4":"has-post-thumbnail","6":"product_cat-altres","7":"product_cat-otros","9":"first","10":"instock","11":"taxable","12":"shipping-taxable","13":"purchasable","14":"product-type-simple"},"acf":{"editorial":[{"ID":6356,"post_author":"3","post_date":"2022-07-28 17:50:26","post_date_gmt":"2022-07-28 15:50:26","post_content":"","post_title":"SAN PABLO COMUNICACI\u00d3N","post_excerpt":"","post_status":"publish","comment_status":"closed","ping_status":"closed","post_password":"","post_name":"san-pablo-comunicacion","to_ping":"","pinged":"","post_modified":"2022-07-28 17:50:26","post_modified_gmt":"2022-07-28 15:50:26","post_content_filtered":"","post_parent":0,"guid":"http:\/\/dev.claret.cat\/editorial\/san-pablo-comunicacion\/","menu_order":0,"post_type":"editorial","post_mime_type":"","comment_count":"0","filter":"raw"}],"autor":"SANTAMAR\u00cdA, TXEMI","codart":"842855829","libros-coleccion":"ADENTRO","ediciones":"1","encuadernacion":"R\u00fastica","fecha_de_publicacion":"15\/06\/2020","novedad":"1","paginas":"80","subtitulo":"","orden":"0","portada":"0","idioma":"spa","autores-libros":[{"ID":170667,"post_author":"3","post_date":"2022-10-14 22:37:12","post_date_gmt":"2022-10-14 20:37:12","post_content":"","post_title":"TXEMI SANTAMAR\u00cdA","post_excerpt":"","post_status":"publish","comment_status":"closed","ping_status":"closed","post_password":"","post_name":"txemi-santamaria","to_ping":"","pinged":"","post_modified":"2022-10-14 22:37:12","post_modified_gmt":"2022-10-14 20:37:12","post_content_filtered":"","post_parent":0,"guid":"http:\/\/dev.claret.cat\/autor\/txemi-santamaria\/","menu_order":0,"post_type":"autor","post_mime_type":"","comment_count":"0","filter":"raw"}]},"aioseo_notices":[],"_links":{"self":[{"href":"https:\/\/www.claret.cat\/es\/wp-json\/wp\/v2\/product\/111150","targetHints":{"allow":["GET"]}}],"collection":[{"href":"https:\/\/www.claret.cat\/es\/wp-json\/wp\/v2\/product"}],"about":[{"href":"https:\/\/www.claret.cat\/es\/wp-json\/wp\/v2\/types\/product"}],"wp:featuredmedia":[{"embeddable":true,"href":"https:\/\/www.claret.cat\/es\/wp-json\/wp\/v2\/media\/336285"}],"wp:attachment":[{"href":"https:\/\/www.claret.cat\/es\/wp-json\/wp\/v2\/media?parent=111150"}],"wp:term":[{"taxonomy":"product_brand","embeddable":true,"href":"https:\/\/www.claret.cat\/es\/wp-json\/wp\/v2\/product_brand?post=111150"},{"taxonomy":"product_cat","embeddable":true,"href":"https:\/\/www.claret.cat\/es\/wp-json\/wp\/v2\/product_cat?post=111150"},{"taxonomy":"product_tag","embeddable":true,"href":"https:\/\/www.claret.cat\/es\/wp-json\/wp\/v2\/product_tag?post=111150"}],"curies":[{"name":"wp","href":"https:\/\/api.w.org\/{rel}","templated":true}]}}