{"id":111216,"date":"2022-10-12T13:58:52","date_gmt":"2022-10-12T11:58:52","guid":{"rendered":"http:\/\/dev.claret.cat\/producte\/la-canuda-i-el-comerc-del-llibre-vell\/"},"modified":"2023-01-28T23:06:28","modified_gmt":"2023-01-28T22:06:28","slug":"la-canuda-i-el-comerc-del-llibre-vell-9788418022401","status":"publish","type":"product","link":"https:\/\/www.claret.cat\/es\/libro\/la-canuda-i-el-comerc-del-llibre-vell-9788418022401\/","title":{"rendered":"LA CANUDA I EL COMER\u00c7 DEL LLIBRE VELL"},"content":{"rendered":"<p>Vet aqu\u00ed la biografia d&#8221;una llibreria. Una de les m\u00e9s emblem\u00e0tiques de la hist\u00f2ria recent de Barcelona. Un aut\u00e8ntic niu de tresors de bibli\u00f2fil. El tancament de la Canuda, l&#8221;any 2013, va representar el cop de porta definitiu a una \u00e8poca de gran vitalitat per a les llibreries de vell i d&#8221;ocasi\u00f3: una vitalitat que avui comen\u00e7a a resultar inversemblant. Aquest llibre \u00e9s un regal per a tots els que van convertir la Canuda en una extensi\u00f3 de<br \/> casa seva.<\/p>\n","protected":false},"excerpt":{"rendered":"<p>LLANAS PONT, MANUEL<\/p>\n","protected":false},"featured_media":111217,"template":"","meta":{"_acf_changed":false,"om_disable_all_campaigns":false,"rs_blank_template":"","rs_page_bg_color":"","slide_template_v7":"","inline_featured_image":false,"_monsterinsights_skip_tracking":false,"_monsterinsights_sitenote_active":false,"_monsterinsights_sitenote_note":"","_monsterinsights_sitenote_category":0},"product_brand":[],"product_cat":[153],"product_tag":[],"class_list":{"0":"post-111216","1":"product","2":"type-product","3":"status-publish","4":"has-post-thumbnail","6":"product_cat-catalunya","8":"first","9":"instock","10":"taxable","11":"shipping-taxable","12":"purchasable","13":"product-type-simple"},"acf":{"editorial":[{"ID":6222,"post_author":"3","post_date":"2022-07-28 17:47:31","post_date_gmt":"2022-07-28 15:47:31","post_content":"","post_title":"Editorial Comanegra","post_excerpt":"","post_status":"publish","comment_status":"closed","ping_status":"closed","post_password":"","post_name":"editorial-comanegra","to_ping":"","pinged":"","post_modified":"2022-07-28 17:47:31","post_modified_gmt":"2022-07-28 15:47:31","post_content_filtered":"","post_parent":0,"guid":"http:\/\/dev.claret.cat\/editorial\/editorial-comanegra\/","menu_order":0,"post_type":"editorial","post_mime_type":"","comment_count":"0","filter":"raw"}],"autor":"LLANAS PONT, MANUEL","codart":"841802240","libros-coleccion":"","ediciones":"1","encuadernacion":"R\u00fastica","fecha_de_publicacion":"01\/06\/2020","novedad":"1","paginas":"221","subtitulo":"CONVERSES AMB SANTI MALLAFR\u00c9","orden":"0","portada":"0","idioma":"cat","autores-libros":[{"ID":163178,"post_author":"3","post_date":"2022-10-14 17:36:57","post_date_gmt":"2022-10-14 15:36:57","post_content":"","post_title":"MANUEL LLANAS PONT","post_excerpt":"","post_status":"publish","comment_status":"closed","ping_status":"closed","post_password":"","post_name":"manuel-llanas-pont","to_ping":"","pinged":"","post_modified":"2022-10-14 17:36:57","post_modified_gmt":"2022-10-14 15:36:57","post_content_filtered":"","post_parent":0,"guid":"http:\/\/dev.claret.cat\/autor\/manuel-llanas-pont\/","menu_order":0,"post_type":"autor","post_mime_type":"","comment_count":"0","filter":"raw"}]},"aioseo_notices":[],"_links":{"self":[{"href":"https:\/\/www.claret.cat\/es\/wp-json\/wp\/v2\/product\/111216","targetHints":{"allow":["GET"]}}],"collection":[{"href":"https:\/\/www.claret.cat\/es\/wp-json\/wp\/v2\/product"}],"about":[{"href":"https:\/\/www.claret.cat\/es\/wp-json\/wp\/v2\/types\/product"}],"wp:featuredmedia":[{"embeddable":true,"href":"https:\/\/www.claret.cat\/es\/wp-json\/wp\/v2\/media\/111217"}],"wp:attachment":[{"href":"https:\/\/www.claret.cat\/es\/wp-json\/wp\/v2\/media?parent=111216"}],"wp:term":[{"taxonomy":"product_brand","embeddable":true,"href":"https:\/\/www.claret.cat\/es\/wp-json\/wp\/v2\/product_brand?post=111216"},{"taxonomy":"product_cat","embeddable":true,"href":"https:\/\/www.claret.cat\/es\/wp-json\/wp\/v2\/product_cat?post=111216"},{"taxonomy":"product_tag","embeddable":true,"href":"https:\/\/www.claret.cat\/es\/wp-json\/wp\/v2\/product_tag?post=111216"}],"curies":[{"name":"wp","href":"https:\/\/api.w.org\/{rel}","templated":true}]}}