{"id":111432,"date":"2022-10-12T14:02:05","date_gmt":"2022-10-12T12:02:05","guid":{"rendered":"http:\/\/dev.claret.cat\/producte\/ernie-pike-edicion-integral\/"},"modified":"2025-11-19T13:10:30","modified_gmt":"2025-11-19T12:10:30","slug":"ernie-pike-edicion-integral-9788467940848","status":"publish","type":"product","link":"https:\/\/www.claret.cat\/es\/libro\/ernie-pike-edicion-integral-9788467940848\/","title":{"rendered":"ERNIE PIKE. EDICION INTEGRAL"},"content":{"rendered":"<p>UNO DE LOS MEJORES C\u00d3MICS B\u00c9LICOS  DE LA HISTORIA POR FIN EN EDICI\u00d3N  INTEGRAL  Ernie Pike es corresponsal en los principales conflictos  b\u00e9licos de la II Guerra Mundial, desde el Pac\u00edfico al norte  de \u00c1frica. Siempre en primera l\u00ednea, narrar\u00e1 como nadie la  solidaridad, la camarader\u00eda y el hero\u00edsmo de los soldados,  pero tambi\u00e9n la traici\u00f3n y el lado m\u00e1s sombr\u00edo de la  condici\u00f3n humana.  Edici\u00f3n integral del gran cl\u00e1sico de H. G. Oesterheld -El  Eternauta, Mort Cinder- y Hugo Pratt, publicado por  primera vez con todos los textos originales. Una obra  maestra atemporal que plasma como ninguna otra la  absurda atrocidad de cualquier guerra.<\/p>\n","protected":false},"excerpt":{"rendered":"<p>PRATT\/ HUGO: CASTERFIELD, H. G.<\/p>\n","protected":false},"featured_media":1066839,"template":"","meta":{"_acf_changed":false,"om_disable_all_campaigns":false,"rs_blank_template":"","rs_page_bg_color":"","slide_template_v7":"","inline_featured_image":false,"_monsterinsights_skip_tracking":false,"_monsterinsights_sitenote_active":false,"_monsterinsights_sitenote_note":"","_monsterinsights_sitenote_category":0},"product_brand":[],"product_cat":[90,540],"product_tag":[],"class_list":{"0":"post-111432","1":"product","2":"type-product","3":"status-publish","4":"has-post-thumbnail","6":"product_cat-altres","7":"product_cat-otros","9":"first","10":"outofstock","11":"taxable","12":"shipping-taxable","13":"purchasable","14":"product-type-simple"},"acf":{"editorial":[{"ID":6315,"post_author":"3","post_date":"2022-07-28 17:49:33","post_date_gmt":"2022-07-28 15:49:33","post_content":"","post_title":"NORMA EDITORIAL S.A","post_excerpt":"","post_status":"publish","comment_status":"closed","ping_status":"closed","post_password":"","post_name":"norma-editorial-s-a","to_ping":"","pinged":"","post_modified":"2022-07-28 17:49:33","post_modified_gmt":"2022-07-28 15:49:33","post_content_filtered":"","post_parent":0,"guid":"http:\/\/dev.claret.cat\/editorial\/norma-editorial-s-a\/","menu_order":0,"post_type":"editorial","post_mime_type":"","comment_count":"0","filter":"raw"}],"autor":"PRATT\/ HUGO: CASTERFIELD, H. G.","codart":"846794084","libros-coleccion":"Europeo","ediciones":"1","encuadernacion":"Carpeta","fecha_de_publicacion":"01\/06\/2020","novedad":"0","paginas":"364","subtitulo":"","orden":"0","portada":"0","idioma":"spa","autores-libros":[{"ID":167414,"post_author":"3","post_date":"2022-10-14 18:11:00","post_date_gmt":"2022-10-14 16:11:00","post_content":"","post_title":"PRATT","post_excerpt":"","post_status":"publish","comment_status":"closed","ping_status":"closed","post_password":"","post_name":"pratt","to_ping":"","pinged":"","post_modified":"2022-10-14 18:11:00","post_modified_gmt":"2022-10-14 16:11:00","post_content_filtered":"","post_parent":0,"guid":"http:\/\/dev.claret.cat\/autor\/pratt\/","menu_order":0,"post_type":"autor","post_mime_type":"","comment_count":"0","filter":"raw"},{"ID":157295,"post_author":"3","post_date":"2022-10-14 15:27:41","post_date_gmt":"2022-10-14 13:27:41","post_content":"","post_title":"H. G. HUGO: CASTERFIELD","post_excerpt":"","post_status":"publish","comment_status":"closed","ping_status":"closed","post_password":"","post_name":"h-g-hugo-casterfield","to_ping":"","pinged":"","post_modified":"2022-10-14 15:27:41","post_modified_gmt":"2022-10-14 13:27:41","post_content_filtered":"","post_parent":0,"guid":"http:\/\/dev.claret.cat\/autor\/h-g-hugo-casterfield\/","menu_order":0,"post_type":"autor","post_mime_type":"","comment_count":"0","filter":"raw"}],"booktrailer":"","resenas":""},"aioseo_notices":[],"_links":{"self":[{"href":"https:\/\/www.claret.cat\/es\/wp-json\/wp\/v2\/product\/111432","targetHints":{"allow":["GET"]}}],"collection":[{"href":"https:\/\/www.claret.cat\/es\/wp-json\/wp\/v2\/product"}],"about":[{"href":"https:\/\/www.claret.cat\/es\/wp-json\/wp\/v2\/types\/product"}],"wp:featuredmedia":[{"embeddable":true,"href":"https:\/\/www.claret.cat\/es\/wp-json\/wp\/v2\/media\/1066839"}],"wp:attachment":[{"href":"https:\/\/www.claret.cat\/es\/wp-json\/wp\/v2\/media?parent=111432"}],"wp:term":[{"taxonomy":"product_brand","embeddable":true,"href":"https:\/\/www.claret.cat\/es\/wp-json\/wp\/v2\/product_brand?post=111432"},{"taxonomy":"product_cat","embeddable":true,"href":"https:\/\/www.claret.cat\/es\/wp-json\/wp\/v2\/product_cat?post=111432"},{"taxonomy":"product_tag","embeddable":true,"href":"https:\/\/www.claret.cat\/es\/wp-json\/wp\/v2\/product_tag?post=111432"}],"curies":[{"name":"wp","href":"https:\/\/api.w.org\/{rel}","templated":true}]}}