{"id":111465,"date":"2022-10-12T14:02:35","date_gmt":"2022-10-12T12:02:35","guid":{"rendered":"http:\/\/dev.claret.cat\/producte\/excursions-a-peu-per-aiguestortes-i-sant-maurici\/"},"modified":"2023-01-28T19:37:54","modified_gmt":"2023-01-28T18:37:54","slug":"excursions-a-peu-per-aiguestortes-i-sant-maurici-9788490349564","status":"publish","type":"product","link":"https:\/\/www.claret.cat\/es\/libro\/excursions-a-peu-per-aiguestortes-i-sant-maurici-9788490349564\/","title":{"rendered":"EXCURSIONS A PEU PER AIG\u00dcESTORTES I SANT MAURICI"},"content":{"rendered":"<p>En aquesta guia trobareu un recull de 15 itineraris que us permetran rec\u00f3rrer un espai natural d&#8221;alt valor ecol\u00f2gic i cultural, el Parc Nacional d&#8221;Aig\u00fcestortes i Estany de Sant Maurici. Podreu resseguir els estanys Llong, de Gerber, Negre, de les Monges i Travessani o el circ lacustre de Colom\u00e8rs, entre d&#8221;altres, que us permetran con\u00e8ixer un dels indrets paisatg\u00edstics m\u00e9s bells dels Pirineus, amb uns ecosistemes molt representatius i una fauna, flora i geologia singulars. En el llibre trobareu, tamb\u00e9, informaci\u00f3 sobre la durada, el desnivell i la topografia de cada ruta, aix\u00ed com mapes i fotografies a tot color. Tamb\u00e9 hi ha una introducci\u00f3 que ajuda a fer una primera aproximaci\u00f3 al medi que es vol trepitjar.  Guia de butxaca en color i per a tots els p\u00fablics<\/p>\n","protected":false},"excerpt":{"rendered":"<p>GREGORI I PONS, FRANCESC XAVIER<\/p>\n","protected":false},"featured_media":111466,"template":"","meta":{"_acf_changed":false,"om_disable_all_campaigns":false,"rs_blank_template":"","rs_page_bg_color":"","slide_template_v7":"","inline_featured_image":false,"_monsterinsights_skip_tracking":false,"_monsterinsights_sitenote_active":false,"_monsterinsights_sitenote_note":"","_monsterinsights_sitenote_category":0},"product_brand":[],"product_cat":[107],"product_tag":[],"class_list":{"0":"post-111465","1":"product","2":"type-product","3":"status-publish","4":"has-post-thumbnail","6":"product_cat-guies-de-viatge","8":"first","9":"instock","10":"taxable","11":"shipping-taxable","12":"purchasable","13":"product-type-simple"},"acf":{"editorial":[{"ID":148407,"post_author":"3","post_date":"2022-10-14 11:58:00","post_date_gmt":"2022-10-14 09:58:00","post_content":"","post_title":"LECTIO - IMATGE-9","post_excerpt":"","post_status":"publish","comment_status":"closed","ping_status":"closed","post_password":"","post_name":"lectio-imatge-9","to_ping":"","pinged":"","post_modified":"2022-10-14 11:58:00","post_modified_gmt":"2022-10-14 09:58:00","post_content_filtered":"","post_parent":0,"guid":"http:\/\/dev.claret.cat\/editorial\/lectio-imatge-9\/","menu_order":0,"post_type":"editorial","post_mime_type":"","comment_count":"0","filter":"raw"}],"autor":"GREGORI I PONS, FRANCESC XAVIER","codart":"849034956","libros-coleccion":"Miniazimuts","ediciones":"1","encuadernacion":"R\u00fastica","fecha_de_publicacion":"01\/06\/2020","novedad":"1","paginas":"70","subtitulo":"","orden":"0","portada":"0","idioma":"cat","autores-libros":[{"ID":156153,"post_author":"3","post_date":"2022-10-14 15:18:32","post_date_gmt":"2022-10-14 13:18:32","post_content":"","post_title":"FRANCESC XAVIER GREGORI I PONS","post_excerpt":"","post_status":"publish","comment_status":"closed","ping_status":"closed","post_password":"","post_name":"francesc-xavier-gregori-i-pons","to_ping":"","pinged":"","post_modified":"2022-10-14 15:18:32","post_modified_gmt":"2022-10-14 13:18:32","post_content_filtered":"","post_parent":0,"guid":"http:\/\/dev.claret.cat\/autor\/francesc-xavier-gregori-i-pons\/","menu_order":0,"post_type":"autor","post_mime_type":"","comment_count":"0","filter":"raw"}]},"aioseo_notices":[],"_links":{"self":[{"href":"https:\/\/www.claret.cat\/es\/wp-json\/wp\/v2\/product\/111465","targetHints":{"allow":["GET"]}}],"collection":[{"href":"https:\/\/www.claret.cat\/es\/wp-json\/wp\/v2\/product"}],"about":[{"href":"https:\/\/www.claret.cat\/es\/wp-json\/wp\/v2\/types\/product"}],"wp:featuredmedia":[{"embeddable":true,"href":"https:\/\/www.claret.cat\/es\/wp-json\/wp\/v2\/media\/111466"}],"wp:attachment":[{"href":"https:\/\/www.claret.cat\/es\/wp-json\/wp\/v2\/media?parent=111465"}],"wp:term":[{"taxonomy":"product_brand","embeddable":true,"href":"https:\/\/www.claret.cat\/es\/wp-json\/wp\/v2\/product_brand?post=111465"},{"taxonomy":"product_cat","embeddable":true,"href":"https:\/\/www.claret.cat\/es\/wp-json\/wp\/v2\/product_cat?post=111465"},{"taxonomy":"product_tag","embeddable":true,"href":"https:\/\/www.claret.cat\/es\/wp-json\/wp\/v2\/product_tag?post=111465"}],"curies":[{"name":"wp","href":"https:\/\/api.w.org\/{rel}","templated":true}]}}