{"id":111550,"date":"2022-10-12T14:04:00","date_gmt":"2022-10-12T12:04:00","guid":{"rendered":"http:\/\/dev.claret.cat\/producte\/maria-zambrano\/"},"modified":"2024-05-22T23:03:01","modified_gmt":"2024-05-22T21:03:01","slug":"maria-zambrano-9788497154604","status":"publish","type":"product","link":"https:\/\/www.claret.cat\/es\/libro\/maria-zambrano-9788497154604\/","title":{"rendered":"MAR\u00cdA ZAMBRANO"},"content":{"rendered":"<p>Desde una posici\u00f3n filos\u00f3fica a contracorriente, que se va configurando como una b\u00fasqueda de la raz\u00f3n po\u00e9tica, Mar\u00eda Zambrano busca abrir \u00abclaros del bosque\u00bb en los que replantear una nueva relaci\u00f3n del ser humano consigo mismo y con el mundo. El tiempo, la persona, los sue\u00f1os, lo sagrado, la democracia\u2026 son \u00e1mbitos en los que se detiene un pensamiento audaz y al mismo tiempo profundamente respetuoso con las zonas de penumbra que no alcanza a iluminar.<\/p>\n<p> En Zambrano, la vieja met\u00e1fora de la raz\u00f3n como luz es repensada para abrazar el claroscuro y percibir, en el mismo momento del alumbrar, el centro oscuro de la llama.<\/p>\n","protected":false},"excerpt":{"rendered":"<p>G\u00d3MEZ TOR\u00c9, JOS\u00c9 LUIS<\/p>\n","protected":false},"featured_media":388167,"template":"","meta":{"_acf_changed":false,"om_disable_all_campaigns":false,"rs_blank_template":"","rs_page_bg_color":"","slide_template_v7":"","inline_featured_image":false,"_monsterinsights_skip_tracking":false,"_monsterinsights_sitenote_active":false,"_monsterinsights_sitenote_note":"","_monsterinsights_sitenote_category":0},"product_brand":[],"product_cat":[373,166],"product_tag":[],"class_list":{"0":"post-111550","1":"product","2":"type-product","3":"status-publish","4":"has-post-thumbnail","6":"product_cat-autores","7":"product_cat-autors-filosofia","9":"first","10":"instock","11":"taxable","12":"shipping-taxable","13":"purchasable","14":"product-type-simple"},"acf":{"editorial":[{"ID":6157,"post_author":"3","post_date":"2022-07-28 17:46:07","post_date_gmt":"2022-07-28 15:46:07","post_content":"","post_title":"Ciudad Nueva","post_excerpt":"","post_status":"publish","comment_status":"closed","ping_status":"closed","post_password":"","post_name":"ciudad-nueva","to_ping":"","pinged":"","post_modified":"2022-07-28 17:46:07","post_modified_gmt":"2022-07-28 15:46:07","post_content_filtered":"","post_parent":0,"guid":"http:\/\/dev.claret.cat\/editorial\/ciudad-nueva\/","menu_order":0,"post_type":"editorial","post_mime_type":"","comment_count":"0","filter":"raw"}],"autor":"G\u00d3MEZ TOR\u00c9, JOS\u00c9 LUIS","codart":"849715460","libros-coleccion":"Pensar con","ediciones":"1","encuadernacion":"R\u00fastica","fecha_de_publicacion":"11\/06\/2020","novedad":"1","paginas":"256","subtitulo":"EL CENTRO OSCURO DE LA LLAMA","orden":"0","portada":"0","idioma":"spa","autores-libros":[{"ID":160329,"post_author":"3","post_date":"2022-10-14 15:52:11","post_date_gmt":"2022-10-14 13:52:11","post_content":"","post_title":"JOS\u00c9 LUIS G\u00d3MEZ TOR\u00c9","post_excerpt":"","post_status":"publish","comment_status":"closed","ping_status":"closed","post_password":"","post_name":"jose-luis-gomez-tore","to_ping":"","pinged":"","post_modified":"2022-10-14 15:52:11","post_modified_gmt":"2022-10-14 13:52:11","post_content_filtered":"","post_parent":0,"guid":"http:\/\/dev.claret.cat\/autor\/jose-luis-gomez-tore\/","menu_order":0,"post_type":"autor","post_mime_type":"","comment_count":"0","filter":"raw"}]},"aioseo_notices":[],"_links":{"self":[{"href":"https:\/\/www.claret.cat\/es\/wp-json\/wp\/v2\/product\/111550","targetHints":{"allow":["GET"]}}],"collection":[{"href":"https:\/\/www.claret.cat\/es\/wp-json\/wp\/v2\/product"}],"about":[{"href":"https:\/\/www.claret.cat\/es\/wp-json\/wp\/v2\/types\/product"}],"wp:featuredmedia":[{"embeddable":true,"href":"https:\/\/www.claret.cat\/es\/wp-json\/wp\/v2\/media\/388167"}],"wp:attachment":[{"href":"https:\/\/www.claret.cat\/es\/wp-json\/wp\/v2\/media?parent=111550"}],"wp:term":[{"taxonomy":"product_brand","embeddable":true,"href":"https:\/\/www.claret.cat\/es\/wp-json\/wp\/v2\/product_brand?post=111550"},{"taxonomy":"product_cat","embeddable":true,"href":"https:\/\/www.claret.cat\/es\/wp-json\/wp\/v2\/product_cat?post=111550"},{"taxonomy":"product_tag","embeddable":true,"href":"https:\/\/www.claret.cat\/es\/wp-json\/wp\/v2\/product_tag?post=111550"}],"curies":[{"name":"wp","href":"https:\/\/api.w.org\/{rel}","templated":true}]}}