{"id":111719,"date":"2022-10-12T14:06:39","date_gmt":"2022-10-12T12:06:39","guid":{"rendered":"http:\/\/dev.claret.cat\/producte\/la-muerte-del-comendador-libro-2\/"},"modified":"2023-01-28T17:06:55","modified_gmt":"2023-01-28T16:06:55","slug":"la-muerte-del-comendador-libro-2-9788490668139","status":"publish","type":"product","link":"https:\/\/www.claret.cat\/es\/libro\/la-muerte-del-comendador-libro-2-9788490668139\/","title":{"rendered":"LA MUERTE DEL COMENDADOR (LIBRO 2)"},"content":{"rendered":"<p>En el primer volumen, dejamos al protagonista deseoso de saber qu\u00e9 se oculta detr\u00e1s del cuadro titulado\u00a0La muerte del comendador. Tambi\u00e9n ha aprendido a convivir con los extra\u00f1os personajes y objetos que lo envuelven desde que se instal\u00f3 en la casa en las monta\u00f1as. Y, a petici\u00f3n de su vecino, ha empezado a esbozar el retrato de una peculiar adolescente, Marie Akikawa. Pero cuando \u00e9sta, una tarde en que regresaba del colegio, desaparece misteriosamente, el protagonista se lanzar\u00e1 en su busca. Y para encontrarla no dudar\u00e1 en enfrentarse a lo desconocido, y tampoco a los terribles dilemas a los que su aventura va a conducirle. \u00bfQu\u00e9 le ocurri\u00f3 en el pasado al autor del cuadro La muerte del comendador? \u00bfQui\u00e9n es el hombre sin rostro?&#8230; En este segundo libro, de ritmo acelerado y lleno de suspense, las inc\u00f3gnitas sembradas en el anterior volumen van desvel\u00e1ndose, y encajan en el lugar que deben ocupar, como en un puzzle, para que el lienzo entero cobre pleno sentido.<\/p>\n","protected":false},"excerpt":{"rendered":"<p>MURAKAMI, HARUKI<\/p>\n","protected":false},"featured_media":111720,"template":"","meta":{"_acf_changed":false,"om_disable_all_campaigns":false,"rs_blank_template":"","rs_page_bg_color":"","slide_template_v7":"","inline_featured_image":false,"_monsterinsights_skip_tracking":false,"_monsterinsights_sitenote_active":false,"_monsterinsights_sitenote_note":"","_monsterinsights_sitenote_category":0},"product_brand":[],"product_cat":[127],"product_tag":[],"class_list":{"0":"post-111719","1":"product","2":"type-product","3":"status-publish","4":"has-post-thumbnail","6":"product_cat-novella-contemporania","8":"first","9":"instock","10":"taxable","11":"shipping-taxable","12":"purchasable","13":"product-type-simple"},"acf":{"editorial":[{"ID":148913,"post_author":"3","post_date":"2022-10-14 12:01:58","post_date_gmt":"2022-10-14 10:01:58","post_content":"","post_title":"Tusquets Editores S.A.","post_excerpt":"","post_status":"publish","comment_status":"closed","ping_status":"closed","post_password":"","post_name":"tusquets-editores-s-a","to_ping":"","pinged":"","post_modified":"2022-10-14 12:01:58","post_modified_gmt":"2022-10-14 10:01:58","post_content_filtered":"","post_parent":0,"guid":"http:\/\/dev.claret.cat\/editorial\/tusquets-editores-s-a\/","menu_order":0,"post_type":"editorial","post_mime_type":"","comment_count":"0","filter":"raw"}],"autor":"MURAKAMI, HARUKI","codart":"849066813","libros-coleccion":"Maxi","ediciones":"1","encuadernacion":"R\u00fastica","fecha_de_publicacion":"01\/06\/2020","novedad":"1","paginas":"494","subtitulo":"","orden":"0","portada":"0","idioma":"spa","autores-libros":[{"ID":157395,"post_author":"3","post_date":"2022-10-14 15:28:29","post_date_gmt":"2022-10-14 13:28:29","post_content":"","post_title":"HARUKI MURAKAMI","post_excerpt":"","post_status":"publish","comment_status":"closed","ping_status":"closed","post_password":"","post_name":"haruki-murakami","to_ping":"","pinged":"","post_modified":"2022-10-14 15:28:29","post_modified_gmt":"2022-10-14 13:28:29","post_content_filtered":"","post_parent":0,"guid":"http:\/\/dev.claret.cat\/autor\/haruki-murakami\/","menu_order":0,"post_type":"autor","post_mime_type":"","comment_count":"0","filter":"raw"}]},"aioseo_notices":[],"_links":{"self":[{"href":"https:\/\/www.claret.cat\/es\/wp-json\/wp\/v2\/product\/111719","targetHints":{"allow":["GET"]}}],"collection":[{"href":"https:\/\/www.claret.cat\/es\/wp-json\/wp\/v2\/product"}],"about":[{"href":"https:\/\/www.claret.cat\/es\/wp-json\/wp\/v2\/types\/product"}],"wp:featuredmedia":[{"embeddable":true,"href":"https:\/\/www.claret.cat\/es\/wp-json\/wp\/v2\/media\/111720"}],"wp:attachment":[{"href":"https:\/\/www.claret.cat\/es\/wp-json\/wp\/v2\/media?parent=111719"}],"wp:term":[{"taxonomy":"product_brand","embeddable":true,"href":"https:\/\/www.claret.cat\/es\/wp-json\/wp\/v2\/product_brand?post=111719"},{"taxonomy":"product_cat","embeddable":true,"href":"https:\/\/www.claret.cat\/es\/wp-json\/wp\/v2\/product_cat?post=111719"},{"taxonomy":"product_tag","embeddable":true,"href":"https:\/\/www.claret.cat\/es\/wp-json\/wp\/v2\/product_tag?post=111719"}],"curies":[{"name":"wp","href":"https:\/\/api.w.org\/{rel}","templated":true}]}}