{"id":111734,"date":"2022-10-12T14:06:52","date_gmt":"2022-10-12T12:06:52","guid":{"rendered":"http:\/\/dev.claret.cat\/producte\/quien-eres-2\/"},"modified":"2023-01-28T21:21:12","modified_gmt":"2023-01-28T20:21:12","slug":"quien-eres-9788408229629","status":"publish","type":"product","link":"https:\/\/www.claret.cat\/es\/libro\/quien-eres-9788408229629\/","title":{"rendered":"\u00bfQUI\u00c9N ERES?"},"content":{"rendered":"<p>Martina es profesora y se resiste a tener que comunicarse con las personas a trav\u00e9s de una pantalla, algo que se est\u00e1 poniendo muy de moda en la Espa\u00f1a de los noventa. Los chats atraen a todo el mundo, pero, sin duda, comienzan a ser una gran fuente de problemas.<br \/> Y justo eso es lo que se encuentra Martina cuando, animada por unos amigos, acepta que entre en su casa, en su sal\u00f3n y en su vida su primer ordenador. Chats, amigos, risas, noches interminables de diversi\u00f3n&#8230; Todo se vuelve id\u00edlico cuando una persona de ese nuevo mundo, a quien ni ha visto nunca ni conoce, llama su atenci\u00f3n, y su sola presencia a trav\u00e9s de la pantalla la atrae cada vez m\u00e1s.<br \/>Sin embargo, de pronto alguien la persigue y acosa, y empieza a tener miedo, sobre todo porque no tiene manera de averiguar si pertenece a la vida real o a la virtual.<br \/>No te pierdas esta nueva novela de Megan Maxwell con la que, adem\u00e1s de disfrutar de una bonita historia de amor, podr\u00e1s sentir, a trav\u00e9s de Martina, miedo, frustraci\u00f3n y valent\u00eda.<br \/> Casi 3.000.000 de ejemplares vendidos de todas sus novelas en papel en Espa\u00f1a<\/p>\n","protected":false},"excerpt":{"rendered":"<p>MAXWELL, MEGAN<\/p>\n","protected":false},"featured_media":111735,"template":"","meta":{"_acf_changed":false,"om_disable_all_campaigns":false,"rs_blank_template":"","rs_page_bg_color":"","slide_template_v7":"","inline_featured_image":false,"_monsterinsights_skip_tracking":false,"_monsterinsights_sitenote_active":false,"_monsterinsights_sitenote_note":"","_monsterinsights_sitenote_category":0},"product_brand":[],"product_cat":[127],"product_tag":[],"class_list":{"0":"post-111734","1":"product","2":"type-product","3":"status-publish","4":"has-post-thumbnail","6":"product_cat-novella-contemporania","8":"first","9":"instock","10":"taxable","11":"shipping-taxable","12":"purchasable","13":"product-type-simple"},"acf":{"editorial":[{"ID":6233,"post_author":"3","post_date":"2022-07-28 17:47:48","post_date_gmt":"2022-07-28 15:47:48","post_content":"","post_title":"EDITORIAL PLANETA","post_excerpt":"","post_status":"publish","comment_status":"closed","ping_status":"closed","post_password":"","post_name":"editorial-planeta","to_ping":"","pinged":"","post_modified":"2022-07-28 17:47:48","post_modified_gmt":"2022-07-28 15:47:48","post_content_filtered":"","post_parent":0,"guid":"http:\/\/dev.claret.cat\/editorial\/editorial-planeta\/","menu_order":0,"post_type":"editorial","post_mime_type":"","comment_count":"0","filter":"raw"}],"autores-libros":[{"ID":5832,"post_author":"3","post_date":"2022-07-28 17:32:26","post_date_gmt":"2022-07-28 15:32:26","post_content":"","post_title":"MEGAN MAXWELL","post_excerpt":"","post_status":"publish","comment_status":"closed","ping_status":"closed","post_password":"","post_name":"megan-maxwell","to_ping":"","pinged":"","post_modified":"2022-07-28 17:32:26","post_modified_gmt":"2022-07-28 15:32:26","post_content_filtered":"","post_parent":0,"guid":"http:\/\/dev.claret.cat\/autor\/megan-maxwell\/","menu_order":0,"post_type":"autor","post_mime_type":"","comment_count":"0","filter":"raw"}],"autor":"MAXWELL, MEGAN","codart":"840822962","libros-coleccion":"CONTEMPORANEA","ediciones":"1","encuadernacion":"R\u00fastica","fecha_de_publicacion":"01\/06\/2020","novedad":"1","paginas":"464","subtitulo":"","orden":"0","portada":"0","idioma":"spa"},"aioseo_notices":[],"_links":{"self":[{"href":"https:\/\/www.claret.cat\/es\/wp-json\/wp\/v2\/product\/111734","targetHints":{"allow":["GET"]}}],"collection":[{"href":"https:\/\/www.claret.cat\/es\/wp-json\/wp\/v2\/product"}],"about":[{"href":"https:\/\/www.claret.cat\/es\/wp-json\/wp\/v2\/types\/product"}],"wp:featuredmedia":[{"embeddable":true,"href":"https:\/\/www.claret.cat\/es\/wp-json\/wp\/v2\/media\/111735"}],"wp:attachment":[{"href":"https:\/\/www.claret.cat\/es\/wp-json\/wp\/v2\/media?parent=111734"}],"wp:term":[{"taxonomy":"product_brand","embeddable":true,"href":"https:\/\/www.claret.cat\/es\/wp-json\/wp\/v2\/product_brand?post=111734"},{"taxonomy":"product_cat","embeddable":true,"href":"https:\/\/www.claret.cat\/es\/wp-json\/wp\/v2\/product_cat?post=111734"},{"taxonomy":"product_tag","embeddable":true,"href":"https:\/\/www.claret.cat\/es\/wp-json\/wp\/v2\/product_tag?post=111734"}],"curies":[{"name":"wp","href":"https:\/\/api.w.org\/{rel}","templated":true}]}}