{"id":111746,"date":"2022-10-12T14:07:03","date_gmt":"2022-10-12T12:07:03","guid":{"rendered":"http:\/\/dev.claret.cat\/producte\/un-cambio-de-verdad\/"},"modified":"2023-01-28T11:58:08","modified_gmt":"2023-01-28T10:58:08","slug":"un-cambio-de-verdad-9788432236419","status":"publish","type":"product","link":"https:\/\/www.claret.cat\/es\/libro\/un-cambio-de-verdad-9788432236419\/","title":{"rendered":"UN CAMBIO DE VERDAD"},"content":{"rendered":"<p>En pleno invierno, Gabi Mart\u00ednez se instala como aprendiz de pastor en la Siberia extreme\u00f1a para experimentar la forma de vida que su madre conoci\u00f3 de ni\u00f1a. All\u00ed sobrevive en un refugio sin calefacci\u00f3n ni agua corriente, al cuidado de m\u00e1s de cuatrocientas ovejas. Pronto conoce a los habitantes de la zona y va impregn\u00e1ndose de sus diferentes maneras de entender el campo. Es entonces cuando decide afrontar un cambio a\u00fan mayor. Uno de verdad.<br \/> A trav\u00e9s de una experiencia radical, este libro despierta nuestra conciencia ambiental, nos conecta con aquellos que nos precedieron y nos ayuda a comprender nuestro presente para transformarlo en un estilo de vida m\u00e1s sencillo, en armon\u00eda con la naturaleza.<br \/> Gabi Mart\u00ednez convierte el g\u00e9nero del nature writing en alta literatura en estas p\u00e1ginas que son la cr\u00f3nica de un autoaprendizaje. El legado de un comunicador y naturalista apasionado como F\u00e9lix Rodr\u00edguez de la Fuente, los efectos del cambio clim\u00e1tico en el entorno y la resistencia heroica de quienes proponen formas sostenibles de producci\u00f3n son algunas de las claves de este relato surgido del propio territorio. Esta lectura que apela a los sentidos nos acerca a agricultores, pastores, ecologistas, hombres y mujeres que subsisten en un paraje natural desconocido de la geograf\u00eda espa\u00f1ola.<\/p>\n","protected":false},"excerpt":{"rendered":"<p>MART\u00cdNEZ, GABI<\/p>\n","protected":false},"featured_media":111747,"template":"","meta":{"_acf_changed":false,"om_disable_all_campaigns":false,"rs_blank_template":"","rs_page_bg_color":"","slide_template_v7":"","inline_featured_image":false,"_monsterinsights_skip_tracking":false,"_monsterinsights_sitenote_active":false,"_monsterinsights_sitenote_note":"","_monsterinsights_sitenote_category":0},"product_brand":[],"product_cat":[99],"product_tag":[],"class_list":{"0":"post-111746","1":"product","2":"type-product","3":"status-publish","4":"has-post-thumbnail","6":"product_cat-biografies","8":"first","9":"instock","10":"taxable","11":"shipping-taxable","12":"purchasable","13":"product-type-simple"},"acf":{"editorial":[{"ID":6361,"post_author":"3","post_date":"2022-07-28 17:50:32","post_date_gmt":"2022-07-28 15:50:32","post_content":"","post_title":"SEIX BARRAL, EDICIONES","post_excerpt":"","post_status":"publish","comment_status":"closed","ping_status":"closed","post_password":"","post_name":"seix-barral-ediciones","to_ping":"","pinged":"","post_modified":"2022-07-28 17:50:32","post_modified_gmt":"2022-07-28 15:50:32","post_content_filtered":"","post_parent":0,"guid":"http:\/\/dev.claret.cat\/editorial\/seix-barral-ediciones\/","menu_order":0,"post_type":"editorial","post_mime_type":"","comment_count":"0","filter":"raw"}],"autor":"MART\u00cdNEZ, GABI","codart":"843223641","libros-coleccion":"Los Tres Mundos","ediciones":"1","encuadernacion":"R\u00fastica","fecha_de_publicacion":"01\/06\/2020","novedad":"1","paginas":"366","subtitulo":"UNA VUELTA AL ORIGEN EN TIERRA DE PASTORES","orden":"0","portada":"0","idioma":"spa","autores-libros":[{"ID":156498,"post_author":"3","post_date":"2022-10-14 15:21:17","post_date_gmt":"2022-10-14 13:21:17","post_content":"","post_title":"GABI MART\u00cdNEZ","post_excerpt":"","post_status":"publish","comment_status":"closed","ping_status":"closed","post_password":"","post_name":"gabi-martinez","to_ping":"","pinged":"","post_modified":"2022-10-14 15:21:17","post_modified_gmt":"2022-10-14 13:21:17","post_content_filtered":"","post_parent":0,"guid":"http:\/\/dev.claret.cat\/autor\/gabi-martinez\/","menu_order":0,"post_type":"autor","post_mime_type":"","comment_count":"0","filter":"raw"}]},"aioseo_notices":[],"_links":{"self":[{"href":"https:\/\/www.claret.cat\/es\/wp-json\/wp\/v2\/product\/111746","targetHints":{"allow":["GET"]}}],"collection":[{"href":"https:\/\/www.claret.cat\/es\/wp-json\/wp\/v2\/product"}],"about":[{"href":"https:\/\/www.claret.cat\/es\/wp-json\/wp\/v2\/types\/product"}],"wp:featuredmedia":[{"embeddable":true,"href":"https:\/\/www.claret.cat\/es\/wp-json\/wp\/v2\/media\/111747"}],"wp:attachment":[{"href":"https:\/\/www.claret.cat\/es\/wp-json\/wp\/v2\/media?parent=111746"}],"wp:term":[{"taxonomy":"product_brand","embeddable":true,"href":"https:\/\/www.claret.cat\/es\/wp-json\/wp\/v2\/product_brand?post=111746"},{"taxonomy":"product_cat","embeddable":true,"href":"https:\/\/www.claret.cat\/es\/wp-json\/wp\/v2\/product_cat?post=111746"},{"taxonomy":"product_tag","embeddable":true,"href":"https:\/\/www.claret.cat\/es\/wp-json\/wp\/v2\/product_tag?post=111746"}],"curies":[{"name":"wp","href":"https:\/\/api.w.org\/{rel}","templated":true}]}}