{"id":112003,"date":"2022-10-12T14:11:02","date_gmt":"2022-10-12T12:11:02","guid":{"rendered":"http:\/\/dev.claret.cat\/producte\/de-la-misa-a-la-mision\/"},"modified":"2024-05-23T08:29:27","modified_gmt":"2024-05-23T06:29:27","slug":"de-la-misa-a-la-mision-9788483539934","status":"publish","type":"product","link":"https:\/\/www.claret.cat\/es\/libro\/de-la-misa-a-la-mision-9788483539934\/","title":{"rendered":"DE LA MISA A LA MISI\u00d3N"},"content":{"rendered":"<p>El relato de Ema\u00fas (Lc 24) ha de ser siempre el referente de los seguidores de Jes\u00fas: Los creyentes nos vemos reflejados en aquellos dos hombres atenazados por la incertidumbre y las dudas, pero que en el camino se produce su conversi\u00f3n pascual porque vuelven a encontrar la fuente de donde brota la alegr\u00eda y la esperanza, y, la fracci\u00f3n del pan (eucarist\u00eda) transfigura sus ojos de modo que pueden reconocer al Jes\u00fas viviente en medio de ellos. El reencuentro con el Resucitado les otorga nuevo aliento, les hace ponerse de nuevo en camino, con j\u00fabilo y con prisa, para contar lo que ha sucedido, para celebrar con los otros, para dar solidez a la comunidad eclesial. As\u00ed entran en el coraz\u00f3n de una Iglesia en misi\u00f3n. Uno de los nombres con los que denominamos la eucarist\u00eda es el de \u201cmisa\u201d, indicando el env\u00edo a llevar adelante la misi\u00f3n eclesial en la vida, pues la eucarist\u00eda ha de ser \u201cprincipio y proyecto de misi\u00f3n\u201d. Por ello, la evangelizaci\u00f3n ha de vivirse con entra\u00f1as eucar\u00edsticas (cf. Evangelii Gaudium 12s).<\/p>\n","protected":false},"excerpt":{"rendered":"<p>CALVO P\u00c9REZ, ROBERTO<\/p>\n","protected":false},"featured_media":357997,"template":"","meta":{"_acf_changed":false,"om_disable_all_campaigns":false,"rs_blank_template":"","rs_page_bg_color":"","slide_template_v7":"","inline_featured_image":false,"_monsterinsights_skip_tracking":false,"_monsterinsights_sitenote_active":false,"_monsterinsights_sitenote_note":"","_monsterinsights_sitenote_category":0},"product_brand":[],"product_cat":[90,540],"product_tag":[],"class_list":{"0":"post-112003","1":"product","2":"type-product","3":"status-publish","4":"has-post-thumbnail","6":"product_cat-altres","7":"product_cat-otros","9":"first","10":"instock","11":"taxable","12":"shipping-taxable","13":"purchasable","14":"product-type-simple"},"acf":{"editorial":[{"ID":6309,"post_author":"3","post_date":"2022-07-28 17:49:25","post_date_gmt":"2022-07-28 15:49:25","post_content":"","post_title":"Monte Carmelo","post_excerpt":"","post_status":"publish","comment_status":"closed","ping_status":"closed","post_password":"","post_name":"monte-carmelo","to_ping":"","pinged":"","post_modified":"2022-07-28 17:49:25","post_modified_gmt":"2022-07-28 15:49:25","post_content_filtered":"","post_parent":0,"guid":"http:\/\/dev.claret.cat\/editorial\/monte-carmelo\/","menu_order":0,"post_type":"editorial","post_mime_type":"","comment_count":"0","filter":"raw"}],"autor":"CALVO P\u00c9REZ, ROBERTO","codart":"848353993","libros-coleccion":"La otra mirada","ediciones":"1","encuadernacion":"R\u00fastica","fecha_de_publicacion":"03\/06\/2020","novedad":"1","paginas":"240","subtitulo":"EVANGELIZAR CON ENTRA\u00d1AS EUCAR\u00cdSTICAS","orden":"0","portada":"0","idioma":"spa","autores-libros":[{"ID":168267,"post_author":"3","post_date":"2022-10-14 18:17:51","post_date_gmt":"2022-10-14 16:17:51","post_content":"","post_title":"ROBERTO CALVO PEREZ","post_excerpt":"","post_status":"publish","comment_status":"closed","ping_status":"closed","post_password":"","post_name":"roberto-calvo-perez","to_ping":"","pinged":"","post_modified":"2022-10-14 18:17:51","post_modified_gmt":"2022-10-14 16:17:51","post_content_filtered":"","post_parent":0,"guid":"http:\/\/dev.claret.cat\/autor\/roberto-calvo-perez\/","menu_order":0,"post_type":"autor","post_mime_type":"","comment_count":"0","filter":"raw"}]},"aioseo_notices":[],"_links":{"self":[{"href":"https:\/\/www.claret.cat\/es\/wp-json\/wp\/v2\/product\/112003","targetHints":{"allow":["GET"]}}],"collection":[{"href":"https:\/\/www.claret.cat\/es\/wp-json\/wp\/v2\/product"}],"about":[{"href":"https:\/\/www.claret.cat\/es\/wp-json\/wp\/v2\/types\/product"}],"wp:featuredmedia":[{"embeddable":true,"href":"https:\/\/www.claret.cat\/es\/wp-json\/wp\/v2\/media\/357997"}],"wp:attachment":[{"href":"https:\/\/www.claret.cat\/es\/wp-json\/wp\/v2\/media?parent=112003"}],"wp:term":[{"taxonomy":"product_brand","embeddable":true,"href":"https:\/\/www.claret.cat\/es\/wp-json\/wp\/v2\/product_brand?post=112003"},{"taxonomy":"product_cat","embeddable":true,"href":"https:\/\/www.claret.cat\/es\/wp-json\/wp\/v2\/product_cat?post=112003"},{"taxonomy":"product_tag","embeddable":true,"href":"https:\/\/www.claret.cat\/es\/wp-json\/wp\/v2\/product_tag?post=112003"}],"curies":[{"name":"wp","href":"https:\/\/api.w.org\/{rel}","templated":true}]}}