{"id":112039,"date":"2022-10-12T14:11:32","date_gmt":"2022-10-12T12:11:32","guid":{"rendered":"http:\/\/dev.claret.cat\/producte\/anna-kadabra-un-monstre-a-la-banyera\/"},"modified":"2026-04-08T12:20:11","modified_gmt":"2026-04-08T10:20:11","slug":"anna-kadabra-3-un-monstre-a-la-banyera-9788418135156","status":"publish","type":"product","link":"https:\/\/www.claret.cat\/es\/libro\/anna-kadabra-3-un-monstre-a-la-banyera-9788418135156\/","title":{"rendered":"ANNA KADABRA 3. UN MONSTRE A LA BANYERA"},"content":{"rendered":"<p>L&#8221;estiu ha arribat al poble de Moonville i l&#8221;Anna i els altres bruixots planegen una excursi\u00f3 al pant\u00e0 per refrescar-se. Per desgr\u00e0cia, els ve\u00efns han convertit l&#8221;indret en un abocador de deixalles. Tot \u00e9s ple de llaunes de refresc, bosses velles, un monstre amb tentacles&#8230; Un monstre?! <br \/>El m\u00e0gic Club de la Lluna Plena s&#8221;hi haur\u00e0 d&#8221;enfrontar i vence&#8221;l! O potser l&#8221;haur\u00e0 de salvar?I si les bruixes fossin les bones del conte? Continua la col\u00b7lecci\u00f3 Anna Kadabra.<\/p>\n","protected":false},"excerpt":{"rendered":"<p>MA\u00d1AS, PEDRO<\/p>\n","protected":false},"featured_media":1047809,"template":"","meta":{"_acf_changed":false,"om_disable_all_campaigns":false,"rs_blank_template":"","rs_page_bg_color":"","slide_template_v7":"","inline_featured_image":false,"_monsterinsights_skip_tracking":false,"_monsterinsights_sitenote_active":false,"_monsterinsights_sitenote_note":"","_monsterinsights_sitenote_category":0},"product_brand":[],"product_cat":[131,361],"product_tag":[],"class_list":{"0":"post-112039","1":"product","2":"type-product","3":"status-publish","4":"has-post-thumbnail","6":"product_cat-contes-per-infants-0-6-anys","7":"product_cat-cuentos-para-ninos-0-6-anos","9":"first","10":"instock","11":"taxable","12":"shipping-taxable","13":"purchasable","14":"product-type-simple"},"acf":{"editorial":[{"ID":6249,"post_author":"3","post_date":"2022-07-28 17:48:09","post_date_gmt":"2022-07-28 15:48:09","post_content":"","post_title":"Estrella Polar","post_excerpt":"","post_status":"publish","comment_status":"closed","ping_status":"closed","post_password":"","post_name":"estrella-polar","to_ping":"","pinged":"","post_modified":"2022-07-28 17:48:09","post_modified_gmt":"2022-07-28 15:48:09","post_content_filtered":"","post_parent":0,"guid":"http:\/\/dev.claret.cat\/editorial\/estrella-polar\/","menu_order":0,"post_type":"editorial","post_mime_type":"","comment_count":"0","filter":"raw"}],"autores-libros":[{"ID":5933,"post_author":"3","post_date":"2022-07-28 17:34:36","post_date_gmt":"2022-07-28 15:34:36","post_content":"","post_title":"PEDRO MA\u00d1AS","post_excerpt":"","post_status":"publish","comment_status":"closed","ping_status":"closed","post_password":"","post_name":"pedro-manas","to_ping":"","pinged":"","post_modified":"2022-07-28 17:34:36","post_modified_gmt":"2022-07-28 15:34:36","post_content_filtered":"","post_parent":0,"guid":"http:\/\/dev.claret.cat\/autor\/pedro-manas\/","menu_order":0,"post_type":"autor","post_mime_type":"","comment_count":"0","filter":"raw"}],"autor":"MA\u00d1AS, PEDRO","codart":"841813515","libros-coleccion":"Anna Kadabra","ediciones":"1","encuadernacion":"R\u00fastica","fecha_de_publicacion":"01\/06\/2020","novedad":"1","paginas":"128","subtitulo":"","orden":"0","portada":"0","idioma":"cat","booktrailer":"","resenas":""},"aioseo_notices":[],"_links":{"self":[{"href":"https:\/\/www.claret.cat\/es\/wp-json\/wp\/v2\/product\/112039","targetHints":{"allow":["GET"]}}],"collection":[{"href":"https:\/\/www.claret.cat\/es\/wp-json\/wp\/v2\/product"}],"about":[{"href":"https:\/\/www.claret.cat\/es\/wp-json\/wp\/v2\/types\/product"}],"wp:featuredmedia":[{"embeddable":true,"href":"https:\/\/www.claret.cat\/es\/wp-json\/wp\/v2\/media\/1047809"}],"wp:attachment":[{"href":"https:\/\/www.claret.cat\/es\/wp-json\/wp\/v2\/media?parent=112039"}],"wp:term":[{"taxonomy":"product_brand","embeddable":true,"href":"https:\/\/www.claret.cat\/es\/wp-json\/wp\/v2\/product_brand?post=112039"},{"taxonomy":"product_cat","embeddable":true,"href":"https:\/\/www.claret.cat\/es\/wp-json\/wp\/v2\/product_cat?post=112039"},{"taxonomy":"product_tag","embeddable":true,"href":"https:\/\/www.claret.cat\/es\/wp-json\/wp\/v2\/product_tag?post=112039"}],"curies":[{"name":"wp","href":"https:\/\/api.w.org\/{rel}","templated":true}]}}