{"id":112081,"date":"2022-10-12T14:12:11","date_gmt":"2022-10-12T12:12:11","guid":{"rendered":"http:\/\/dev.claret.cat\/producte\/la-casita-de-madera\/"},"modified":"2025-04-07T12:05:11","modified_gmt":"2025-04-07T10:05:11","slug":"la-casita-de-madera-9788427222243","status":"publish","type":"product","link":"https:\/\/www.claret.cat\/es\/libro\/la-casita-de-madera-9788427222243\/","title":{"rendered":"LA CASITA DE MADERA"},"content":{"rendered":"<p>Cali es una ni\u00f1a curiosa y divertida a la que le gusta mucho jugar en el jard\u00edn de la Casita de Madera de sus abuelos. All\u00ed se siente feliz cuidando de su perrita, recolectando lechugas del huerto y trepando al cerezo, porque la Casita de Madera es un lugar m\u00e1gico donde puede conectar con la naturaleza.Carla Zaplana presenta ocho cuentos inspirados en su infancia, cuando pasaba los veranos en casa de sus abuelos. Una recopilaci\u00f3n de historias ilustradas por M\u00e0riam Ben-Arab para vivir la magia de la naturaleza, comer sano y sentirse bien.Al final de cada cuento, encontrar\u00e1s recetas, manualidades sostenibles y \u00a1juegos muy divertidos!<\/p>\n","protected":false},"excerpt":{"rendered":"<p>ZAPLANA CARLA<\/p>\n","protected":false},"featured_media":112082,"template":"","meta":{"_acf_changed":false,"om_disable_all_campaigns":false,"rs_blank_template":"","rs_page_bg_color":"","slide_template_v7":"","inline_featured_image":false,"_monsterinsights_skip_tracking":false,"_monsterinsights_sitenote_active":false,"_monsterinsights_sitenote_note":"","_monsterinsights_sitenote_category":0},"product_brand":[],"product_cat":[132,362],"product_tag":[],"class_list":{"0":"post-112081","1":"product","2":"type-product","3":"status-publish","4":"has-post-thumbnail","6":"product_cat-lectures-per-preadolescents-6-12-anys","7":"product_cat-libros-preadolescentes-6-12-anos","9":"first","10":"instock","11":"taxable","12":"shipping-taxable","13":"purchasable","14":"product-type-simple"},"acf":{"editorial":[{"ID":6346,"post_author":"3","post_date":"2022-07-28 17:50:13","post_date_gmt":"2022-07-28 15:50:13","post_content":"","post_title":"RBA Molino","post_excerpt":"","post_status":"publish","comment_status":"closed","ping_status":"closed","post_password":"","post_name":"rba-molino","to_ping":"","pinged":"","post_modified":"2022-07-28 17:50:13","post_modified_gmt":"2022-07-28 15:50:13","post_content_filtered":"","post_parent":0,"guid":"http:\/\/dev.claret.cat\/editorial\/rba-molino\/","menu_order":0,"post_type":"editorial","post_mime_type":"","comment_count":"0","filter":"raw"}],"autor":"ZAPLANA CARLA","codart":"842722224","libros-coleccion":"COFRE ENCANTADO","ediciones":"1","encuadernacion":"Carton\u00e9","fecha_de_publicacion":"01\/05\/2020","novedad":"1","paginas":"87","subtitulo":"","orden":"0","portada":"0","idioma":"spa","autores-libros":[{"ID":171672,"post_author":"3","post_date":"2022-10-14 22:45:18","post_date_gmt":"2022-10-14 20:45:18","post_content":"","post_title":"ZAPLANA CARLA","post_excerpt":"","post_status":"publish","comment_status":"closed","ping_status":"closed","post_password":"","post_name":"zaplana-carla","to_ping":"","pinged":"","post_modified":"2022-10-14 22:45:18","post_modified_gmt":"2022-10-14 20:45:18","post_content_filtered":"","post_parent":0,"guid":"http:\/\/dev.claret.cat\/autor\/zaplana-carla\/","menu_order":0,"post_type":"autor","post_mime_type":"","comment_count":"0","filter":"raw"}]},"aioseo_notices":[],"_links":{"self":[{"href":"https:\/\/www.claret.cat\/es\/wp-json\/wp\/v2\/product\/112081","targetHints":{"allow":["GET"]}}],"collection":[{"href":"https:\/\/www.claret.cat\/es\/wp-json\/wp\/v2\/product"}],"about":[{"href":"https:\/\/www.claret.cat\/es\/wp-json\/wp\/v2\/types\/product"}],"wp:featuredmedia":[{"embeddable":true,"href":"https:\/\/www.claret.cat\/es\/wp-json\/wp\/v2\/media\/112082"}],"wp:attachment":[{"href":"https:\/\/www.claret.cat\/es\/wp-json\/wp\/v2\/media?parent=112081"}],"wp:term":[{"taxonomy":"product_brand","embeddable":true,"href":"https:\/\/www.claret.cat\/es\/wp-json\/wp\/v2\/product_brand?post=112081"},{"taxonomy":"product_cat","embeddable":true,"href":"https:\/\/www.claret.cat\/es\/wp-json\/wp\/v2\/product_cat?post=112081"},{"taxonomy":"product_tag","embeddable":true,"href":"https:\/\/www.claret.cat\/es\/wp-json\/wp\/v2\/product_tag?post=112081"}],"curies":[{"name":"wp","href":"https:\/\/api.w.org\/{rel}","templated":true}]}}