{"id":112189,"date":"2022-10-12T14:13:45","date_gmt":"2022-10-12T12:13:45","guid":{"rendered":"http:\/\/dev.claret.cat\/producte\/la-ira-2\/"},"modified":"2023-01-28T23:19:11","modified_gmt":"2023-01-28T22:19:11","slug":"la-ira-9788417796310","status":"publish","type":"product","link":"https:\/\/www.claret.cat\/es\/libro\/la-ira-9788417796310\/","title":{"rendered":"LA IRA"},"content":{"rendered":"<p>La ira es la manera m\u00e1s fuerte y segura de decir no. Surge de la preocupaci\u00f3n intensa por algo, de una forma concreta de entender el mundo o de la identificaci\u00f3n con alguien. Tambi\u00e9n es  la pasi\u00f3n m\u00e1s vehemente: es como un alzamien\u00adto de todas nuestras potencialidades f\u00edsicas y morales.<\/p>\n<p> La ira nos lleva con mucha m\u00e1s frecuencia a un simulacro de agresi\u00f3n que a una agresi\u00f3n real, aunque no hayamos llevado a cabo ning\u00fan ejercicio estoico. Es un aviso del cuerpo que nos ilustra sobre el funcionamiento del mundo. La ira nos puede desquiciar y fortalecer, nos puede librar de vivir una vida sumisa o de repetir una versi\u00f3n rebajada de las vidas de los dem\u00e1s. Pero la bestia nunca se puede dominar del todo. La tenemos siempre muy cerca, en la cueva, medio dormida. Hemos de bajar con frecuencia, para presentarle nuestros respetos, y tener confianza.<br \/> La serie \u00abPecados capitales\u00bb pretende ofrecer una visi\u00f3n fresca y rigurosa de cada \u00abpecado\u00bb de la mano de nuevas voces del ensayo.<\/p>\n","protected":false},"excerpt":{"rendered":"<p>GARRIGASAIT COLOM\u00c9S, RA\u00dcL<\/p>\n","protected":false},"featured_media":112190,"template":"","meta":{"_acf_changed":false,"om_disable_all_campaigns":false,"rs_blank_template":"","rs_page_bg_color":"","slide_template_v7":"","inline_featured_image":false,"_monsterinsights_skip_tracking":false,"_monsterinsights_sitenote_active":false,"_monsterinsights_sitenote_note":"","_monsterinsights_sitenote_category":0},"product_brand":[],"product_cat":[16],"product_tag":[],"class_list":{"0":"post-112189","1":"product","2":"type-product","3":"status-publish","4":"has-post-thumbnail","6":"product_cat-sense-categoria","8":"first","9":"instock","10":"taxable","11":"shipping-taxable","12":"purchasable","13":"product-type-simple"},"acf":{"editorial":[{"ID":6258,"post_author":"3","post_date":"2022-07-28 17:48:20","post_date_gmt":"2022-07-28 15:48:20","post_content":"","post_title":"FRAGMENTA EDITORIAL","post_excerpt":"","post_status":"publish","comment_status":"closed","ping_status":"closed","post_password":"","post_name":"fragmenta-editorial","to_ping":"","pinged":"","post_modified":"2022-07-28 17:48:20","post_modified_gmt":"2022-07-28 15:48:20","post_content_filtered":"","post_parent":0,"guid":"http:\/\/dev.claret.cat\/editorial\/fragmenta-editorial\/","menu_order":0,"post_type":"editorial","post_mime_type":"","comment_count":"0","filter":"raw"}],"autor":"GARRIGASAIT COLOM\u00c9S, RA\u00dcL","codart":"841779631","libros-coleccion":"Fragmentos","ediciones":"1","encuadernacion":"R\u00fastica","fecha_de_publicacion":"01\/02\/2020","novedad":"1","paginas":"67","subtitulo":"","orden":"0","portada":"0","idioma":"spa","autores-libros":[{"ID":167841,"post_author":"3","post_date":"2022-10-14 18:14:26","post_date_gmt":"2022-10-14 16:14:26","post_content":"","post_title":"RA\u00dcL GARRIGASAIT COLOM\u00c9S","post_excerpt":"","post_status":"publish","comment_status":"closed","ping_status":"closed","post_password":"","post_name":"raul-garrigasait-colomes","to_ping":"","pinged":"","post_modified":"2022-10-14 18:14:26","post_modified_gmt":"2022-10-14 16:14:26","post_content_filtered":"","post_parent":0,"guid":"http:\/\/dev.claret.cat\/autor\/raul-garrigasait-colomes\/","menu_order":0,"post_type":"autor","post_mime_type":"","comment_count":"0","filter":"raw"}]},"aioseo_notices":[],"_links":{"self":[{"href":"https:\/\/www.claret.cat\/es\/wp-json\/wp\/v2\/product\/112189","targetHints":{"allow":["GET"]}}],"collection":[{"href":"https:\/\/www.claret.cat\/es\/wp-json\/wp\/v2\/product"}],"about":[{"href":"https:\/\/www.claret.cat\/es\/wp-json\/wp\/v2\/types\/product"}],"wp:featuredmedia":[{"embeddable":true,"href":"https:\/\/www.claret.cat\/es\/wp-json\/wp\/v2\/media\/112190"}],"wp:attachment":[{"href":"https:\/\/www.claret.cat\/es\/wp-json\/wp\/v2\/media?parent=112189"}],"wp:term":[{"taxonomy":"product_brand","embeddable":true,"href":"https:\/\/www.claret.cat\/es\/wp-json\/wp\/v2\/product_brand?post=112189"},{"taxonomy":"product_cat","embeddable":true,"href":"https:\/\/www.claret.cat\/es\/wp-json\/wp\/v2\/product_cat?post=112189"},{"taxonomy":"product_tag","embeddable":true,"href":"https:\/\/www.claret.cat\/es\/wp-json\/wp\/v2\/product_tag?post=112189"}],"curies":[{"name":"wp","href":"https:\/\/api.w.org\/{rel}","templated":true}]}}