{"id":112195,"date":"2022-10-12T14:13:51","date_gmt":"2022-10-12T12:13:51","guid":{"rendered":"http:\/\/dev.claret.cat\/producte\/meditacion-contemplativa\/"},"modified":"2026-03-09T18:10:11","modified_gmt":"2026-03-09T17:10:11","slug":"meditacion-contemplativa-9788499887555","status":"publish","type":"product","link":"https:\/\/www.claret.cat\/es\/libro\/meditacion-contemplativa-9788499887555\/","title":{"rendered":"MEDITACI\u00d3N CONTEMPLATIVA"},"content":{"rendered":"<p>Este libro es una invitaci\u00f3n a conocerse a uno mismo, disolviendo los espejismos y sombras que nos sumen en el sufrimiento, para llegar a lo verdaderamente real: el Ser. <br \/> Bas\u00e1ndose en cuatro d\u00e9cadas de experiencia personal y las gu\u00edas maestras de Franz J\u00e1lics, representante de la m\u00e1s profunda tradici\u00f3n contemplativa cristiana, y Ramana Maharshi, seguramente el mejor exponente contempor\u00e1neo de la no-dualidad de corte hind\u00fa, Miriam Subirana nos introduce, de una manera sumamente asequible, en la esencia de la pr\u00e1ctica contemplativa y meditativa. Aquella que nos aproxima al Ser. <br \/> El texto incluye ejercicios de meditaciones guiadas en audios.<\/p>\n","protected":false},"excerpt":{"rendered":"<p>SUBIRANA VILANOVA, MIRIAM<\/p>\n","protected":false},"featured_media":269533,"template":"","meta":{"_acf_changed":false,"om_disable_all_campaigns":false,"rs_blank_template":"","rs_page_bg_color":"","slide_template_v7":"","inline_featured_image":false,"_monsterinsights_skip_tracking":false,"_monsterinsights_sitenote_active":false,"_monsterinsights_sitenote_note":"","_monsterinsights_sitenote_category":0},"product_brand":[],"product_cat":[90,540],"product_tag":[],"class_list":{"0":"post-112195","1":"product","2":"type-product","3":"status-publish","4":"has-post-thumbnail","6":"product_cat-altres","7":"product_cat-otros","9":"first","10":"instock","11":"taxable","12":"shipping-taxable","13":"purchasable","14":"product-type-simple"},"acf":{"editorial":[{"ID":6227,"post_author":"3","post_date":"2022-07-28 17:47:37","post_date_gmt":"2022-07-28 15:47:37","post_content":"","post_title":"Editorial Kair\u00f3s","post_excerpt":"","post_status":"publish","comment_status":"closed","ping_status":"closed","post_password":"","post_name":"editorial-kairos","to_ping":"","pinged":"","post_modified":"2022-07-28 17:47:37","post_modified_gmt":"2022-07-28 15:47:37","post_content_filtered":"","post_parent":0,"guid":"http:\/\/dev.claret.cat\/editorial\/editorial-kairos\/","menu_order":0,"post_type":"editorial","post_mime_type":"","comment_count":"0","filter":"raw"}],"autor":"SUBIRANA VILANOVA, MIRIAM","codart":"849988755","libros-coleccion":"Sabidur\u00eda perenne","ediciones":"1","encuadernacion":"R\u00fastica","fecha_de_publicacion":"01\/05\/2020","novedad":"1","paginas":"311","subtitulo":"PRESENCIA, GOZO Y SILENCIO","orden":"0","portada":"0","idioma":"spa","autores-libros":[{"ID":165231,"post_author":"3","post_date":"2022-10-14 17:53:30","post_date_gmt":"2022-10-14 15:53:30","post_content":"","post_title":"MIRIAM SUBIRANA VILANOVA","post_excerpt":"","post_status":"publish","comment_status":"closed","ping_status":"closed","post_password":"","post_name":"miriam-subirana-vilanova","to_ping":"","pinged":"","post_modified":"2022-10-14 17:53:30","post_modified_gmt":"2022-10-14 15:53:30","post_content_filtered":"","post_parent":0,"guid":"http:\/\/dev.claret.cat\/autor\/miriam-subirana-vilanova\/","menu_order":0,"post_type":"autor","post_mime_type":"","comment_count":"0","filter":"raw"}],"booktrailer":"","resenas":""},"aioseo_notices":[],"_links":{"self":[{"href":"https:\/\/www.claret.cat\/es\/wp-json\/wp\/v2\/product\/112195","targetHints":{"allow":["GET"]}}],"collection":[{"href":"https:\/\/www.claret.cat\/es\/wp-json\/wp\/v2\/product"}],"about":[{"href":"https:\/\/www.claret.cat\/es\/wp-json\/wp\/v2\/types\/product"}],"wp:featuredmedia":[{"embeddable":true,"href":"https:\/\/www.claret.cat\/es\/wp-json\/wp\/v2\/media\/269533"}],"wp:attachment":[{"href":"https:\/\/www.claret.cat\/es\/wp-json\/wp\/v2\/media?parent=112195"}],"wp:term":[{"taxonomy":"product_brand","embeddable":true,"href":"https:\/\/www.claret.cat\/es\/wp-json\/wp\/v2\/product_brand?post=112195"},{"taxonomy":"product_cat","embeddable":true,"href":"https:\/\/www.claret.cat\/es\/wp-json\/wp\/v2\/product_cat?post=112195"},{"taxonomy":"product_tag","embeddable":true,"href":"https:\/\/www.claret.cat\/es\/wp-json\/wp\/v2\/product_tag?post=112195"}],"curies":[{"name":"wp","href":"https:\/\/api.w.org\/{rel}","templated":true}]}}