{"id":112207,"date":"2022-10-12T14:14:02","date_gmt":"2022-10-12T12:14:02","guid":{"rendered":"http:\/\/dev.claret.cat\/producte\/la-ira-3\/"},"modified":"2026-03-10T19:26:32","modified_gmt":"2026-03-10T18:26:32","slug":"la-ira-9788417796303","status":"publish","type":"product","link":"https:\/\/www.claret.cat\/es\/libro\/la-ira-9788417796303\/","title":{"rendered":"LA IRA"},"content":{"rendered":"<p>La ira \u00e9s la manera m\u00e9s forta i segura de dir no. Sorgeix de la preocupaci\u00f3 intensa per alguna cosa, d&#8221;una manera concreta d&#8221;entendre el m\u00f3n  o de la identificaci\u00f3 amb alg\u00fa. \u00c9s tamb\u00e9 la passi\u00f3 m\u00e9s vehement: \u00e9s com un al\u00e7ament de totes les nostres potencialitats f\u00edsiques i morals.<\/p>\n<p> La ira ens porta molt m\u00e9s sovint a un simulacre d&#8221;agressi\u00f3 que no pas a una agressi\u00f3 real, encara que no h\u00e0gim fet cap exercici estoic. \u00c9s un av\u00eds del cos que ens il\u00b7lustra sobre el funcionament del m\u00f3n. La ira ens pot trasbalsar i enfortir, ens pot alliberar de viure una vida submisa o de repetir una versi\u00f3 rebaixada de les vides dels altres. Per\u00f2 la b\u00e8stia no es pot dominar mai del tot. La tenim sempre molt a prop, a la cova, mig adormida; hi hem de baixar tot sovint per presentar-li els nostres respectes.<\/p>\n","protected":false},"excerpt":{"rendered":"<p>GARRIGASAIT COLOM\u00c9S, RA\u00dcL<\/p>\n","protected":false},"featured_media":1089219,"template":"","meta":{"_acf_changed":false,"om_disable_all_campaigns":false,"rs_blank_template":"","rs_page_bg_color":"","slide_template_v7":"","inline_featured_image":false,"_monsterinsights_skip_tracking":false,"_monsterinsights_sitenote_active":false,"_monsterinsights_sitenote_note":"","_monsterinsights_sitenote_category":0},"product_brand":[],"product_cat":[90,540],"product_tag":[],"class_list":{"0":"post-112207","1":"product","2":"type-product","3":"status-publish","4":"has-post-thumbnail","6":"product_cat-altres","7":"product_cat-otros","9":"first","10":"outofstock","11":"taxable","12":"shipping-taxable","13":"purchasable","14":"product-type-simple"},"acf":{"editorial":[{"ID":6258,"post_author":"3","post_date":"2022-07-28 17:48:20","post_date_gmt":"2022-07-28 15:48:20","post_content":"","post_title":"FRAGMENTA EDITORIAL","post_excerpt":"","post_status":"publish","comment_status":"closed","ping_status":"closed","post_password":"","post_name":"fragmenta-editorial","to_ping":"","pinged":"","post_modified":"2022-07-28 17:48:20","post_modified_gmt":"2022-07-28 15:48:20","post_content_filtered":"","post_parent":0,"guid":"http:\/\/dev.claret.cat\/editorial\/fragmenta-editorial\/","menu_order":0,"post_type":"editorial","post_mime_type":"","comment_count":"0","filter":"raw"}],"autor":"GARRIGASAIT COLOM\u00c9S, RA\u00dcL","codart":"841779630","libros-coleccion":"Assaig","ediciones":"1","encuadernacion":"R\u00fastica","fecha_de_publicacion":"01\/02\/2020","novedad":"1","paginas":"63","subtitulo":"","orden":"0","portada":"0","idioma":"cat","autores-libros":[{"ID":167841,"post_author":"3","post_date":"2022-10-14 18:14:26","post_date_gmt":"2022-10-14 16:14:26","post_content":"","post_title":"RA\u00dcL GARRIGASAIT COLOM\u00c9S","post_excerpt":"","post_status":"publish","comment_status":"closed","ping_status":"closed","post_password":"","post_name":"raul-garrigasait-colomes","to_ping":"","pinged":"","post_modified":"2022-10-14 18:14:26","post_modified_gmt":"2022-10-14 16:14:26","post_content_filtered":"","post_parent":0,"guid":"http:\/\/dev.claret.cat\/autor\/raul-garrigasait-colomes\/","menu_order":0,"post_type":"autor","post_mime_type":"","comment_count":"0","filter":"raw"}],"booktrailer":"","resenas":""},"aioseo_notices":[],"_links":{"self":[{"href":"https:\/\/www.claret.cat\/es\/wp-json\/wp\/v2\/product\/112207","targetHints":{"allow":["GET"]}}],"collection":[{"href":"https:\/\/www.claret.cat\/es\/wp-json\/wp\/v2\/product"}],"about":[{"href":"https:\/\/www.claret.cat\/es\/wp-json\/wp\/v2\/types\/product"}],"wp:featuredmedia":[{"embeddable":true,"href":"https:\/\/www.claret.cat\/es\/wp-json\/wp\/v2\/media\/1089219"}],"wp:attachment":[{"href":"https:\/\/www.claret.cat\/es\/wp-json\/wp\/v2\/media?parent=112207"}],"wp:term":[{"taxonomy":"product_brand","embeddable":true,"href":"https:\/\/www.claret.cat\/es\/wp-json\/wp\/v2\/product_brand?post=112207"},{"taxonomy":"product_cat","embeddable":true,"href":"https:\/\/www.claret.cat\/es\/wp-json\/wp\/v2\/product_cat?post=112207"},{"taxonomy":"product_tag","embeddable":true,"href":"https:\/\/www.claret.cat\/es\/wp-json\/wp\/v2\/product_tag?post=112207"}],"curies":[{"name":"wp","href":"https:\/\/api.w.org\/{rel}","templated":true}]}}