{"id":112444,"date":"2022-10-12T14:17:39","date_gmt":"2022-10-12T12:17:39","guid":{"rendered":"http:\/\/dev.claret.cat\/producte\/frescor-vegano\/"},"modified":"2025-01-31T15:28:19","modified_gmt":"2025-01-31T14:28:19","slug":"frescor-vegano-9788412100051","status":"publish","type":"product","link":"https:\/\/www.claret.cat\/es\/libro\/frescor-vegano-9788412100051\/","title":{"rendered":"FRESCOR VEGANO"},"content":{"rendered":"<p>En Frescor vegano encontrar\u00e1s polos, sorbetes, granizados, helados y bebidas refrescantes que te sorprender\u00e1n por su originalidad y por la facilidad con la que los podr\u00e1s preparar en casa. Todas las recetas est\u00e1n libres de gluten y de l\u00e1cteos, y no contienen ning\u00fan ingrediente de origen animal, ni grasas hidrogenadas, conservantes, aditivos, colorantes o aromas sint\u00e9ticos, as\u00ed como tampoco edulcorantes artificiales o az\u00facares refinados; solo ingredientes vegetales 100% naturales y de f\u00e1cil digesti\u00f3n y asimilaci\u00f3n.<\/p>\n","protected":false},"excerpt":{"rendered":"<p>LLARGU\u00c9S TRUYOLS, JOSEFINA<\/p>\n","protected":false},"featured_media":112445,"template":"","meta":{"_acf_changed":false,"om_disable_all_campaigns":false,"rs_blank_template":"","rs_page_bg_color":"","slide_template_v7":"","inline_featured_image":false,"_monsterinsights_skip_tracking":false,"_monsterinsights_sitenote_active":false,"_monsterinsights_sitenote_note":"","_monsterinsights_sitenote_category":0},"product_brand":[],"product_cat":[553,103],"product_tag":[],"class_list":{"0":"post-112444","1":"product","2":"type-product","3":"status-publish","4":"has-post-thumbnail","6":"product_cat-cocina","7":"product_cat-cuina","9":"first","10":"instock","11":"taxable","12":"shipping-taxable","13":"purchasable","14":"product-type-simple"},"acf":{"editorial":[{"ID":6203,"post_author":"3","post_date":"2022-07-28 17:47:04","post_date_gmt":"2022-07-28 15:47:04","post_content":"","post_title":"EDICIONES INVISIBLES","post_excerpt":"","post_status":"publish","comment_status":"closed","ping_status":"closed","post_password":"","post_name":"ediciones-invisibles","to_ping":"","pinged":"","post_modified":"2022-07-28 17:47:04","post_modified_gmt":"2022-07-28 15:47:04","post_content_filtered":"","post_parent":0,"guid":"http:\/\/dev.claret.cat\/editorial\/ediciones-invisibles\/","menu_order":0,"post_type":"editorial","post_mime_type":"","comment_count":"0","filter":"raw"}],"autores-libros":[{"ID":160608,"post_author":"3","post_date":"2022-10-14 15:54:27","post_date_gmt":"2022-10-14 13:54:27","post_content":"","post_title":"JOSEFINA LLARGU\u00c9S TRUYOLS","post_excerpt":"","post_status":"publish","comment_status":"closed","ping_status":"closed","post_password":"","post_name":"josefina-llargues-truyols","to_ping":"","pinged":"","post_modified":"2022-10-14 15:54:27","post_modified_gmt":"2022-10-14 13:54:27","post_content_filtered":"","post_parent":0,"guid":"http:\/\/dev.claret.cat\/autor\/josefina-llargues-truyols\/","menu_order":0,"post_type":"autor","post_mime_type":"","comment_count":"0","filter":"raw"}],"autor":"LLARGU\u00c9S TRUYOLS, JOSEFINA","codart":"841210005","libros-coleccion":"Milhojas","ediciones":"1","encuadernacion":"R\u00fastica","fecha_de_publicacion":"01\/03\/2020","novedad":"1","paginas":"215","subtitulo":"HELADOS, SORBETES, GRANIZADOS, BEBIDAS Y CUBITOS SIN L\u00c1CTEOS, NI GLUTEN, NI AZ\u00daC","orden":"0","portada":"0","idioma":"spa"},"aioseo_notices":[],"_links":{"self":[{"href":"https:\/\/www.claret.cat\/es\/wp-json\/wp\/v2\/product\/112444","targetHints":{"allow":["GET"]}}],"collection":[{"href":"https:\/\/www.claret.cat\/es\/wp-json\/wp\/v2\/product"}],"about":[{"href":"https:\/\/www.claret.cat\/es\/wp-json\/wp\/v2\/types\/product"}],"wp:featuredmedia":[{"embeddable":true,"href":"https:\/\/www.claret.cat\/es\/wp-json\/wp\/v2\/media\/112445"}],"wp:attachment":[{"href":"https:\/\/www.claret.cat\/es\/wp-json\/wp\/v2\/media?parent=112444"}],"wp:term":[{"taxonomy":"product_brand","embeddable":true,"href":"https:\/\/www.claret.cat\/es\/wp-json\/wp\/v2\/product_brand?post=112444"},{"taxonomy":"product_cat","embeddable":true,"href":"https:\/\/www.claret.cat\/es\/wp-json\/wp\/v2\/product_cat?post=112444"},{"taxonomy":"product_tag","embeddable":true,"href":"https:\/\/www.claret.cat\/es\/wp-json\/wp\/v2\/product_tag?post=112444"}],"curies":[{"name":"wp","href":"https:\/\/api.w.org\/{rel}","templated":true}]}}