{"id":112483,"date":"2022-10-12T14:18:13","date_gmt":"2022-10-12T12:18:13","guid":{"rendered":"http:\/\/dev.claret.cat\/producte\/de-0-a-3-res-de-pantalles\/"},"modified":"2023-01-28T16:10:25","modified_gmt":"2023-01-28T15:10:25","slug":"de-0-a-3-res-de-pantalles-9788497666961","status":"publish","type":"product","link":"https:\/\/www.claret.cat\/es\/libro\/de-0-a-3-res-de-pantalles-9788497666961\/","title":{"rendered":"DE 0 A 3, RES DE PANTALLES?"},"content":{"rendered":"<p>Hi ha nens i nenes entre 0 i 3 anys que passen de mitjana 2 hores i mitja di\u00e0ries davant de pantalles! Just quan el seu cervell s&#8221;est\u00e0 desenvolupant com mai. Hi ha moltes evid\u00e8ncies cient\u00edfiques que demostren que aix\u00f2 perjudica la seva salut f\u00edsica, mental i relacional.  Els infants necessiten aprendre bons h\u00e0bits d&#8221;alimentaci\u00f3, han de saber com agafar el son, han de poder moure&#8221;s i jugar, han de notar l&#8221;afecte dels adults del seu entorn, han de percebre que s\u00f3n tinguts en compte. Anna Ramis, pedagoga i mare, ens dona pautes per educar els fills prioritzant les seves necessitats i respectant els seus drets. No mirem tant les pantalles i estiguem m\u00e9s pels nostres fills!<\/p>\n","protected":false},"excerpt":{"rendered":"<p>RAMIS ASSENS, ANNA<\/p>\n","protected":false},"featured_media":322526,"template":"","meta":{"_acf_changed":false,"om_disable_all_campaigns":false,"rs_blank_template":"","rs_page_bg_color":"","slide_template_v7":"","inline_featured_image":false,"_monsterinsights_skip_tracking":false,"_monsterinsights_sitenote_active":false,"_monsterinsights_sitenote_note":"","_monsterinsights_sitenote_category":0},"product_brand":[],"product_cat":[194,457],"product_tag":[],"class_list":{"0":"post-112483","1":"product","2":"type-product","3":"status-publish","4":"has-post-thumbnail","6":"product_cat-comunicacio-i-noves-teconologies","7":"product_cat-comunicacion-y-nuevas-teconologias","9":"first","10":"instock","11":"taxable","12":"shipping-taxable","13":"purchasable","14":"product-type-simple"},"acf":{"editorial":[{"ID":6250,"post_author":"3","post_date":"2022-07-28 17:48:10","post_date_gmt":"2022-07-28 15:48:10","post_content":"","post_title":"EUMO EDITORIAL-VALENCIANO\/CATALAN-","post_excerpt":"","post_status":"publish","comment_status":"closed","ping_status":"closed","post_password":"","post_name":"eumo-editorial-valenciano-catalan","to_ping":"","pinged":"","post_modified":"2022-07-28 17:48:10","post_modified_gmt":"2022-07-28 15:48:10","post_content_filtered":"","post_parent":0,"guid":"http:\/\/dev.claret.cat\/editorial\/eumo-editorial-valenciano-catalan\/","menu_order":0,"post_type":"editorial","post_mime_type":"","comment_count":"0","filter":"raw"}],"autor":"RAMIS ASSENS, ANNA","codart":"849766696","libros-coleccion":"En fam\u00edlia","ediciones":"1","encuadernacion":"R\u00fastica","fecha_de_publicacion":"01\/05\/2020","novedad":"1","paginas":"166","subtitulo":"","orden":"0","portada":"0","idioma":"cat","autores-libros":[{"ID":150638,"post_author":"3","post_date":"2022-10-14 14:34:34","post_date_gmt":"2022-10-14 12:34:34","post_content":"","post_title":"ANNA RAMIS ASSENS","post_excerpt":"","post_status":"publish","comment_status":"closed","ping_status":"closed","post_password":"","post_name":"anna-ramis-assens","to_ping":"","pinged":"","post_modified":"2022-10-14 14:34:34","post_modified_gmt":"2022-10-14 12:34:34","post_content_filtered":"","post_parent":0,"guid":"http:\/\/dev.claret.cat\/autor\/anna-ramis-assens\/","menu_order":0,"post_type":"autor","post_mime_type":"","comment_count":"0","filter":"raw"}]},"aioseo_notices":[],"_links":{"self":[{"href":"https:\/\/www.claret.cat\/es\/wp-json\/wp\/v2\/product\/112483","targetHints":{"allow":["GET"]}}],"collection":[{"href":"https:\/\/www.claret.cat\/es\/wp-json\/wp\/v2\/product"}],"about":[{"href":"https:\/\/www.claret.cat\/es\/wp-json\/wp\/v2\/types\/product"}],"wp:featuredmedia":[{"embeddable":true,"href":"https:\/\/www.claret.cat\/es\/wp-json\/wp\/v2\/media\/322526"}],"wp:attachment":[{"href":"https:\/\/www.claret.cat\/es\/wp-json\/wp\/v2\/media?parent=112483"}],"wp:term":[{"taxonomy":"product_brand","embeddable":true,"href":"https:\/\/www.claret.cat\/es\/wp-json\/wp\/v2\/product_brand?post=112483"},{"taxonomy":"product_cat","embeddable":true,"href":"https:\/\/www.claret.cat\/es\/wp-json\/wp\/v2\/product_cat?post=112483"},{"taxonomy":"product_tag","embeddable":true,"href":"https:\/\/www.claret.cat\/es\/wp-json\/wp\/v2\/product_tag?post=112483"}],"curies":[{"name":"wp","href":"https:\/\/api.w.org\/{rel}","templated":true}]}}