{"id":112486,"date":"2022-10-12T14:18:16","date_gmt":"2022-10-12T12:18:16","guid":{"rendered":"http:\/\/dev.claret.cat\/producte\/petits-mamifers-insectivors-rosegadors-i-ratpenats-de-catalunya\/"},"modified":"2025-01-05T10:02:10","modified_gmt":"2025-01-05T09:02:10","slug":"petits-mamifers-insectivors-rosegadors-i-ratpenats-de-catalunya-9788490348956","status":"publish","type":"product","link":"https:\/\/www.claret.cat\/es\/libro\/petits-mamifers-insectivors-rosegadors-i-ratpenats-de-catalunya-9788490348956\/","title":{"rendered":"PETITS MAM\u00cdFERS: INSECT\u00cdVORS, ROSEGADORS I RATPENATS DE CATALUNYA"},"content":{"rendered":"<p>Aquesta \u00e9s la primera guia que inclou totes les esp\u00e8cies de petits mam\u00edfers -insect\u00edvors, rosegadors i quir\u00f2pters- de Catalunya, i complementa la guia de grans mam\u00edfers que ja forma part de la col\u00b7lecci\u00f3.  Tracta de musaranyes, eri\u00e7ons, lirons, talpons i ratolins i ratpenats.  Inclou informaci\u00f3 actualitzada sobre cada esp\u00e8cie, aix\u00ed com detalls sobre els seus h\u00e0bitats i ecologia. Aix\u00ed, a cada l\u00e0mina s&#8221;hi il\u00b7lustren les esp\u00e8cies, que s&#8221;acompanyen d&#8221;un petit text divulgatiu i d&#8221;unes icones amb informaci\u00f3 complement\u00e0ria per facilitar-ne la localitzaci\u00f3 i identificaci\u00f3.<\/p>\n","protected":false},"excerpt":{"rendered":"<p>LLOBET FRAN\u00c7OIS , TONI \/ FLAQUER XX, CARLES \/ TORRE XX, IGNASI<\/p>\n","protected":false},"featured_media":997493,"template":"","meta":{"_acf_changed":false,"om_disable_all_campaigns":false,"rs_blank_template":"","rs_page_bg_color":"","slide_template_v7":"","inline_featured_image":false,"_monsterinsights_skip_tracking":false,"_monsterinsights_sitenote_active":false,"_monsterinsights_sitenote_note":"","_monsterinsights_sitenote_category":0},"product_brand":[],"product_cat":[557,107],"product_tag":[],"class_list":{"0":"post-112486","1":"product","2":"type-product","3":"status-publish","4":"has-post-thumbnail","6":"product_cat-guias-de-viaje","7":"product_cat-guies-de-viatge","9":"first","10":"instock","11":"taxable","12":"shipping-taxable","13":"purchasable","14":"product-type-simple"},"acf":{"editorial":[{"ID":6171,"post_author":"3","post_date":"2022-07-28 17:46:25","post_date_gmt":"2022-07-28 15:46:25","post_content":"","post_title":"COSSETANIA EDICIONS","post_excerpt":"","post_status":"publish","comment_status":"closed","ping_status":"closed","post_password":"","post_name":"cossetania-edicions","to_ping":"","pinged":"","post_modified":"2022-07-28 17:46:25","post_modified_gmt":"2022-07-28 15:46:25","post_content_filtered":"","post_parent":0,"guid":"http:\/\/dev.claret.cat\/editorial\/cossetania-edicions\/","menu_order":0,"post_type":"editorial","post_mime_type":"","comment_count":"0","filter":"raw"}],"autor":"LLOBET FRAN\u00c7OIS , TONI \/ FLAQUER XX, CARLES \/ TORRE XX, IGNASI","codart":"849034895","libros-coleccion":"Miniguia de camp","ediciones":"1","encuadernacion":"R\u00fastica","fecha_de_publicacion":"01\/03\/2020","novedad":"1","paginas":"1","subtitulo":"","orden":"0","portada":"0","idioma":"cat","autores-libros":[{"ID":170546,"post_author":"3","post_date":"2022-10-14 22:36:13","post_date_gmt":"2022-10-14 20:36:13","post_content":"","post_title":"TONI LLOBET FRAN\u00c7OIS","post_excerpt":"","post_status":"publish","comment_status":"closed","ping_status":"closed","post_password":"","post_name":"toni-llobet-francois","to_ping":"","pinged":"","post_modified":"2022-10-14 22:36:13","post_modified_gmt":"2022-10-14 20:36:13","post_content_filtered":"","post_parent":0,"guid":"http:\/\/dev.claret.cat\/autor\/toni-llobet-francois\/","menu_order":0,"post_type":"autor","post_mime_type":"","comment_count":"0","filter":"raw"},{"ID":152145,"post_author":"3","post_date":"2022-10-14 14:46:27","post_date_gmt":"2022-10-14 12:46:27","post_content":"","post_title":"CARLES FLAQUER XX","post_excerpt":"","post_status":"publish","comment_status":"closed","ping_status":"closed","post_password":"","post_name":"carles-flaquer-xx","to_ping":"","pinged":"","post_modified":"2022-10-14 14:46:27","post_modified_gmt":"2022-10-14 12:46:27","post_content_filtered":"","post_parent":0,"guid":"http:\/\/dev.claret.cat\/autor\/carles-flaquer-xx\/","menu_order":0,"post_type":"autor","post_mime_type":"","comment_count":"0","filter":"raw"},{"ID":157811,"post_author":"3","post_date":"2022-10-14 15:31:49","post_date_gmt":"2022-10-14 13:31:49","post_content":"","post_title":"IGNASI TORRE XX","post_excerpt":"","post_status":"publish","comment_status":"closed","ping_status":"closed","post_password":"","post_name":"ignasi-torre-xx","to_ping":"","pinged":"","post_modified":"2022-10-14 15:31:49","post_modified_gmt":"2022-10-14 13:31:49","post_content_filtered":"","post_parent":0,"guid":"http:\/\/dev.claret.cat\/autor\/ignasi-torre-xx\/","menu_order":0,"post_type":"autor","post_mime_type":"","comment_count":"0","filter":"raw"}]},"aioseo_notices":[],"_links":{"self":[{"href":"https:\/\/www.claret.cat\/es\/wp-json\/wp\/v2\/product\/112486","targetHints":{"allow":["GET"]}}],"collection":[{"href":"https:\/\/www.claret.cat\/es\/wp-json\/wp\/v2\/product"}],"about":[{"href":"https:\/\/www.claret.cat\/es\/wp-json\/wp\/v2\/types\/product"}],"wp:featuredmedia":[{"embeddable":true,"href":"https:\/\/www.claret.cat\/es\/wp-json\/wp\/v2\/media\/997493"}],"wp:attachment":[{"href":"https:\/\/www.claret.cat\/es\/wp-json\/wp\/v2\/media?parent=112486"}],"wp:term":[{"taxonomy":"product_brand","embeddable":true,"href":"https:\/\/www.claret.cat\/es\/wp-json\/wp\/v2\/product_brand?post=112486"},{"taxonomy":"product_cat","embeddable":true,"href":"https:\/\/www.claret.cat\/es\/wp-json\/wp\/v2\/product_cat?post=112486"},{"taxonomy":"product_tag","embeddable":true,"href":"https:\/\/www.claret.cat\/es\/wp-json\/wp\/v2\/product_tag?post=112486"}],"curies":[{"name":"wp","href":"https:\/\/api.w.org\/{rel}","templated":true}]}}