{"id":112538,"date":"2022-10-12T14:19:05","date_gmt":"2022-10-12T12:19:05","guid":{"rendered":"http:\/\/dev.claret.cat\/producte\/postales-del-este\/"},"modified":"2023-01-28T11:53:14","modified_gmt":"2023-01-28T10:53:14","slug":"postales-del-este-9788401023590","status":"publish","type":"product","link":"https:\/\/www.claret.cat\/es\/libro\/postales-del-este-9788401023590\/","title":{"rendered":"POSTALES DEL ESTE"},"content":{"rendered":"<p>Una emocionante historia basada en hechos reales sobre la memoria, el  amor y la esperanza en medio del horror de Auschwitz. En septiembre de 1943, la joven Ella llega prisionera al campo de  concentraci\u00f3n de Auschwitz, desde Francia. La jefa del campo de mujeres,  la sanguinaria SS Mar\u00eda Mandel, apodada la Bestia, descubre que su  caligraf\u00eda es perfecta y la incorpora como copista en la Orquesta de  Mujeres. Gracias a su conocimiento de idiomas, Ella comienza a trabajar  en el Bloque Kanad\u00e1 donde encuentra numerosas postales y fotograf\u00edas en  los equipajes de los deportados, y decide escribir en ellas sus  historias para que nadie olvide qui\u00e9nes fueron. Mientras forma lazos de  amistad con las presas, sobrevive a la maldad de sus captores y evita  que descubran su particular resistencia hecha a golpe de palabras, una  rebeli\u00f3n se gesta entre los presos que amenaza a\u00fan m\u00e1s su vida y la del hombre que ama, Joska. Casi cuarenta a\u00f1os despu\u00e9s, la joven Bella recibe una caja llena de  postales. \u00abSon postales que tu madre escribi\u00f3 cuando estuvo en el Este.  As\u00ed las llam\u00f3: Postales del Este. Ella quer\u00eda que las leyeras a su debido tiempo. Y ese tiempo es ahora.\u00bb Combinando ficci\u00f3n con personajes hist\u00f3ricos como Josef Mengele,  Heinrich Himmler, Irma Grese, Rudolf Hoss, Ana Frank o Alma Ros\u00e9, Reyes  Monforte regresa al g\u00e9nero que le ha consagrado como autora. Ricamente  documentada y escrita con pasi\u00f3n y emotividad, ha firmado su obra m\u00e1s  ambiciosa: una historia sobre el poder liberador de las palabras, en el  75 aniversario de la liberaci\u00f3n del campo de concentraci\u00f3n de Auschwitz.<\/p>\n","protected":false},"excerpt":{"rendered":"<p>MONFORTE, REYES<\/p>\n","protected":false},"featured_media":112539,"template":"","meta":{"_acf_changed":false,"om_disable_all_campaigns":false,"rs_blank_template":"","rs_page_bg_color":"","slide_template_v7":"","inline_featured_image":false,"_monsterinsights_skip_tracking":false,"_monsterinsights_sitenote_active":false,"_monsterinsights_sitenote_note":"","_monsterinsights_sitenote_category":0},"product_brand":[],"product_cat":[130],"product_tag":[],"class_list":{"0":"post-112538","1":"product","2":"type-product","3":"status-publish","4":"has-post-thumbnail","6":"product_cat-novella-historica-i-ficcio","8":"first","9":"instock","10":"taxable","11":"shipping-taxable","12":"purchasable","13":"product-type-simple"},"acf":{"editorial":[{"ID":6332,"post_author":"3","post_date":"2022-07-28 17:49:55","post_date_gmt":"2022-07-28 15:49:55","post_content":"","post_title":"PLAZA JANES, S.A.","post_excerpt":"","post_status":"publish","comment_status":"closed","ping_status":"closed","post_password":"","post_name":"plaza-janes-s-a","to_ping":"","pinged":"","post_modified":"2022-07-28 17:49:55","post_modified_gmt":"2022-07-28 15:49:55","post_content_filtered":"","post_parent":0,"guid":"http:\/\/dev.claret.cat\/editorial\/plaza-janes-s-a\/","menu_order":0,"post_type":"editorial","post_mime_type":"","comment_count":"0","filter":"raw"}],"autores-libros":[{"ID":5976,"post_author":"3","post_date":"2022-07-28 17:35:31","post_date_gmt":"2022-07-28 15:35:31","post_content":"","post_title":"REYES MONFORTE","post_excerpt":"","post_status":"publish","comment_status":"closed","ping_status":"closed","post_password":"","post_name":"reyes-monforte","to_ping":"","pinged":"","post_modified":"2022-07-28 17:35:31","post_modified_gmt":"2022-07-28 15:35:31","post_content_filtered":"","post_parent":0,"guid":"http:\/\/dev.claret.cat\/autor\/reyes-monforte\/","menu_order":0,"post_type":"autor","post_mime_type":"","comment_count":"0","filter":"raw"}],"autor":"MONFORTE, REYES","codart":"840102359","libros-coleccion":"\u00c9XITOS","ediciones":"1","encuadernacion":"Carton\u00e9","fecha_de_publicacion":"01\/06\/2020","novedad":"1","paginas":"542","subtitulo":"","orden":"0","portada":"0","idioma":"spa"},"aioseo_notices":[],"_links":{"self":[{"href":"https:\/\/www.claret.cat\/es\/wp-json\/wp\/v2\/product\/112538","targetHints":{"allow":["GET"]}}],"collection":[{"href":"https:\/\/www.claret.cat\/es\/wp-json\/wp\/v2\/product"}],"about":[{"href":"https:\/\/www.claret.cat\/es\/wp-json\/wp\/v2\/types\/product"}],"wp:featuredmedia":[{"embeddable":true,"href":"https:\/\/www.claret.cat\/es\/wp-json\/wp\/v2\/media\/112539"}],"wp:attachment":[{"href":"https:\/\/www.claret.cat\/es\/wp-json\/wp\/v2\/media?parent=112538"}],"wp:term":[{"taxonomy":"product_brand","embeddable":true,"href":"https:\/\/www.claret.cat\/es\/wp-json\/wp\/v2\/product_brand?post=112538"},{"taxonomy":"product_cat","embeddable":true,"href":"https:\/\/www.claret.cat\/es\/wp-json\/wp\/v2\/product_cat?post=112538"},{"taxonomy":"product_tag","embeddable":true,"href":"https:\/\/www.claret.cat\/es\/wp-json\/wp\/v2\/product_tag?post=112538"}],"curies":[{"name":"wp","href":"https:\/\/api.w.org\/{rel}","templated":true}]}}