{"id":11256,"date":"2022-09-30T20:03:23","date_gmt":"2022-09-30T18:03:23","guid":{"rendered":"http:\/\/dev.claret.cat\/producte\/jo-soc-aquell-que-va-matar-franco\/"},"modified":"2024-01-31T20:47:01","modified_gmt":"2024-01-31T19:47:01","slug":"jo-soc-aquell-que-va-matar-franco-9788475887012","status":"publish","type":"product","link":"https:\/\/www.claret.cat\/es\/libro\/jo-soc-aquell-que-va-matar-franco-9788475887012\/","title":{"rendered":"JO SOC AQUELL QUE VA MATAR FRANCO"},"content":{"rendered":"<p>El personatge que afirma haver matat Franco, Agust\u00ed Vilamat, neix el 1916 en una casa modesta de Solsona. Tot i ser un nen prudent, contemplatiu, perd un ull en un accident absurd. Aviat, gr\u00e0cies a les revistes infantils que guarda un notari amic de la fam\u00edlia, descobreix el gust per la lectura i pels secrets de la llengua, que no l\u2019abandonar\u00e0 mai. I aix\u00ed, uns anys m\u00e9s tard, baixa a Barcelona a fer de corrector ling\u00fc\u00edstic, poc abans que esclati la guerra. Una guerra que no s\u2019acaba el 1939, perqu\u00e8 Franco, cedint a les pressions de Hitler, declara la guerra als Aliats i travessa els Pirineus. I la primera acci\u00f3 b\u00e8l\u00b7lica de l\u2019ex\u00e8rcit franquista a Fran\u00e7a \u00e9s de bombardejar el camp d\u2019Argelers, on ha anat a parar l\u2019Agust\u00ed. Qu\u00e8 far\u00e0 aleshores el jove enamorat dels diccionaris?<\/p>\n","protected":false},"excerpt":{"rendered":"<p>LLU\u00cdS LLU\u00cdS, JOAN<\/p>\n","protected":false},"featured_media":71366,"template":"","meta":{"_acf_changed":false,"om_disable_all_campaigns":false,"rs_blank_template":"","rs_page_bg_color":"","slide_template_v7":"","inline_featured_image":false,"_monsterinsights_skip_tracking":false,"_monsterinsights_sitenote_active":false,"_monsterinsights_sitenote_note":"","_monsterinsights_sitenote_category":0},"product_brand":[],"product_cat":[87,353],"product_tag":[],"class_list":{"0":"post-11256","1":"product","2":"type-product","3":"status-publish","4":"has-post-thumbnail","6":"product_cat-literatura","7":"product_cat-literatura-2_humanidades","9":"first","10":"instock","11":"taxable","12":"shipping-taxable","13":"purchasable","14":"product-type-simple"},"acf":{"autor":"LLU\u00cdS LLU\u00cdS, JOAN","codart":"847588701","libros-coleccion":"FORA DE COL.LECCI\u00d3","ediciones":"1","encuadernacion":"Carton\u00e9","fecha_de_publicacion":"14\/02\/2018","novedad":"1","paginas":"304","subtitulo":"PREMI SANT JORDI 2017","orden":"0","portada":"0","idioma":"cat","editorial":[{"ID":6336,"post_author":"3","post_date":"2022-07-28 17:50:00","post_date_gmt":"2022-07-28 15:50:00","post_content":"","post_title":"Proa","post_excerpt":"","post_status":"publish","comment_status":"closed","ping_status":"closed","post_password":"","post_name":"proa","to_ping":"","pinged":"","post_modified":"2022-07-28 17:50:00","post_modified_gmt":"2022-07-28 15:50:00","post_content_filtered":"","post_parent":0,"guid":"http:\/\/dev.claret.cat\/editorial\/proa\/","menu_order":0,"post_type":"editorial","post_mime_type":"","comment_count":"0","filter":"raw"}],"autores-libros":[{"ID":159337,"post_author":"3","post_date":"2022-10-14 15:44:02","post_date_gmt":"2022-10-14 13:44:02","post_content":"","post_title":"JOAN LLU\u00cdS LLU\u00cdS","post_excerpt":"","post_status":"publish","comment_status":"closed","ping_status":"closed","post_password":"","post_name":"joan-lluis-lluis","to_ping":"","pinged":"","post_modified":"2022-10-14 15:44:02","post_modified_gmt":"2022-10-14 13:44:02","post_content_filtered":"","post_parent":0,"guid":"http:\/\/dev.claret.cat\/autor\/joan-lluis-lluis\/","menu_order":0,"post_type":"autor","post_mime_type":"","comment_count":"0","filter":"raw"}]},"aioseo_notices":[],"_links":{"self":[{"href":"https:\/\/www.claret.cat\/es\/wp-json\/wp\/v2\/product\/11256","targetHints":{"allow":["GET"]}}],"collection":[{"href":"https:\/\/www.claret.cat\/es\/wp-json\/wp\/v2\/product"}],"about":[{"href":"https:\/\/www.claret.cat\/es\/wp-json\/wp\/v2\/types\/product"}],"wp:featuredmedia":[{"embeddable":true,"href":"https:\/\/www.claret.cat\/es\/wp-json\/wp\/v2\/media\/71366"}],"wp:attachment":[{"href":"https:\/\/www.claret.cat\/es\/wp-json\/wp\/v2\/media?parent=11256"}],"wp:term":[{"taxonomy":"product_brand","embeddable":true,"href":"https:\/\/www.claret.cat\/es\/wp-json\/wp\/v2\/product_brand?post=11256"},{"taxonomy":"product_cat","embeddable":true,"href":"https:\/\/www.claret.cat\/es\/wp-json\/wp\/v2\/product_cat?post=11256"},{"taxonomy":"product_tag","embeddable":true,"href":"https:\/\/www.claret.cat\/es\/wp-json\/wp\/v2\/product_tag?post=11256"}],"curies":[{"name":"wp","href":"https:\/\/api.w.org\/{rel}","templated":true}]}}