{"id":112578,"date":"2022-10-12T14:19:42","date_gmt":"2022-10-12T12:19:42","guid":{"rendered":"http:\/\/dev.claret.cat\/producte\/antropologia-filosofica-2\/"},"modified":"2024-09-09T10:50:13","modified_gmt":"2024-09-09T08:50:13","slug":"antropologia-filosofica-9788422021339","status":"publish","type":"product","link":"https:\/\/www.claret.cat\/es\/libro\/antropologia-filosofica-9788422021339\/","title":{"rendered":"ANTROPOLOG\u00cdA FILOS\u00d3FICA"},"content":{"rendered":"<p>Este libro recopila diecis\u00e9is textos dispersos y de dif\u00edcil acceso de Paul Ricoeur. Su calidad y pertinencia los convierten en una obra \u00fanica, esencial e indispensable para entender no solamente a Ricoeur, sino tambi\u00e9n la antropolog\u00eda filos\u00f3fica misma. Se trata, por tanto, de un trabajo que muestra el quehacer de la fenomenolog\u00eda hermen\u00e9utica, la manera de hacer filosof\u00eda de una de las mentes m\u00e1s brillantes, perspicaces y, sobre todo, \u00abinquietas\u00bb del siglo XX, un pensador claro y did\u00e1ctico preocupado no solo en explicar y exponer sus ideas, sino en que el lector las comprenda.<\/p>\n","protected":false},"excerpt":{"rendered":"<p>RICOEUR, PAUL<\/p>\n","protected":false},"featured_media":330716,"template":"","meta":{"_acf_changed":false,"om_disable_all_campaigns":false,"rs_blank_template":"","rs_page_bg_color":"","slide_template_v7":"","inline_featured_image":false,"_monsterinsights_skip_tracking":false,"_monsterinsights_sitenote_active":false,"_monsterinsights_sitenote_note":"","_monsterinsights_sitenote_category":0},"product_brand":[],"product_cat":[174,375],"product_tag":[],"class_list":{"0":"post-112578","1":"product","2":"type-product","3":"status-publish","4":"has-post-thumbnail","6":"product_cat-antropologia","7":"product_cat-antropologia-filosofia-2_humanidades","9":"first","10":"instock","11":"taxable","12":"shipping-taxable","13":"purchasable","14":"product-type-simple"},"acf":{"editorial":[{"ID":6142,"post_author":"3","post_date":"2022-07-28 17:45:47","post_date_gmt":"2022-07-28 15:45:47","post_content":"","post_title":"BIBLIOTECA AUTORES CRI   B.A.C","post_excerpt":"","post_status":"publish","comment_status":"closed","ping_status":"closed","post_password":"","post_name":"biblioteca-autores-cri-b-a-c","to_ping":"","pinged":"","post_modified":"2022-07-28 17:45:47","post_modified_gmt":"2022-07-28 15:45:47","post_content_filtered":"","post_parent":0,"guid":"http:\/\/dev.claret.cat\/editorial\/biblioteca-autores-cri-b-a-c\/","menu_order":0,"post_type":"editorial","post_mime_type":"","comment_count":"0","filter":"raw"}],"autor":"RICOEUR, PAUL","codart":"842202133","libros-coleccion":"NORMAL","ediciones":"1","encuadernacion":"Carton\u00e9","fecha_de_publicacion":"01\/03\/2020","novedad":"1","paginas":"422","subtitulo":"","orden":"0","portada":"0","idioma":"spa","autores-libros":[{"ID":166751,"post_author":"3","post_date":"2022-10-14 18:05:45","post_date_gmt":"2022-10-14 16:05:45","post_content":"","post_title":"PAUL RICOEUR","post_excerpt":"","post_status":"publish","comment_status":"closed","ping_status":"closed","post_password":"","post_name":"paul-ricoeur","to_ping":"","pinged":"","post_modified":"2022-10-14 18:05:45","post_modified_gmt":"2022-10-14 16:05:45","post_content_filtered":"","post_parent":0,"guid":"http:\/\/dev.claret.cat\/autor\/paul-ricoeur\/","menu_order":0,"post_type":"autor","post_mime_type":"","comment_count":"0","filter":"raw"}]},"aioseo_notices":[],"_links":{"self":[{"href":"https:\/\/www.claret.cat\/es\/wp-json\/wp\/v2\/product\/112578","targetHints":{"allow":["GET"]}}],"collection":[{"href":"https:\/\/www.claret.cat\/es\/wp-json\/wp\/v2\/product"}],"about":[{"href":"https:\/\/www.claret.cat\/es\/wp-json\/wp\/v2\/types\/product"}],"wp:featuredmedia":[{"embeddable":true,"href":"https:\/\/www.claret.cat\/es\/wp-json\/wp\/v2\/media\/330716"}],"wp:attachment":[{"href":"https:\/\/www.claret.cat\/es\/wp-json\/wp\/v2\/media?parent=112578"}],"wp:term":[{"taxonomy":"product_brand","embeddable":true,"href":"https:\/\/www.claret.cat\/es\/wp-json\/wp\/v2\/product_brand?post=112578"},{"taxonomy":"product_cat","embeddable":true,"href":"https:\/\/www.claret.cat\/es\/wp-json\/wp\/v2\/product_cat?post=112578"},{"taxonomy":"product_tag","embeddable":true,"href":"https:\/\/www.claret.cat\/es\/wp-json\/wp\/v2\/product_tag?post=112578"}],"curies":[{"name":"wp","href":"https:\/\/api.w.org\/{rel}","templated":true}]}}