{"id":112596,"date":"2022-10-12T14:19:58","date_gmt":"2022-10-12T12:19:58","guid":{"rendered":"http:\/\/dev.claret.cat\/producte\/mic-el-drac-sense-foc\/"},"modified":"2026-04-10T12:57:42","modified_gmt":"2026-04-10T10:57:42","slug":"mic-el-drac-sense-foc-9788424666538","status":"publish","type":"product","link":"https:\/\/www.claret.cat\/es\/libro\/mic-el-drac-sense-foc-9788424666538\/","title":{"rendered":"MIC. EL DRAC SENSE FOC"},"content":{"rendered":"<p>El MIC, el personatge estrella de TV3 que triomfa cada tarda al Club Super 3 entre els nens i les nenes. <\/p>\n<p>Viu Sant Jordi amb el Mic! <\/p>\n<p>Un drac sense foc, un cavaller que t\u00e9 gana, o una princesa que no se sap cordar les sabates s\u00f3n alguns dels protagonistes de la hist\u00f2ria. <\/p>\n<p>Les hist\u00f2ries del Mic transmeten valors positius com l&#8221;amistat, la tendresa i molta bondat.<\/p>\n<p>Llibre en format cartr\u00f3 i interiors a tot color, amb lletra maj\u00fascula, ideal per a primers lectors.<\/p>\n","protected":false},"excerpt":{"rendered":"<p>DIVERSOS<\/p>\n","protected":false},"featured_media":1086241,"template":"","meta":{"_acf_changed":false,"om_disable_all_campaigns":false,"rs_blank_template":"","rs_page_bg_color":"","slide_template_v7":"","inline_featured_image":false,"_monsterinsights_skip_tracking":false,"_monsterinsights_sitenote_active":false,"_monsterinsights_sitenote_note":"","_monsterinsights_sitenote_category":0},"product_brand":[],"product_cat":[90,540],"product_tag":[],"class_list":{"0":"post-112596","1":"product","2":"type-product","3":"status-publish","4":"has-post-thumbnail","6":"product_cat-altres","7":"product_cat-otros","9":"first","10":"instock","11":"taxable","12":"shipping-taxable","13":"purchasable","14":"product-type-simple"},"acf":{"autor":"DIVERSOS","codart":"842466653","libros-coleccion":"Basics","ediciones":"1","encuadernacion":"Carpeta","fecha_de_publicacion":"01\/05\/2020","novedad":"1","paginas":"12","subtitulo":"","orden":"0","portada":"0","idioma":"cat","editorial":[{"ID":148189,"post_author":"3","post_date":"2022-10-14 11:56:19","post_date_gmt":"2022-10-14 09:56:19","post_content":"","post_title":"GALERA, EDITORIAL","post_excerpt":"","post_status":"publish","comment_status":"closed","ping_status":"closed","post_password":"","post_name":"galera-editorial","to_ping":"","pinged":"","post_modified":"2022-10-14 11:56:19","post_modified_gmt":"2022-10-14 09:56:19","post_content_filtered":"","post_parent":0,"guid":"http:\/\/dev.claret.cat\/editorial\/galera-editorial\/","menu_order":0,"post_type":"editorial","post_mime_type":"","comment_count":"0","filter":"raw"}],"autores-libros":[{"ID":154213,"post_author":"3","post_date":"2022-10-14 15:03:01","post_date_gmt":"2022-10-14 13:03:01","post_content":"","post_title":"DIVERSOS","post_excerpt":"","post_status":"publish","comment_status":"closed","ping_status":"closed","post_password":"","post_name":"diversos","to_ping":"","pinged":"","post_modified":"2022-10-14 15:03:01","post_modified_gmt":"2022-10-14 13:03:01","post_content_filtered":"","post_parent":0,"guid":"http:\/\/dev.claret.cat\/autor\/diversos\/","menu_order":0,"post_type":"autor","post_mime_type":"","comment_count":"0","filter":"raw"}],"booktrailer":"","resenas":""},"aioseo_notices":[],"_links":{"self":[{"href":"https:\/\/www.claret.cat\/es\/wp-json\/wp\/v2\/product\/112596","targetHints":{"allow":["GET"]}}],"collection":[{"href":"https:\/\/www.claret.cat\/es\/wp-json\/wp\/v2\/product"}],"about":[{"href":"https:\/\/www.claret.cat\/es\/wp-json\/wp\/v2\/types\/product"}],"wp:featuredmedia":[{"embeddable":true,"href":"https:\/\/www.claret.cat\/es\/wp-json\/wp\/v2\/media\/1086241"}],"wp:attachment":[{"href":"https:\/\/www.claret.cat\/es\/wp-json\/wp\/v2\/media?parent=112596"}],"wp:term":[{"taxonomy":"product_brand","embeddable":true,"href":"https:\/\/www.claret.cat\/es\/wp-json\/wp\/v2\/product_brand?post=112596"},{"taxonomy":"product_cat","embeddable":true,"href":"https:\/\/www.claret.cat\/es\/wp-json\/wp\/v2\/product_cat?post=112596"},{"taxonomy":"product_tag","embeddable":true,"href":"https:\/\/www.claret.cat\/es\/wp-json\/wp\/v2\/product_tag?post=112596"}],"curies":[{"name":"wp","href":"https:\/\/api.w.org\/{rel}","templated":true}]}}