{"id":112599,"date":"2022-10-12T14:20:00","date_gmt":"2022-10-12T12:20:00","guid":{"rendered":"http:\/\/dev.claret.cat\/producte\/diario-de-florencia\/"},"modified":"2023-01-28T13:41:38","modified_gmt":"2023-01-28T12:41:38","slug":"diario-de-florencia-9788416673896","status":"publish","type":"product","link":"https:\/\/www.claret.cat\/es\/libro\/diario-de-florencia-9788416673896\/","title":{"rendered":"DIARIO DE FLORENCIA"},"content":{"rendered":"<p>Un testimonio vibrante de la mano de Diana Athill que nos har\u00e1 un poco m\u00e1s familiar la bella ciudad de Florencia.<\/p>\n<p>En agosto de 1947, Diana Athill emprendi\u00f3 un viaje de dos semanas a Florencia junto a su prima Pen, a bordo del tren Golden Arrow. Escrito cuando la autora ten\u00eda treinta a\u00f1os, pero publicado cuando estaba cerca de cumplir los cien, Diario de Florencia atesora las aventuras y los recuerdos de esos d\u00edas inolvidables. En \u00e9l la autora nos habla de la admiraci\u00f3n que sinti\u00f3 por el arte y la arquitectura florentinos, del gusto por la deliciosa cocina italiana y de la amistad con hombres de una belleza para ella ex\u00f3tica.<\/p>\n<p>\u00abDivertida, de una gran inteligencia, y profundamente humana.\u00bb The Herald<\/p>\n<p>\u00abHay algo en la obra de Diana Athill que nos recuerda la sensaci\u00f3n de estar haciendo un nuevo amigo.\u00bb The Observer<\/p>\n","protected":false},"excerpt":{"rendered":"<p>ATHILL, DIANA<\/p>\n","protected":false},"featured_media":112600,"template":"","meta":{"_acf_changed":false,"om_disable_all_campaigns":false,"rs_blank_template":"","rs_page_bg_color":"","slide_template_v7":"","inline_featured_image":false,"_monsterinsights_skip_tracking":false,"_monsterinsights_sitenote_active":false,"_monsterinsights_sitenote_note":"","_monsterinsights_sitenote_category":0},"product_brand":[],"product_cat":[300,127],"product_tag":[],"class_list":{"0":"post-112599","1":"product","2":"type-product","3":"status-publish","4":"has-post-thumbnail","6":"product_cat-guies-i-viatges","7":"product_cat-novella-contemporania","9":"first","10":"instock","11":"taxable","12":"shipping-taxable","13":"purchasable","14":"product-type-simple"},"acf":{"editorial":[{"ID":147610,"post_author":"3","post_date":"2022-10-14 11:51:54","post_date_gmt":"2022-10-14 09:51:54","post_content":"","post_title":"Catedral","post_excerpt":"","post_status":"publish","comment_status":"closed","ping_status":"closed","post_password":"","post_name":"catedral","to_ping":"","pinged":"","post_modified":"2022-10-14 11:51:54","post_modified_gmt":"2022-10-14 09:51:54","post_content_filtered":"","post_parent":0,"guid":"http:\/\/dev.claret.cat\/editorial\/catedral\/","menu_order":0,"post_type":"editorial","post_mime_type":"","comment_count":"0","filter":"raw"}],"autores-libros":[{"ID":154120,"post_author":"3","post_date":"2022-10-14 15:02:16","post_date_gmt":"2022-10-14 13:02:16","post_content":"","post_title":"DIANA ATHILL","post_excerpt":"","post_status":"publish","comment_status":"closed","ping_status":"closed","post_password":"","post_name":"diana-athill","to_ping":"","pinged":"","post_modified":"2022-10-14 15:02:16","post_modified_gmt":"2022-10-14 13:02:16","post_content_filtered":"","post_parent":0,"guid":"http:\/\/dev.claret.cat\/autor\/diana-athill\/","menu_order":0,"post_type":"autor","post_mime_type":"","comment_count":"0","filter":"raw"}],"autor":"ATHILL, DIANA","codart":"841667389","libros-coleccion":"Catedral","ediciones":"1","encuadernacion":"Carton\u00e9","fecha_de_publicacion":"01\/05\/2020","novedad":"1","paginas":"88","subtitulo":"","orden":"0","portada":"0","idioma":"spa"},"aioseo_notices":[],"_links":{"self":[{"href":"https:\/\/www.claret.cat\/es\/wp-json\/wp\/v2\/product\/112599","targetHints":{"allow":["GET"]}}],"collection":[{"href":"https:\/\/www.claret.cat\/es\/wp-json\/wp\/v2\/product"}],"about":[{"href":"https:\/\/www.claret.cat\/es\/wp-json\/wp\/v2\/types\/product"}],"wp:featuredmedia":[{"embeddable":true,"href":"https:\/\/www.claret.cat\/es\/wp-json\/wp\/v2\/media\/112600"}],"wp:attachment":[{"href":"https:\/\/www.claret.cat\/es\/wp-json\/wp\/v2\/media?parent=112599"}],"wp:term":[{"taxonomy":"product_brand","embeddable":true,"href":"https:\/\/www.claret.cat\/es\/wp-json\/wp\/v2\/product_brand?post=112599"},{"taxonomy":"product_cat","embeddable":true,"href":"https:\/\/www.claret.cat\/es\/wp-json\/wp\/v2\/product_cat?post=112599"},{"taxonomy":"product_tag","embeddable":true,"href":"https:\/\/www.claret.cat\/es\/wp-json\/wp\/v2\/product_tag?post=112599"}],"curies":[{"name":"wp","href":"https:\/\/api.w.org\/{rel}","templated":true}]}}