{"id":112614,"date":"2022-10-12T14:20:16","date_gmt":"2022-10-12T12:20:16","guid":{"rendered":"http:\/\/dev.claret.cat\/producte\/diari-de-florencia\/"},"modified":"2025-02-01T00:36:41","modified_gmt":"2025-01-31T23:36:41","slug":"diari-de-florencia-9788417868307","status":"publish","type":"product","link":"https:\/\/www.claret.cat\/es\/libro\/diari-de-florencia-9788417868307\/","title":{"rendered":"DIARI DE FLOR\u00c8NCIA"},"content":{"rendered":"<p>Un testimoni vibrant de la m\u00e0 de Diana Athill que ens far\u00e0 una mica m\u00e9s familiar la bella ciutat de Flor\u00e8ncia.<\/p>\n<p>L&#8221;agost del 1947, Diana Athill va emprendre un viatge de dues setmanes a Flor\u00e8ncia amb la seva cosina Pen, amb el tren Golden Arrow. Escrit quan l&#8221;autora tenia trenta anys, per\u00f2 publicat quan estava a punt de fer-ne cent, Diari de Flor\u00e8ncia atresora les aventures i els records d&#8221;aquells dies inoblidables. En aquestes p\u00e0gines l&#8221;autora ens parla de l&#8221;admiraci\u00f3 que va sentir per l&#8221;art i l&#8221;arquitectura florentines, del gust per la deliciosa cuina italiana i de l&#8221;amistat amb homes d&#8221;una bellesa per a ella ex\u00f2tica.<\/p>\n<p>\u00abDivertida, d&#8221;una gran intel\u00b7lig\u00e8ncia, i profundament humana\u00bb. Herald<\/p>\n<p>\u00abL&#8221;obra de Diana Athill ens fa recordar la sensaci\u00f3 d&#8221;estar fent un amic nou\u00bb. Observer<\/p>\n<p>\u00abUna lectura deliciosa; com viatjar en el temps\u00bb. Gillian Reynolds<\/p>\n<p>\u00abAplega d&#8221;una manera immillorable la impresi\u00f3 d&#8221;una primera mirada\u00bb. Christian House<\/p>\n","protected":false},"excerpt":{"rendered":"<p>ATHILL, DIANA<\/p>\n","protected":false},"featured_media":112615,"template":"","meta":{"_acf_changed":false,"om_disable_all_campaigns":false,"rs_blank_template":"","rs_page_bg_color":"","slide_template_v7":"","inline_featured_image":false,"_monsterinsights_skip_tracking":false,"_monsterinsights_sitenote_active":false,"_monsterinsights_sitenote_note":"","_monsterinsights_sitenote_category":0},"product_brand":[],"product_cat":[524,300,127,357],"product_tag":[],"class_list":{"0":"post-112614","1":"product","2":"type-product","3":"status-publish","4":"has-post-thumbnail","6":"product_cat-guias-y-viajes","7":"product_cat-guies-i-viatges","8":"product_cat-novella-contemporania","9":"product_cat-novela-contemporanea","11":"first","12":"instock","13":"taxable","14":"shipping-taxable","15":"purchasable","16":"product-type-simple"},"acf":{"editorial":[{"ID":6384,"post_author":"3","post_date":"2022-07-28 17:51:02","post_date_gmt":"2022-07-28 15:51:02","post_content":"","post_title":"Univers Llibres","post_excerpt":"","post_status":"publish","comment_status":"closed","ping_status":"closed","post_password":"","post_name":"univers-llibres","to_ping":"","pinged":"","post_modified":"2022-07-28 17:51:02","post_modified_gmt":"2022-07-28 15:51:02","post_content_filtered":"","post_parent":0,"guid":"http:\/\/dev.claret.cat\/editorial\/univers-llibres\/","menu_order":0,"post_type":"editorial","post_mime_type":"","comment_count":"0","filter":"raw"}],"autor":"ATHILL, DIANA","codart":"841786830","libros-coleccion":"Univers","ediciones":"1","encuadernacion":"Carton\u00e9","fecha_de_publicacion":"01\/05\/2020","novedad":"1","paginas":"85","subtitulo":"","orden":"0","portada":"0","idioma":"cat","autores-libros":[{"ID":154120,"post_author":"3","post_date":"2022-10-14 15:02:16","post_date_gmt":"2022-10-14 13:02:16","post_content":"","post_title":"DIANA ATHILL","post_excerpt":"","post_status":"publish","comment_status":"closed","ping_status":"closed","post_password":"","post_name":"diana-athill","to_ping":"","pinged":"","post_modified":"2022-10-14 15:02:16","post_modified_gmt":"2022-10-14 13:02:16","post_content_filtered":"","post_parent":0,"guid":"http:\/\/dev.claret.cat\/autor\/diana-athill\/","menu_order":0,"post_type":"autor","post_mime_type":"","comment_count":"0","filter":"raw"}]},"aioseo_notices":[],"_links":{"self":[{"href":"https:\/\/www.claret.cat\/es\/wp-json\/wp\/v2\/product\/112614","targetHints":{"allow":["GET"]}}],"collection":[{"href":"https:\/\/www.claret.cat\/es\/wp-json\/wp\/v2\/product"}],"about":[{"href":"https:\/\/www.claret.cat\/es\/wp-json\/wp\/v2\/types\/product"}],"wp:featuredmedia":[{"embeddable":true,"href":"https:\/\/www.claret.cat\/es\/wp-json\/wp\/v2\/media\/112615"}],"wp:attachment":[{"href":"https:\/\/www.claret.cat\/es\/wp-json\/wp\/v2\/media?parent=112614"}],"wp:term":[{"taxonomy":"product_brand","embeddable":true,"href":"https:\/\/www.claret.cat\/es\/wp-json\/wp\/v2\/product_brand?post=112614"},{"taxonomy":"product_cat","embeddable":true,"href":"https:\/\/www.claret.cat\/es\/wp-json\/wp\/v2\/product_cat?post=112614"},{"taxonomy":"product_tag","embeddable":true,"href":"https:\/\/www.claret.cat\/es\/wp-json\/wp\/v2\/product_tag?post=112614"}],"curies":[{"name":"wp","href":"https:\/\/api.w.org\/{rel}","templated":true}]}}