{"id":112671,"date":"2022-10-12T14:21:07","date_gmt":"2022-10-12T12:21:07","guid":{"rendered":"http:\/\/dev.claret.cat\/producte\/santos-evangelios-libro-de-firmas-mini\/"},"modified":"2025-05-20T19:55:12","modified_gmt":"2025-05-20T17:55:12","slug":"santos-evangelios-libro-de-firmas-mini-9788428558020","status":"publish","type":"product","link":"https:\/\/www.claret.cat\/es\/libro\/santos-evangelios-libro-de-firmas-mini-9788428558020\/","title":{"rendered":"SANTOS EVANGELIOS + LIBRO DE FIRMAS &#8211; MINI"},"content":{"rendered":"<p>Un pr\u00e1ctico regalo para la Primera Comuni\u00f3n que re\u00fane una edici\u00f3n de bolsillo de Los Santos Evangelios y un Libro de firmas en peque\u00f1o formato, presentados en una funda de pl\u00e1stico transparente. Ambos libros de peque\u00f1o formato y encuadernados en r\u00fastica, son ideales para que los ni\u00f1os tengan siempre a mano tanto los Evangelios como sus los recuerdos m\u00e1s destacados de su Primera Comuni\u00f3n y las firmas y dedicatorias de sus catequistas, familiares, amigos y compa\u00f1eros.<\/p>\n","protected":false},"excerpt":{"rendered":"<p>SAN PABLO<\/p>\n","protected":false},"featured_media":336259,"template":"","meta":{"_acf_changed":false,"om_disable_all_campaigns":false,"rs_blank_template":"","rs_page_bg_color":"","slide_template_v7":"","inline_featured_image":false,"_monsterinsights_skip_tracking":false,"_monsterinsights_sitenote_active":false,"_monsterinsights_sitenote_note":"","_monsterinsights_sitenote_category":0},"product_brand":[],"product_cat":[90,540],"product_tag":[],"class_list":{"0":"post-112671","1":"product","2":"type-product","3":"status-publish","4":"has-post-thumbnail","6":"product_cat-altres","7":"product_cat-otros","9":"first","10":"instock","11":"taxable","12":"shipping-taxable","13":"purchasable","14":"product-type-simple"},"acf":{"editorial":[{"ID":6356,"post_author":"3","post_date":"2022-07-28 17:50:26","post_date_gmt":"2022-07-28 15:50:26","post_content":"","post_title":"SAN PABLO COMUNICACI\u00d3N","post_excerpt":"","post_status":"publish","comment_status":"closed","ping_status":"closed","post_password":"","post_name":"san-pablo-comunicacion","to_ping":"","pinged":"","post_modified":"2022-07-28 17:50:26","post_modified_gmt":"2022-07-28 15:50:26","post_content_filtered":"","post_parent":0,"guid":"http:\/\/dev.claret.cat\/editorial\/san-pablo-comunicacion\/","menu_order":0,"post_type":"editorial","post_mime_type":"","comment_count":"0","filter":"raw"}],"autores-libros":[{"ID":6015,"post_author":"3","post_date":"2022-07-28 17:36:21","post_date_gmt":"2022-07-28 15:36:21","post_content":"","post_title":"SAN PABLO","post_excerpt":"","post_status":"publish","comment_status":"closed","ping_status":"closed","post_password":"","post_name":"san-pablo","to_ping":"","pinged":"","post_modified":"2022-07-28 17:36:21","post_modified_gmt":"2022-07-28 15:36:21","post_content_filtered":"","post_parent":0,"guid":"http:\/\/dev.claret.cat\/autor\/san-pablo\/","menu_order":0,"post_type":"autor","post_mime_type":"","comment_count":"0","filter":"raw"}],"autor":"SAN PABLO","codart":"842855802","libros-coleccion":"Estuches Primera Comuni\u00f3n","ediciones":"1","encuadernacion":"R\u00fastica","fecha_de_publicacion":"12\/03\/2020","novedad":"1","paginas":"450","subtitulo":"PRIMERA COMUNI\u00d3N","orden":"0","portada":"0","idioma":"spa","booktrailer":"","resenas":""},"aioseo_notices":[],"_links":{"self":[{"href":"https:\/\/www.claret.cat\/es\/wp-json\/wp\/v2\/product\/112671","targetHints":{"allow":["GET"]}}],"collection":[{"href":"https:\/\/www.claret.cat\/es\/wp-json\/wp\/v2\/product"}],"about":[{"href":"https:\/\/www.claret.cat\/es\/wp-json\/wp\/v2\/types\/product"}],"wp:featuredmedia":[{"embeddable":true,"href":"https:\/\/www.claret.cat\/es\/wp-json\/wp\/v2\/media\/336259"}],"wp:attachment":[{"href":"https:\/\/www.claret.cat\/es\/wp-json\/wp\/v2\/media?parent=112671"}],"wp:term":[{"taxonomy":"product_brand","embeddable":true,"href":"https:\/\/www.claret.cat\/es\/wp-json\/wp\/v2\/product_brand?post=112671"},{"taxonomy":"product_cat","embeddable":true,"href":"https:\/\/www.claret.cat\/es\/wp-json\/wp\/v2\/product_cat?post=112671"},{"taxonomy":"product_tag","embeddable":true,"href":"https:\/\/www.claret.cat\/es\/wp-json\/wp\/v2\/product_tag?post=112671"}],"curies":[{"name":"wp","href":"https:\/\/api.w.org\/{rel}","templated":true}]}}