{"id":112830,"date":"2022-10-12T14:23:35","date_gmt":"2022-10-12T12:23:35","guid":{"rendered":"http:\/\/dev.claret.cat\/producte\/bienvenido-a-bingo-maruspilami-32\/"},"modified":"2025-01-30T20:23:40","modified_gmt":"2025-01-30T19:23:40","slug":"bienvenido-a-bingo-maruspilami-32-9788417760663","status":"publish","type":"product","link":"https:\/\/www.claret.cat\/es\/libro\/bienvenido-a-bingo-maruspilami-32-9788417760663\/","title":{"rendered":"\u00a1BIENVENIDO A BINGO! (MARUSPILAMI, 32)"},"content":{"rendered":"<p>Diane Fosset, la \u00fanica bot\u00e1nica del mundo que conoce a los Marsupilamis, quiere proteger el cactus m\u00e1s antiguo del mundo: El Viejo Milagroso. La preocupaci\u00f3n por este &#8216;viejo milagroso&#8217; que se supone que cumple los deseos es que justo al lado, en medio del desierto, se cre\u00f3 a su alrededor una ciudad hecha de casinos y tramas de juegos: Bingo. Menospreciada, Diana enferma tan pronto como llega a estas tierras mis\u00f3ginas. Y cuando la polic\u00eda se da cuenta de que un peque\u00f1o marsupilami hizo el viaje con ella, su viaje se convierte en drama.<\/p>\n","protected":false},"excerpt":{"rendered":"<p>FRANQUIN, ANDR\u00c9 \/ FAUCHE-ADAM<\/p>\n","protected":false},"featured_media":318149,"template":"","meta":{"_acf_changed":false,"om_disable_all_campaigns":false,"rs_blank_template":"","rs_page_bg_color":"","slide_template_v7":"","inline_featured_image":false,"_monsterinsights_skip_tracking":false,"_monsterinsights_sitenote_active":false,"_monsterinsights_sitenote_note":"","_monsterinsights_sitenote_category":0},"product_brand":[],"product_cat":[558,108,134,364],"product_tag":[],"class_list":{"0":"post-112830","1":"product","2":"type-product","3":"status-publish","4":"has-post-thumbnail","6":"product_cat-comic-3_infantil-juvenil-spa-spa","7":"product_cat-comic","8":"product_cat-comics","9":"product_cat-comics-infantil-3_infantil-juvenil-spa","11":"first","12":"instock","13":"taxable","14":"shipping-taxable","15":"purchasable","16":"product-type-simple"},"acf":{"autor":"FRANQUIN, ANDR\u00c9 \/ FAUCHE-ADAM","codart":"841776066","libros-coleccion":"Marsupilami","ediciones":"1","encuadernacion":"Carton\u00e9","fecha_de_publicacion":"01\/03\/2020","novedad":"1","paginas":"48","subtitulo":"","orden":"0","portada":"0","idioma":"spa","editorial":[{"ID":147932,"post_author":"3","post_date":"2022-10-14 11:54:20","post_date_gmt":"2022-10-14 09:54:20","post_content":"","post_title":"EDITORIAL BASE (ES)","post_excerpt":"","post_status":"publish","comment_status":"closed","ping_status":"closed","post_password":"","post_name":"editorial-base-es","to_ping":"","pinged":"","post_modified":"2022-10-14 11:54:20","post_modified_gmt":"2022-10-14 09:54:20","post_content_filtered":"","post_parent":0,"guid":"http:\/\/dev.claret.cat\/editorial\/editorial-base-es\/","menu_order":0,"post_type":"editorial","post_mime_type":"","comment_count":"0","filter":"raw"}],"autores-libros":[{"ID":150188,"post_author":"3","post_date":"2022-10-14 14:30:56","post_date_gmt":"2022-10-14 12:30:56","post_content":"","post_title":"ANDR\u00c9 FRANQUIN","post_excerpt":"","post_status":"publish","comment_status":"closed","ping_status":"closed","post_password":"","post_name":"andre-franquin","to_ping":"","pinged":"","post_modified":"2022-10-14 14:30:56","post_modified_gmt":"2022-10-14 12:30:56","post_content_filtered":"","post_parent":0,"guid":"http:\/\/dev.claret.cat\/autor\/andre-franquin\/","menu_order":0,"post_type":"autor","post_mime_type":"","comment_count":"0","filter":"raw"},{"ID":155657,"post_author":"3","post_date":"2022-10-14 15:14:35","post_date_gmt":"2022-10-14 13:14:35","post_content":"","post_title":"FAUCHE-ADAM","post_excerpt":"","post_status":"publish","comment_status":"closed","ping_status":"closed","post_password":"","post_name":"fauche-adam","to_ping":"","pinged":"","post_modified":"2022-10-14 15:14:35","post_modified_gmt":"2022-10-14 13:14:35","post_content_filtered":"","post_parent":0,"guid":"http:\/\/dev.claret.cat\/autor\/fauche-adam\/","menu_order":0,"post_type":"autor","post_mime_type":"","comment_count":"0","filter":"raw"}]},"aioseo_notices":[],"_links":{"self":[{"href":"https:\/\/www.claret.cat\/es\/wp-json\/wp\/v2\/product\/112830","targetHints":{"allow":["GET"]}}],"collection":[{"href":"https:\/\/www.claret.cat\/es\/wp-json\/wp\/v2\/product"}],"about":[{"href":"https:\/\/www.claret.cat\/es\/wp-json\/wp\/v2\/types\/product"}],"wp:featuredmedia":[{"embeddable":true,"href":"https:\/\/www.claret.cat\/es\/wp-json\/wp\/v2\/media\/318149"}],"wp:attachment":[{"href":"https:\/\/www.claret.cat\/es\/wp-json\/wp\/v2\/media?parent=112830"}],"wp:term":[{"taxonomy":"product_brand","embeddable":true,"href":"https:\/\/www.claret.cat\/es\/wp-json\/wp\/v2\/product_brand?post=112830"},{"taxonomy":"product_cat","embeddable":true,"href":"https:\/\/www.claret.cat\/es\/wp-json\/wp\/v2\/product_cat?post=112830"},{"taxonomy":"product_tag","embeddable":true,"href":"https:\/\/www.claret.cat\/es\/wp-json\/wp\/v2\/product_tag?post=112830"}],"curies":[{"name":"wp","href":"https:\/\/api.w.org\/{rel}","templated":true}]}}