{"id":112914,"date":"2022-10-12T14:24:53","date_gmt":"2022-10-12T12:24:53","guid":{"rendered":"http:\/\/dev.claret.cat\/producte\/parlant-amb-tu-damor-i-llibertat\/"},"modified":"2025-01-31T14:09:23","modified_gmt":"2025-01-31T13:09:23","slug":"parlant-amb-tu-damor-i-llibertat-9788417804312","status":"publish","type":"product","link":"https:\/\/www.claret.cat\/es\/libro\/parlant-amb-tu-damor-i-llibertat-9788417804312\/","title":{"rendered":"PARLANT AMB TU D&#8217;AMOR I LLIBERTAT"},"content":{"rendered":"<p>De la m\u00e0 de Petrarca, amb el primer poema d&#8217;amor de Safo, acompanyat per Shakespeare, amb els ulls de corall de Txarango, sota els n\u00favols de Joan Margarit, sentint la pluja en els poemes de Walt Whitman, veient el mar bategant de Salvat-Papasseit\u2026 Oriol Junqueras ens regala lectures i hist\u00f2ries i que ens fan meditar i ens inspiren. Quan no ets a prop, les paraules s\u00f3n les millors missatgeres: ens apropen a les persones que estimem, ressonen dins nostre de formes imprevistes i ens permeten expressar el que sentim. Despr\u00e9s de dedicar als seus fills Contes des de la pres\u00f3, Junqueras comparteix ara les paraules que l&#8217;han ajudat perqu\u00e8 ens ajudin tamb\u00e9 als altres. Un viatge meravell\u00f3s pels paisatges de la mem\u00f2ria, de l&#8217;art i de la literatura. Davant l&#8217;oblit, una aut\u00e8ntica lli\u00e7\u00f3 sobre els textos que al llarg del temps han definit els nostres sentiments.<br \/>\u00abI, quan jo torni (i no dubtis pas que tornar\u00e9), tornar\u00e9 perqu\u00e8 hi ets tu.\u00bb<\/p>\n","protected":false},"excerpt":{"rendered":"<p>JUNQUERAS I VIES, ORIOL<\/p>\n","protected":false},"featured_media":112915,"template":"","meta":{"_acf_changed":false,"om_disable_all_campaigns":false,"rs_blank_template":"","rs_page_bg_color":"","slide_template_v7":"","inline_featured_image":false,"_monsterinsights_skip_tracking":false,"_monsterinsights_sitenote_active":false,"_monsterinsights_sitenote_note":"","_monsterinsights_sitenote_category":0},"product_brand":[],"product_cat":[430,153,340,121],"product_tag":[],"class_list":{"0":"post-112914","1":"product","2":"type-product","3":"status-publish","4":"has-post-thumbnail","6":"product_cat-cataluna","7":"product_cat-catalunya","8":"product_cat-poesia-5_otras","9":"product_cat-poesia","11":"first","12":"instock","13":"taxable","14":"shipping-taxable","15":"purchasable","16":"product-type-simple"},"acf":{"autor":"JUNQUERAS I VIES, ORIOL","codart":"841780431","libros-coleccion":"CATALAN","ediciones":"1","encuadernacion":"Carton\u00e9","fecha_de_publicacion":"01\/02\/2020","novedad":"1","paginas":"232","subtitulo":"","orden":"0","portada":"0","idioma":"cat","editorial":[{"ID":147453,"post_author":"3","post_date":"2022-10-14 11:50:42","post_date_gmt":"2022-10-14 09:50:42","post_content":"","post_title":"ARA LLIBRES","post_excerpt":"","post_status":"publish","comment_status":"closed","ping_status":"closed","post_password":"","post_name":"ara-llibres","to_ping":"","pinged":"","post_modified":"2022-10-14 11:50:42","post_modified_gmt":"2022-10-14 09:50:42","post_content_filtered":"","post_parent":0,"guid":"http:\/\/dev.claret.cat\/editorial\/ara-llibres\/","menu_order":0,"post_type":"editorial","post_mime_type":"","comment_count":"0","filter":"raw"}],"autores-libros":[{"ID":166252,"post_author":"3","post_date":"2022-10-14 18:01:40","post_date_gmt":"2022-10-14 16:01:40","post_content":"","post_title":"ORIOL JUNQUERAS","post_excerpt":"","post_status":"publish","comment_status":"closed","ping_status":"closed","post_password":"","post_name":"oriol-junqueras","to_ping":"","pinged":"","post_modified":"2022-10-14 18:01:40","post_modified_gmt":"2022-10-14 16:01:40","post_content_filtered":"","post_parent":0,"guid":"http:\/\/dev.claret.cat\/autor\/oriol-junqueras\/","menu_order":0,"post_type":"autor","post_mime_type":"","comment_count":"0","filter":"raw"}]},"aioseo_notices":[],"_links":{"self":[{"href":"https:\/\/www.claret.cat\/es\/wp-json\/wp\/v2\/product\/112914","targetHints":{"allow":["GET"]}}],"collection":[{"href":"https:\/\/www.claret.cat\/es\/wp-json\/wp\/v2\/product"}],"about":[{"href":"https:\/\/www.claret.cat\/es\/wp-json\/wp\/v2\/types\/product"}],"wp:featuredmedia":[{"embeddable":true,"href":"https:\/\/www.claret.cat\/es\/wp-json\/wp\/v2\/media\/112915"}],"wp:attachment":[{"href":"https:\/\/www.claret.cat\/es\/wp-json\/wp\/v2\/media?parent=112914"}],"wp:term":[{"taxonomy":"product_brand","embeddable":true,"href":"https:\/\/www.claret.cat\/es\/wp-json\/wp\/v2\/product_brand?post=112914"},{"taxonomy":"product_cat","embeddable":true,"href":"https:\/\/www.claret.cat\/es\/wp-json\/wp\/v2\/product_cat?post=112914"},{"taxonomy":"product_tag","embeddable":true,"href":"https:\/\/www.claret.cat\/es\/wp-json\/wp\/v2\/product_tag?post=112914"}],"curies":[{"name":"wp","href":"https:\/\/api.w.org\/{rel}","templated":true}]}}