{"id":112917,"date":"2022-10-12T14:24:56","date_gmt":"2022-10-12T12:24:56","guid":{"rendered":"http:\/\/dev.claret.cat\/producte\/la-escuela-no-es-un-parque-de-atracciones\/"},"modified":"2023-02-17T12:15:38","modified_gmt":"2023-02-17T11:15:38","slug":"la-escuela-no-es-un-parque-de-atracciones-9788434431836","status":"publish","type":"product","link":"https:\/\/www.claret.cat\/es\/libro\/la-escuela-no-es-un-parque-de-atracciones-9788434431836\/","title":{"rendered":"LA ESCUELA NO ES UN PARQUE DE ATRACCIONES"},"content":{"rendered":"<p>Un perfecto an\u00e1lisis de la educaci\u00f3n actual para animarnos a volver a una escuela en donde el conocimiento valioso y las pr\u00e1cticas soportadas por evidencias sean realmente el eje. Porque con la escuela no se juega.<br \/>Si la escuela, como dicen, est\u00e1 en crisis, no es porque sea una instituci\u00f3n vetusta, sino por haber olvidado su noble funci\u00f3n: la de reducir, en el m\u00ednimo tiempo posible y en el mayor n\u00famero de alumnos, la distancia entre la ignorancia y el conocimiento poderoso.<br \/>Estamos viviendo unos tiempos pedag\u00f3gicamente extra\u00f1os y, en ocasiones, estrictamente est\u00fapidos. Si est\u00fapido es aquel que carece de una representaci\u00f3n cr\u00edtica de su ignorancia, bien merecen este t\u00edtulo quienes se jactan de fomentar el pensamiento cr\u00edtico mientras aplican de manera poco cr\u00edtica metodolog\u00edas sin soporte emp\u00edrico o, en algunos casos, con evidencias emp\u00edricas que los impugnan. \u00bfQu\u00e9 otro adjetivo merece el desprecio del conocimiento en los centros de ense\u00f1anza y el \u00e9nfasis en la diversi\u00f3n y la felicidad por s\u00ed mismas?<br \/>Hoy, en los tiempos de Google, se insiste en que ya no hay conocimientos poderosos, sino buscadores potentes y competencias fluidas. Si es as\u00ed, los d\u00e9biles quedan desamparados y la escuela, al perder los argumentos para defender su nobleza, intenta ocultar sus imperfecciones empe\u00f1\u00e1ndose en ser entretenida. Ahora bien, \u00bfesos ni\u00f1os que no hallar\u00e1n en ning\u00fan sitio lo que no encuentren en la escuela, no se merecen algo m\u00e1s que una escuela divertida?<\/p>\n","protected":false},"excerpt":{"rendered":"<p>LURI, GREGORIO<\/p>\n","protected":false},"featured_media":391378,"template":"","meta":{"_acf_changed":false,"om_disable_all_campaigns":false,"rs_blank_template":"","rs_page_bg_color":"","slide_template_v7":"","inline_featured_image":false,"_monsterinsights_skip_tracking":false,"_monsterinsights_sitenote_active":false,"_monsterinsights_sitenote_note":"","_monsterinsights_sitenote_category":0},"product_brand":[],"product_cat":[194,457,189,453],"product_tag":[],"class_list":{"0":"post-112917","1":"product","2":"type-product","3":"status-publish","4":"has-post-thumbnail","6":"product_cat-comunicacio-i-noves-teconologies","7":"product_cat-comunicacion-y-nuevas-teconologias","8":"product_cat-didactica-i-praxi-escolar","9":"product_cat-didactica-y-praxis-escolar","11":"first","12":"instock","13":"taxable","14":"shipping-taxable","15":"purchasable","16":"product-type-simple"},"acf":{"editorial":[{"ID":6220,"post_author":"3","post_date":"2022-07-28 17:47:28","post_date_gmt":"2022-07-28 15:47:28","post_content":"","post_title":"Editorial Ariel","post_excerpt":"","post_status":"publish","comment_status":"closed","ping_status":"closed","post_password":"","post_name":"editorial-ariel","to_ping":"","pinged":"","post_modified":"2022-07-28 17:47:28","post_modified_gmt":"2022-07-28 15:47:28","post_content_filtered":"","post_parent":0,"guid":"http:\/\/dev.claret.cat\/editorial\/editorial-ariel\/","menu_order":0,"post_type":"editorial","post_mime_type":"","comment_count":"0","filter":"raw"}],"autor":"LURI, GREGORIO","codart":"843443183","libros-coleccion":"Ariel","ediciones":"1","encuadernacion":"R\u00fastica","fecha_de_publicacion":"01\/03\/2020","novedad":"1","paginas":"416","subtitulo":"UNA DEFENSA DEL CONOCIMIENTO PODEROSO","orden":"0","portada":"0","idioma":"spa","autores-libros":[{"ID":157131,"post_author":"3","post_date":"2022-10-14 15:26:22","post_date_gmt":"2022-10-14 13:26:22","post_content":"","post_title":"GREGORIO LURI","post_excerpt":"","post_status":"publish","comment_status":"closed","ping_status":"closed","post_password":"","post_name":"gregorio-luri","to_ping":"","pinged":"","post_modified":"2022-10-14 15:26:22","post_modified_gmt":"2022-10-14 13:26:22","post_content_filtered":"","post_parent":0,"guid":"http:\/\/dev.claret.cat\/autor\/gregorio-luri\/","menu_order":0,"post_type":"autor","post_mime_type":"","comment_count":"0","filter":"raw"}]},"aioseo_notices":[],"_links":{"self":[{"href":"https:\/\/www.claret.cat\/es\/wp-json\/wp\/v2\/product\/112917","targetHints":{"allow":["GET"]}}],"collection":[{"href":"https:\/\/www.claret.cat\/es\/wp-json\/wp\/v2\/product"}],"about":[{"href":"https:\/\/www.claret.cat\/es\/wp-json\/wp\/v2\/types\/product"}],"wp:featuredmedia":[{"embeddable":true,"href":"https:\/\/www.claret.cat\/es\/wp-json\/wp\/v2\/media\/391378"}],"wp:attachment":[{"href":"https:\/\/www.claret.cat\/es\/wp-json\/wp\/v2\/media?parent=112917"}],"wp:term":[{"taxonomy":"product_brand","embeddable":true,"href":"https:\/\/www.claret.cat\/es\/wp-json\/wp\/v2\/product_brand?post=112917"},{"taxonomy":"product_cat","embeddable":true,"href":"https:\/\/www.claret.cat\/es\/wp-json\/wp\/v2\/product_cat?post=112917"},{"taxonomy":"product_tag","embeddable":true,"href":"https:\/\/www.claret.cat\/es\/wp-json\/wp\/v2\/product_tag?post=112917"}],"curies":[{"name":"wp","href":"https:\/\/api.w.org\/{rel}","templated":true}]}}