{"id":113067,"date":"2022-10-12T14:27:11","date_gmt":"2022-10-12T12:27:11","guid":{"rendered":"http:\/\/dev.claret.cat\/producte\/soledades-galerias-y-otros-poemas\/"},"modified":"2023-01-28T22:55:14","modified_gmt":"2023-01-28T21:55:14","slug":"soledades-galerias-y-otros-poemas-9788467058932","status":"publish","type":"product","link":"https:\/\/www.claret.cat\/es\/libro\/soledades-galerias-y-otros-poemas-9788467058932\/","title":{"rendered":"SOLEDADES, GALER\u00cdAS Y OTROS POEMAS"},"content":{"rendered":"<p>En Soledades, galer\u00edas y otros poemas encontramos al Machado \u00abmisterioso y silencioso\u00bb. Un Machado que elabora un modernismo \u00edntimo que permitir\u00e1 que sus poemas resistan bien la prueba del tiempo y los embates de las modas literarias. En palabras de Manuel Alvar: \u00abRomp\u00edan con una tradici\u00f3n vieja, pero no se acompasaban con lo que la moderna poes\u00eda postulaba. Si acaso era un salto atr\u00e1s, la b\u00fasqueda, el descubrimiento de lo que B\u00e9cquer significaba. Tal vez haya que explicar esto fuera de lo que habitualmente solemos entender; []. El libro de Machado es un libro te\u00f1ido de melancol\u00eda; con ello estamos descubriendo esa veta de romanticismo que nunca habr\u00e1 de abandonar.\u00bb<\/p>\n","protected":false},"excerpt":{"rendered":"<p>MACHADO, ANTONIO<\/p>\n","protected":false},"featured_media":113068,"template":"","meta":{"_acf_changed":false,"om_disable_all_campaigns":false,"rs_blank_template":"","rs_page_bg_color":"","slide_template_v7":"","inline_featured_image":false,"_monsterinsights_skip_tracking":false,"_monsterinsights_sitenote_active":false,"_monsterinsights_sitenote_note":"","_monsterinsights_sitenote_category":0},"product_brand":[],"product_cat":[121],"product_tag":[],"class_list":{"0":"post-113067","1":"product","2":"type-product","3":"status-publish","4":"has-post-thumbnail","6":"product_cat-poesia","8":"first","9":"instock","10":"taxable","11":"shipping-taxable","12":"purchasable","13":"product-type-simple"},"acf":{"editorial":[{"ID":6247,"post_author":"3","post_date":"2022-07-28 17:48:06","post_date_gmt":"2022-07-28 15:48:06","post_content":"","post_title":"ESPASA, EDITORIAL","post_excerpt":"","post_status":"publish","comment_status":"closed","ping_status":"closed","post_password":"","post_name":"espasa-editorial","to_ping":"","pinged":"","post_modified":"2022-07-28 17:48:06","post_modified_gmt":"2022-07-28 15:48:06","post_content_filtered":"","post_parent":0,"guid":"http:\/\/dev.claret.cat\/editorial\/espasa-editorial\/","menu_order":0,"post_type":"editorial","post_mime_type":"","comment_count":"0","filter":"raw"}],"autor":"MACHADO, ANTONIO","codart":"846705893","libros-coleccion":"Austral Poes\u00eda","ediciones":"1","encuadernacion":"Carton\u00e9","fecha_de_publicacion":"01\/03\/2020","novedad":"1","paginas":"108","subtitulo":"","orden":"0","portada":"0","idioma":"spa","autores-libros":[{"ID":150947,"post_author":"3","post_date":"2022-10-14 14:37:00","post_date_gmt":"2022-10-14 12:37:00","post_content":"","post_title":"ANTONIO MACHADO","post_excerpt":"","post_status":"publish","comment_status":"closed","ping_status":"closed","post_password":"","post_name":"antonio-machado","to_ping":"","pinged":"","post_modified":"2022-10-14 14:37:00","post_modified_gmt":"2022-10-14 12:37:00","post_content_filtered":"","post_parent":0,"guid":"http:\/\/dev.claret.cat\/autor\/antonio-machado\/","menu_order":0,"post_type":"autor","post_mime_type":"","comment_count":"0","filter":"raw"}]},"aioseo_notices":[],"_links":{"self":[{"href":"https:\/\/www.claret.cat\/es\/wp-json\/wp\/v2\/product\/113067","targetHints":{"allow":["GET"]}}],"collection":[{"href":"https:\/\/www.claret.cat\/es\/wp-json\/wp\/v2\/product"}],"about":[{"href":"https:\/\/www.claret.cat\/es\/wp-json\/wp\/v2\/types\/product"}],"wp:featuredmedia":[{"embeddable":true,"href":"https:\/\/www.claret.cat\/es\/wp-json\/wp\/v2\/media\/113068"}],"wp:attachment":[{"href":"https:\/\/www.claret.cat\/es\/wp-json\/wp\/v2\/media?parent=113067"}],"wp:term":[{"taxonomy":"product_brand","embeddable":true,"href":"https:\/\/www.claret.cat\/es\/wp-json\/wp\/v2\/product_brand?post=113067"},{"taxonomy":"product_cat","embeddable":true,"href":"https:\/\/www.claret.cat\/es\/wp-json\/wp\/v2\/product_cat?post=113067"},{"taxonomy":"product_tag","embeddable":true,"href":"https:\/\/www.claret.cat\/es\/wp-json\/wp\/v2\/product_tag?post=113067"}],"curies":[{"name":"wp","href":"https:\/\/api.w.org\/{rel}","templated":true}]}}