{"id":113229,"date":"2022-10-12T14:29:37","date_gmt":"2022-10-12T12:29:37","guid":{"rendered":"http:\/\/dev.claret.cat\/producte\/papa-quiero-tener-suerte\/"},"modified":"2023-01-28T20:49:53","modified_gmt":"2023-01-28T19:49:53","slug":"papa-quiero-tener-suerte-9788417736538","status":"publish","type":"product","link":"https:\/\/www.claret.cat\/es\/libro\/papa-quiero-tener-suerte-9788417736538\/","title":{"rendered":"PAP\u00c1, QUIERO TENER SUERTE"},"content":{"rendered":"<p>\u00a1Un nuevo libro de los autores del fen\u00f3meno Mam\u00e1, hay un monstruo en mi cabeza! En la segunda parte del exitoso libro Mam\u00e1, hay un monstruo en mi cabeza, los autores van un paso m\u00e1s all\u00e1 y profundizan en las  frustraciones, los pensamientos negativos y los sentimientos que surgen  en la etapa infantil. El objetivo es que las familias comprendan y aborden estos temas con sus hijos. Un libro verdadero y cercano, que nace de la propia experiencia de dos ni\u00f1os.<\/p>\n","protected":false},"excerpt":{"rendered":"<p>GABRIEL &#038; ADRI\u00c1N,<\/p>\n","protected":false},"featured_media":113230,"template":"","meta":{"_acf_changed":false,"om_disable_all_campaigns":false,"rs_blank_template":"","rs_page_bg_color":"","slide_template_v7":"","inline_featured_image":false,"_monsterinsights_skip_tracking":false,"_monsterinsights_sitenote_active":false,"_monsterinsights_sitenote_note":"","_monsterinsights_sitenote_category":0},"product_brand":[],"product_cat":[131],"product_tag":[],"class_list":{"0":"post-113229","1":"product","2":"type-product","3":"status-publish","4":"has-post-thumbnail","6":"product_cat-contes-per-infants-0-6-anys","8":"first","9":"instock","10":"taxable","11":"shipping-taxable","12":"purchasable","13":"product-type-simple"},"acf":{"editorial":[{"ID":6136,"post_author":"3","post_date":"2022-07-28 17:45:39","post_date_gmt":"2022-07-28 15:45:39","post_content":"","post_title":"B de Blok (Ediciones B)","post_excerpt":"","post_status":"publish","comment_status":"closed","ping_status":"closed","post_password":"","post_name":"b-de-blok-ediciones-b","to_ping":"","pinged":"","post_modified":"2022-07-28 17:45:39","post_modified_gmt":"2022-07-28 15:45:39","post_content_filtered":"","post_parent":0,"guid":"http:\/\/dev.claret.cat\/editorial\/b-de-blok-ediciones-b\/","menu_order":0,"post_type":"editorial","post_mime_type":"","comment_count":"0","filter":"raw"}],"autor":"GABRIEL & ADRI\u00c1N,","codart":"841773653","libros-coleccion":"ESCRITURA DESATADA","ediciones":"1","encuadernacion":"Carton\u00e9","fecha_de_publicacion":"01\/03\/2020","novedad":"1","paginas":"64","subtitulo":"","orden":"0","portada":"0","idioma":"spa","autores-libros":[{"ID":156504,"post_author":"3","post_date":"2022-10-14 15:21:20","post_date_gmt":"2022-10-14 13:21:20","post_content":"","post_title":"GABRIEL & ADRI\u00c1N","post_excerpt":"","post_status":"publish","comment_status":"closed","ping_status":"closed","post_password":"","post_name":"gabriel-adrian","to_ping":"","pinged":"","post_modified":"2022-10-14 15:21:20","post_modified_gmt":"2022-10-14 13:21:20","post_content_filtered":"","post_parent":0,"guid":"http:\/\/dev.claret.cat\/autor\/gabriel-adrian\/","menu_order":0,"post_type":"autor","post_mime_type":"","comment_count":"0","filter":"raw"}]},"aioseo_notices":[],"_links":{"self":[{"href":"https:\/\/www.claret.cat\/es\/wp-json\/wp\/v2\/product\/113229","targetHints":{"allow":["GET"]}}],"collection":[{"href":"https:\/\/www.claret.cat\/es\/wp-json\/wp\/v2\/product"}],"about":[{"href":"https:\/\/www.claret.cat\/es\/wp-json\/wp\/v2\/types\/product"}],"wp:featuredmedia":[{"embeddable":true,"href":"https:\/\/www.claret.cat\/es\/wp-json\/wp\/v2\/media\/113230"}],"wp:attachment":[{"href":"https:\/\/www.claret.cat\/es\/wp-json\/wp\/v2\/media?parent=113229"}],"wp:term":[{"taxonomy":"product_brand","embeddable":true,"href":"https:\/\/www.claret.cat\/es\/wp-json\/wp\/v2\/product_brand?post=113229"},{"taxonomy":"product_cat","embeddable":true,"href":"https:\/\/www.claret.cat\/es\/wp-json\/wp\/v2\/product_cat?post=113229"},{"taxonomy":"product_tag","embeddable":true,"href":"https:\/\/www.claret.cat\/es\/wp-json\/wp\/v2\/product_tag?post=113229"}],"curies":[{"name":"wp","href":"https:\/\/api.w.org\/{rel}","templated":true}]}}