{"id":113232,"date":"2022-10-12T14:29:40","date_gmt":"2022-10-12T12:29:40","guid":{"rendered":"http:\/\/dev.claret.cat\/producte\/papa-vull-tenir-sort\/"},"modified":"2023-01-28T23:21:56","modified_gmt":"2023-01-28T22:21:56","slug":"papa-vull-tenir-sort-9788417736552","status":"publish","type":"product","link":"https:\/\/www.claret.cat\/es\/libro\/papa-vull-tenir-sort-9788417736552\/","title":{"rendered":"PAPA, VULL TENIR SORT"},"content":{"rendered":"<p>Segon llibre del fen\u00f2nem autopublicat d&#8217;Amazon, Mama, tinc un monstre al cap! A la segona part de l&#8217;exit\u00f3s llibre Mama, tinc un monstre al cap, els autors aniran un pas m\u00e9s enll\u00e0, profunditzant en les frustracions, els pensaments negatius i els sentiments que  sorgeixen durant l&#8217;etapa infantil. L&#8217;objectiu \u00e9s ajudar a les fam\u00edlies a comprendre i abordar aquests temes amb els seus fills. Grabriel&amp;Adri\u00e1n son els nous autors autopublicats estimats i amb una  alt\u00edssima acceptaci\u00f3 de les seves idees per part dels lectors. Un llibre per a nens, vertader i proper, que neix de la pr\u00f2pia experi\u00e8ncia de dos nens.<\/p>\n","protected":false},"excerpt":{"rendered":"<p>GABRIEL &#038; ADRI\u00c1N,<\/p>\n","protected":false},"featured_media":113233,"template":"","meta":{"_acf_changed":false,"om_disable_all_campaigns":false,"rs_blank_template":"","rs_page_bg_color":"","slide_template_v7":"","inline_featured_image":false,"_monsterinsights_skip_tracking":false,"_monsterinsights_sitenote_active":false,"_monsterinsights_sitenote_note":"","_monsterinsights_sitenote_category":0},"product_brand":[],"product_cat":[131],"product_tag":[],"class_list":{"0":"post-113232","1":"product","2":"type-product","3":"status-publish","4":"has-post-thumbnail","6":"product_cat-contes-per-infants-0-6-anys","8":"first","9":"instock","10":"taxable","11":"shipping-taxable","12":"purchasable","13":"product-type-simple"},"acf":{"editorial":[{"ID":6136,"post_author":"3","post_date":"2022-07-28 17:45:39","post_date_gmt":"2022-07-28 15:45:39","post_content":"","post_title":"B de Blok (Ediciones B)","post_excerpt":"","post_status":"publish","comment_status":"closed","ping_status":"closed","post_password":"","post_name":"b-de-blok-ediciones-b","to_ping":"","pinged":"","post_modified":"2022-07-28 17:45:39","post_modified_gmt":"2022-07-28 15:45:39","post_content_filtered":"","post_parent":0,"guid":"http:\/\/dev.claret.cat\/editorial\/b-de-blok-ediciones-b\/","menu_order":0,"post_type":"editorial","post_mime_type":"","comment_count":"0","filter":"raw"}],"autor":"GABRIEL & ADRI\u00c1N,","codart":"841773655","libros-coleccion":"RUSTICA ; PRESTIGIO","ediciones":"1","encuadernacion":"Carton\u00e9","fecha_de_publicacion":"12\/03\/2020","novedad":"1","paginas":"64","subtitulo":"","orden":"0","portada":"0","idioma":"spa","autores-libros":[{"ID":156504,"post_author":"3","post_date":"2022-10-14 15:21:20","post_date_gmt":"2022-10-14 13:21:20","post_content":"","post_title":"GABRIEL & ADRI\u00c1N","post_excerpt":"","post_status":"publish","comment_status":"closed","ping_status":"closed","post_password":"","post_name":"gabriel-adrian","to_ping":"","pinged":"","post_modified":"2022-10-14 15:21:20","post_modified_gmt":"2022-10-14 13:21:20","post_content_filtered":"","post_parent":0,"guid":"http:\/\/dev.claret.cat\/autor\/gabriel-adrian\/","menu_order":0,"post_type":"autor","post_mime_type":"","comment_count":"0","filter":"raw"}]},"aioseo_notices":[],"_links":{"self":[{"href":"https:\/\/www.claret.cat\/es\/wp-json\/wp\/v2\/product\/113232","targetHints":{"allow":["GET"]}}],"collection":[{"href":"https:\/\/www.claret.cat\/es\/wp-json\/wp\/v2\/product"}],"about":[{"href":"https:\/\/www.claret.cat\/es\/wp-json\/wp\/v2\/types\/product"}],"wp:featuredmedia":[{"embeddable":true,"href":"https:\/\/www.claret.cat\/es\/wp-json\/wp\/v2\/media\/113233"}],"wp:attachment":[{"href":"https:\/\/www.claret.cat\/es\/wp-json\/wp\/v2\/media?parent=113232"}],"wp:term":[{"taxonomy":"product_brand","embeddable":true,"href":"https:\/\/www.claret.cat\/es\/wp-json\/wp\/v2\/product_brand?post=113232"},{"taxonomy":"product_cat","embeddable":true,"href":"https:\/\/www.claret.cat\/es\/wp-json\/wp\/v2\/product_cat?post=113232"},{"taxonomy":"product_tag","embeddable":true,"href":"https:\/\/www.claret.cat\/es\/wp-json\/wp\/v2\/product_tag?post=113232"}],"curies":[{"name":"wp","href":"https:\/\/api.w.org\/{rel}","templated":true}]}}