{"id":113253,"date":"2022-10-12T14:29:59","date_gmt":"2022-10-12T12:29:59","guid":{"rendered":"http:\/\/dev.claret.cat\/producte\/els-homes\/"},"modified":"2023-01-28T01:56:59","modified_gmt":"2023-01-28T00:56:59","slug":"els-homes-9788418132407","status":"publish","type":"product","link":"https:\/\/www.claret.cat\/es\/libro\/els-homes-9788418132407\/","title":{"rendered":"ELS HOMES"},"content":{"rendered":"<p>Si a Tu no ets una mare com les altres l\u2019autora narrava la vida de la seva mare, a Els homes novel\u00b7la la seva vida, una hist\u00f2ria lligada al sexe mascul\u00ed com les abelles a la mel. Quina habilitat per fer-los anar de cap tot i viure-hi sotmesa, en profunditat! \u00abM&#8217;enamorava i em desenamorava molt r\u00e0pid. Potser buscava una parella ideal i sempre acabava decebuda.\u00bb \u00abNo he escrit res amb r\u00e0bia contra els homes -per l&#8217;amor de D\u00e9u!-. Els homes m&#8217;han agradat molt i encara ara m&#8217;agraden.\u00bb Angelika Schrobsdorff, en una entrevista als seus 71 anys.<br \/>Eveline Clausen -l&#8217;alter ego d&#8217;Angelika Schrobsdorff- es converteix, en un crescendo imparable, en una figura de carn i ossos inoblidable. La sinceritat descarnada i crua de Schrobsdorff tant per retratar-se ella mateixa, superba i consentida, com per dibuixar amb ironia els homes que un darrere l&#8217;altre cauen als seus bra\u00e7os (rusos,alemanys, b\u00falgars, americans, anglesos&#8230; \u00e9s com si la hist\u00f2ria pol\u00edtica d&#8217;Europa pass\u00e9s pel seu llit) \u00e9s extraordin\u00e0ria. I \u00e9s que Els homes ens parla -com si fos literatura fulletonesca- de l&#8217;obsessi\u00f3 per la seducci\u00f3, per\u00f2 en el fons \u00e9s el drama d&#8217;una dona que \u00e9s alhora botx\u00ed i v\u00edctima en l&#8217;Alemanya de postguerra. L&#8217;edici\u00f3 inicial del 1961 va produir un esc\u00e0ndol moral i pol\u00edtic, malgrat que va se publicat sense els dos cap\u00edtols finals i amb bastants fragments retallats. A Alemanya no es va editar complet fins el 1986. Aquesta traducci\u00f3 \u00e9s la primera i l&#8217;\u00fanica que cont\u00e9 el text \u00edntegre. Angelika Schrobsdorff, declarada Dona de l&#8217;Any el 2007 a Alemanya, va ser una gran seductora d&#8217;homes en el passat i ser\u00e0 per sempre una gran seductora de lectors.<\/p>\n","protected":false},"excerpt":{"rendered":"<p>SCHROBSDORFF, ANGELIKA<\/p>\n","protected":false},"featured_media":113254,"template":"","meta":{"_acf_changed":false,"om_disable_all_campaigns":false,"rs_blank_template":"","rs_page_bg_color":"","slide_template_v7":"","inline_featured_image":false,"_monsterinsights_skip_tracking":false,"_monsterinsights_sitenote_active":false,"_monsterinsights_sitenote_note":"","_monsterinsights_sitenote_category":0},"product_brand":[],"product_cat":[127,130],"product_tag":[],"class_list":{"0":"post-113253","1":"product","2":"type-product","3":"status-publish","4":"has-post-thumbnail","6":"product_cat-novella-contemporania","7":"product_cat-novella-historica-i-ficcio","9":"first","10":"instock","11":"taxable","12":"shipping-taxable","13":"purchasable","14":"product-type-simple"},"acf":{"autor":"SCHROBSDORFF, ANGELIKA","codart":"841813240","libros-coleccion":"Narrativa","ediciones":"1","encuadernacion":"R\u00fastica","fecha_de_publicacion":"12\/03\/2020","novedad":"1","paginas":"718","subtitulo":"","orden":"0","portada":"0","idioma":"cat","editorial":[{"ID":147699,"post_author":"3","post_date":"2022-10-14 11:52:34","post_date_gmt":"2022-10-14 09:52:34","post_content":"","post_title":"Debutxaca","post_excerpt":"","post_status":"publish","comment_status":"closed","ping_status":"closed","post_password":"","post_name":"debutxaca","to_ping":"","pinged":"","post_modified":"2022-10-14 11:52:34","post_modified_gmt":"2022-10-14 09:52:34","post_content_filtered":"","post_parent":0,"guid":"http:\/\/dev.claret.cat\/editorial\/debutxaca\/","menu_order":0,"post_type":"editorial","post_mime_type":"","comment_count":"0","filter":"raw"}],"autores-libros":[{"ID":150466,"post_author":"3","post_date":"2022-10-14 14:33:11","post_date_gmt":"2022-10-14 12:33:11","post_content":"","post_title":"ANGELIKA SCHROBSDORFF","post_excerpt":"","post_status":"publish","comment_status":"closed","ping_status":"closed","post_password":"","post_name":"angelika-schrobsdorff","to_ping":"","pinged":"","post_modified":"2022-10-14 14:33:11","post_modified_gmt":"2022-10-14 12:33:11","post_content_filtered":"","post_parent":0,"guid":"http:\/\/dev.claret.cat\/autor\/angelika-schrobsdorff\/","menu_order":0,"post_type":"autor","post_mime_type":"","comment_count":"0","filter":"raw"}]},"aioseo_notices":[],"_links":{"self":[{"href":"https:\/\/www.claret.cat\/es\/wp-json\/wp\/v2\/product\/113253","targetHints":{"allow":["GET"]}}],"collection":[{"href":"https:\/\/www.claret.cat\/es\/wp-json\/wp\/v2\/product"}],"about":[{"href":"https:\/\/www.claret.cat\/es\/wp-json\/wp\/v2\/types\/product"}],"wp:featuredmedia":[{"embeddable":true,"href":"https:\/\/www.claret.cat\/es\/wp-json\/wp\/v2\/media\/113254"}],"wp:attachment":[{"href":"https:\/\/www.claret.cat\/es\/wp-json\/wp\/v2\/media?parent=113253"}],"wp:term":[{"taxonomy":"product_brand","embeddable":true,"href":"https:\/\/www.claret.cat\/es\/wp-json\/wp\/v2\/product_brand?post=113253"},{"taxonomy":"product_cat","embeddable":true,"href":"https:\/\/www.claret.cat\/es\/wp-json\/wp\/v2\/product_cat?post=113253"},{"taxonomy":"product_tag","embeddable":true,"href":"https:\/\/www.claret.cat\/es\/wp-json\/wp\/v2\/product_tag?post=113253"}],"curies":[{"name":"wp","href":"https:\/\/api.w.org\/{rel}","templated":true}]}}