{"id":113259,"date":"2022-10-12T14:30:04","date_gmt":"2022-10-12T12:30:04","guid":{"rendered":"http:\/\/dev.claret.cat\/producte\/erase-una-vez-un-dragon\/"},"modified":"2023-01-28T12:27:13","modified_gmt":"2023-01-28T11:27:13","slug":"erase-una-vez-un-dragon-9788413182155","status":"publish","type":"product","link":"https:\/\/www.claret.cat\/es\/libro\/erase-una-vez-un-dragon-9788413182155\/","title":{"rendered":"\u00c9RASE UNA VEZ UN DRAG\u00d3N"},"content":{"rendered":"<p>\u00bfConoces la historia de este drag\u00f3n? Todo empez\u00f3 en un reino m\u00e1gico, cuando dos amigos decidieron enfrentarse a un malvado drag\u00f3n que ten\u00eda atemorizados a los habitantes. Pero cuando lo encontraron descubrieron que no era exactamente como ellos cre\u00edan. Un libro ilustrado ideal para que los ni\u00f1os descubran que a veces las cosas no son lo que parecen.<\/p>\n","protected":false},"excerpt":{"rendered":"<p>BLUE, BEATRICE<\/p>\n","protected":false},"featured_media":275704,"template":"","meta":{"_acf_changed":false,"om_disable_all_campaigns":false,"rs_blank_template":"","rs_page_bg_color":"","slide_template_v7":"","inline_featured_image":false,"_monsterinsights_skip_tracking":false,"_monsterinsights_sitenote_active":false,"_monsterinsights_sitenote_note":"","_monsterinsights_sitenote_category":0},"product_brand":[],"product_cat":[90,540],"product_tag":[],"class_list":{"0":"post-113259","1":"product","2":"type-product","3":"status-publish","4":"has-post-thumbnail","6":"product_cat-altres","7":"product_cat-otros","9":"first","10":"instock","11":"taxable","12":"shipping-taxable","13":"purchasable","14":"product-type-simple"},"acf":{"editorial":[{"ID":147854,"post_author":"3","post_date":"2022-10-14 11:53:43","post_date_gmt":"2022-10-14 09:53:43","post_content":"","post_title":"EDICIONES SM","post_excerpt":"","post_status":"publish","comment_status":"closed","ping_status":"closed","post_password":"","post_name":"ediciones-sm","to_ping":"","pinged":"","post_modified":"2022-10-14 11:53:43","post_modified_gmt":"2022-10-14 09:53:43","post_content_filtered":"","post_parent":0,"guid":"http:\/\/dev.claret.cat\/editorial\/ediciones-sm\/","menu_order":0,"post_type":"editorial","post_mime_type":"","comment_count":"0","filter":"raw"}],"autores-libros":[{"ID":151423,"post_author":"3","post_date":"2022-10-14 14:40:46","post_date_gmt":"2022-10-14 12:40:46","post_content":"","post_title":"BEATRICE BLUE","post_excerpt":"","post_status":"publish","comment_status":"closed","ping_status":"closed","post_password":"","post_name":"beatrice-blue","to_ping":"","pinged":"","post_modified":"2022-10-14 14:40:46","post_modified_gmt":"2022-10-14 12:40:46","post_content_filtered":"","post_parent":0,"guid":"http:\/\/dev.claret.cat\/autor\/beatrice-blue\/","menu_order":0,"post_type":"autor","post_mime_type":"","comment_count":"0","filter":"raw"}],"autor":"BLUE, BEATRICE","codart":"841318215","libros-coleccion":"\u00c1lbumes ilustrados","ediciones":"1","encuadernacion":"Carton\u00e9","fecha_de_publicacion":"01\/02\/2020","novedad":"1","paginas":"0","subtitulo":"","orden":"0","portada":"0","idioma":"spa"},"aioseo_notices":[],"_links":{"self":[{"href":"https:\/\/www.claret.cat\/es\/wp-json\/wp\/v2\/product\/113259","targetHints":{"allow":["GET"]}}],"collection":[{"href":"https:\/\/www.claret.cat\/es\/wp-json\/wp\/v2\/product"}],"about":[{"href":"https:\/\/www.claret.cat\/es\/wp-json\/wp\/v2\/types\/product"}],"wp:featuredmedia":[{"embeddable":true,"href":"https:\/\/www.claret.cat\/es\/wp-json\/wp\/v2\/media\/275704"}],"wp:attachment":[{"href":"https:\/\/www.claret.cat\/es\/wp-json\/wp\/v2\/media?parent=113259"}],"wp:term":[{"taxonomy":"product_brand","embeddable":true,"href":"https:\/\/www.claret.cat\/es\/wp-json\/wp\/v2\/product_brand?post=113259"},{"taxonomy":"product_cat","embeddable":true,"href":"https:\/\/www.claret.cat\/es\/wp-json\/wp\/v2\/product_cat?post=113259"},{"taxonomy":"product_tag","embeddable":true,"href":"https:\/\/www.claret.cat\/es\/wp-json\/wp\/v2\/product_tag?post=113259"}],"curies":[{"name":"wp","href":"https:\/\/api.w.org\/{rel}","templated":true}]}}