{"id":113262,"date":"2022-10-12T14:30:07","date_gmt":"2022-10-12T12:30:07","guid":{"rendered":"http:\/\/dev.claret.cat\/producte\/tu-no-ets-una-mare-com-les-altres\/"},"modified":"2023-01-28T09:54:46","modified_gmt":"2023-01-28T08:54:46","slug":"tu-no-ets-una-mare-com-les-altres-9788418132414","status":"publish","type":"product","link":"https:\/\/www.claret.cat\/es\/libro\/tu-no-ets-una-mare-com-les-altres-9788418132414\/","title":{"rendered":"TU NO ETS UNA MARE COM LES ALTRES"},"content":{"rendered":"<p>Tu no ets una mare com les altres \u00e9s una potent hist\u00f2ria real d&#8217;una mare fascinant i forta per\u00f2 al mateix temps plena de contradiccions i debilitats. <br \/>500.000 exemplars venuts a Alemanya. Premi dels Llibreters de Madrid al millor llibre de l&#8217;any. \u00ab La meva mare era tan complicada com un trencaclosques de mil peces, i jo en vaig haver de reunir tots els fragments i fer-los encaixar.\u00bb<br \/>Angelika Schrobsdorff reconstrueix la vida inconformista i real de la seva mare, l&#8217;Else, una dona nascuda en una fam\u00edlia de la burgesia jueva de Berl\u00edn que viur\u00e0 de ple els \u00abbojos anys vint\u00bb i que tindr\u00e0 tres fills de tres pares diferents, fidel a les dues promeses que es va fer de jove: viure la vida amb la m\u00e0xima intensitat i tenir un fill amb cada home que estim\u00e9s. Amb passi\u00f3 per\u00f2 sense compassi\u00f3, amb empatia i admiraci\u00f3, per\u00f2 alhora amb una mirada cr\u00edtica, Angelika Schrobsdorff ho explica amb dues veus diferents: la de la dona adulta, que coneix fins al fons l&#8217;\u00e0nima humana i, per tant, no jutja, i la de la nena i l&#8217;adolescent que reviuen els records d&#8217;aquella mare tan poderosa.<\/p>\n","protected":false},"excerpt":{"rendered":"<p>SCHROBSDORFF, ANGELIKA<\/p>\n","protected":false},"featured_media":113263,"template":"","meta":{"_acf_changed":false,"om_disable_all_campaigns":false,"rs_blank_template":"","rs_page_bg_color":"","slide_template_v7":"","inline_featured_image":false,"_monsterinsights_skip_tracking":false,"_monsterinsights_sitenote_active":false,"_monsterinsights_sitenote_note":"","_monsterinsights_sitenote_category":0},"product_brand":[],"product_cat":[127,130],"product_tag":[],"class_list":{"0":"post-113262","1":"product","2":"type-product","3":"status-publish","4":"has-post-thumbnail","6":"product_cat-novella-contemporania","7":"product_cat-novella-historica-i-ficcio","9":"first","10":"instock","11":"taxable","12":"shipping-taxable","13":"purchasable","14":"product-type-simple"},"acf":{"autor":"SCHROBSDORFF, ANGELIKA","codart":"841813241","libros-coleccion":"Narrativa","ediciones":"1","encuadernacion":"R\u00fastica","fecha_de_publicacion":"01\/03\/2020","novedad":"1","paginas":"608","subtitulo":"LA HIST\u00d2RIA D'UNA DONA APASSIONADA","orden":"0","portada":"0","idioma":"cat","editorial":[{"ID":147699,"post_author":"3","post_date":"2022-10-14 11:52:34","post_date_gmt":"2022-10-14 09:52:34","post_content":"","post_title":"Debutxaca","post_excerpt":"","post_status":"publish","comment_status":"closed","ping_status":"closed","post_password":"","post_name":"debutxaca","to_ping":"","pinged":"","post_modified":"2022-10-14 11:52:34","post_modified_gmt":"2022-10-14 09:52:34","post_content_filtered":"","post_parent":0,"guid":"http:\/\/dev.claret.cat\/editorial\/debutxaca\/","menu_order":0,"post_type":"editorial","post_mime_type":"","comment_count":"0","filter":"raw"}],"autores-libros":[{"ID":150466,"post_author":"3","post_date":"2022-10-14 14:33:11","post_date_gmt":"2022-10-14 12:33:11","post_content":"","post_title":"ANGELIKA SCHROBSDORFF","post_excerpt":"","post_status":"publish","comment_status":"closed","ping_status":"closed","post_password":"","post_name":"angelika-schrobsdorff","to_ping":"","pinged":"","post_modified":"2022-10-14 14:33:11","post_modified_gmt":"2022-10-14 12:33:11","post_content_filtered":"","post_parent":0,"guid":"http:\/\/dev.claret.cat\/autor\/angelika-schrobsdorff\/","menu_order":0,"post_type":"autor","post_mime_type":"","comment_count":"0","filter":"raw"}]},"aioseo_notices":[],"_links":{"self":[{"href":"https:\/\/www.claret.cat\/es\/wp-json\/wp\/v2\/product\/113262","targetHints":{"allow":["GET"]}}],"collection":[{"href":"https:\/\/www.claret.cat\/es\/wp-json\/wp\/v2\/product"}],"about":[{"href":"https:\/\/www.claret.cat\/es\/wp-json\/wp\/v2\/types\/product"}],"wp:featuredmedia":[{"embeddable":true,"href":"https:\/\/www.claret.cat\/es\/wp-json\/wp\/v2\/media\/113263"}],"wp:attachment":[{"href":"https:\/\/www.claret.cat\/es\/wp-json\/wp\/v2\/media?parent=113262"}],"wp:term":[{"taxonomy":"product_brand","embeddable":true,"href":"https:\/\/www.claret.cat\/es\/wp-json\/wp\/v2\/product_brand?post=113262"},{"taxonomy":"product_cat","embeddable":true,"href":"https:\/\/www.claret.cat\/es\/wp-json\/wp\/v2\/product_cat?post=113262"},{"taxonomy":"product_tag","embeddable":true,"href":"https:\/\/www.claret.cat\/es\/wp-json\/wp\/v2\/product_tag?post=113262"}],"curies":[{"name":"wp","href":"https:\/\/api.w.org\/{rel}","templated":true}]}}