{"id":113304,"date":"2022-10-12T14:30:46","date_gmt":"2022-10-12T12:30:46","guid":{"rendered":"http:\/\/dev.claret.cat\/producte\/boulder-2\/"},"modified":"2023-01-28T09:14:54","modified_gmt":"2023-01-28T08:14:54","slug":"boulder-9788439736967","status":"publish","type":"product","link":"https:\/\/www.claret.cat\/es\/libro\/boulder-9788439736967\/","title":{"rendered":"BOULDER"},"content":{"rendered":"<p>Despu\u00e9s del \u00e9xito de Permafrost, Boulder es la segunda novela del tr\u00edptico donde Eva Baltasar explora la vida, la voz y el cuerpo de tres mujeres. La protagonista de Boulder trabaja como cocinera en un viejo barco mercante. Es la situaci\u00f3n perfecta: soledad, el oc\u00e9ano, una cabina, alg\u00fan puerto en el que conocer mujeres y horas para encarar el tedio, para sentir la fuerza de la provisionalidad. Hasta que un d\u00eda una de ellas consigue que abandone el barco, acceda a vivir entre cuatro paredes y se implique en la gestaci\u00f3n asistida y en la educaci\u00f3n de un hijo. \u00bfQu\u00e9 ha hecho la maternidad con la mujer que en su momento conoci\u00f3 en un bar de la Patagonia? \u00bfQu\u00e9 har\u00e1 ella, animal enjaulado en una casa unifamiliar de Reikiavik? Todo ha variado excepto su apodo, Boulder: esas grandes piedras aisladas en medio del paisaje, expuestas a todo sin que nadie sepa de d\u00f3nde vienen ni porque est\u00e1n ah\u00ed.<\/p>\n","protected":false},"excerpt":{"rendered":"<p>BALTASAR, EVA<\/p>\n","protected":false},"featured_media":113305,"template":"","meta":{"_acf_changed":false,"om_disable_all_campaigns":false,"rs_blank_template":"","rs_page_bg_color":"","slide_template_v7":"","inline_featured_image":false,"_monsterinsights_skip_tracking":false,"_monsterinsights_sitenote_active":false,"_monsterinsights_sitenote_note":"","_monsterinsights_sitenote_category":0},"product_brand":[],"product_cat":[127],"product_tag":[],"class_list":{"0":"post-113304","1":"product","2":"type-product","3":"status-publish","4":"has-post-thumbnail","6":"product_cat-novella-contemporania","8":"first","9":"instock","10":"taxable","11":"shipping-taxable","12":"purchasable","13":"product-type-simple"},"acf":{"editorial":[{"ID":6290,"post_author":"3","post_date":"2022-07-28 17:49:01","post_date_gmt":"2022-07-28 15:49:01","post_content":"","post_title":"LITERATURA RANDOM HOUSE","post_excerpt":"","post_status":"publish","comment_status":"closed","ping_status":"closed","post_password":"","post_name":"literatura-random-house","to_ping":"","pinged":"","post_modified":"2022-07-28 17:49:01","post_modified_gmt":"2022-07-28 15:49:01","post_content_filtered":"","post_parent":0,"guid":"http:\/\/dev.claret.cat\/editorial\/literatura-random-house\/","menu_order":0,"post_type":"editorial","post_mime_type":"","comment_count":"0","filter":"raw"}],"autor":"BALTASAR, EVA","codart":"843973696","libros-coleccion":"Literatura","ediciones":"1","encuadernacion":"R\u00fastica","fecha_de_publicacion":"12\/03\/2020","novedad":"1","paginas":"120","subtitulo":"","orden":"0","portada":"0","idioma":"spa","autores-libros":[{"ID":155514,"post_author":"3","post_date":"2022-10-14 15:13:26","post_date_gmt":"2022-10-14 13:13:26","post_content":"","post_title":"EVA BALTASAR","post_excerpt":"","post_status":"publish","comment_status":"closed","ping_status":"closed","post_password":"","post_name":"eva-baltasar","to_ping":"","pinged":"","post_modified":"2022-10-14 15:13:26","post_modified_gmt":"2022-10-14 13:13:26","post_content_filtered":"","post_parent":0,"guid":"http:\/\/dev.claret.cat\/autor\/eva-baltasar\/","menu_order":0,"post_type":"autor","post_mime_type":"","comment_count":"0","filter":"raw"}]},"aioseo_notices":[],"_links":{"self":[{"href":"https:\/\/www.claret.cat\/es\/wp-json\/wp\/v2\/product\/113304","targetHints":{"allow":["GET"]}}],"collection":[{"href":"https:\/\/www.claret.cat\/es\/wp-json\/wp\/v2\/product"}],"about":[{"href":"https:\/\/www.claret.cat\/es\/wp-json\/wp\/v2\/types\/product"}],"wp:featuredmedia":[{"embeddable":true,"href":"https:\/\/www.claret.cat\/es\/wp-json\/wp\/v2\/media\/113305"}],"wp:attachment":[{"href":"https:\/\/www.claret.cat\/es\/wp-json\/wp\/v2\/media?parent=113304"}],"wp:term":[{"taxonomy":"product_brand","embeddable":true,"href":"https:\/\/www.claret.cat\/es\/wp-json\/wp\/v2\/product_brand?post=113304"},{"taxonomy":"product_cat","embeddable":true,"href":"https:\/\/www.claret.cat\/es\/wp-json\/wp\/v2\/product_cat?post=113304"},{"taxonomy":"product_tag","embeddable":true,"href":"https:\/\/www.claret.cat\/es\/wp-json\/wp\/v2\/product_tag?post=113304"}],"curies":[{"name":"wp","href":"https:\/\/api.w.org\/{rel}","templated":true}]}}